{"id":1093,"date":"2016-08-17T13:35:25","date_gmt":"2016-08-17T11:35:25","guid":{"rendered":"https:\/\/www.giraffen.com\/?page_id=1093"},"modified":"2016-08-17T13:35:25","modified_gmt":"2016-08-17T11:35:25","slug":"tack-for-din-bokning","status":"publish","type":"page","link":"https:\/\/www.giraffen.com\/en\/thanks-for-your-booking-2\/","title":{"rendered":"Thank you for your booking"},"content":{"rendered":"<p>Hello!<br \/>\nThank you for your booking for the Giraffe Flea Market on 8 September from 10am to 3pm!<br \/>\nThe reservation is binding and non-refundable in case of cancellation.<br \/>\nWe have reserved a table for you. In order to exclude double bookings etc, we will assign final table numbers after all bookings are finalised.<br \/>\nTable location will be communicated by email during week 36. NOTE! If you miss the confirmation and table placement email, please check your rubbish bin first. Otherwise, email info@giraffen.com.<br \/>\nPlease wait until after you have received the email with the table number to ask questions about your seat, before then we are not able to give you more information.<br \/>\nThank you very much for your booking!<br \/>\nGreetings and salutations<br \/>\nJenny Eberhardsson<br \/>\nCentre Manager Giraffen Shopping Centre<br \/>\ninfo@giraffen.com<br \/>\n072-039 42 92<\/p>","protected":false},"excerpt":{"rendered":"<p>Hej! Tack f\u00f6r din bokning till Giraffen Flea Market 8\/9 kl 10-15! Bokningen \u00e4r bindande och \u00e5terbetalas ej vid avbokning. Vi har reserverat ett bord till dig. F\u00f6r att utesluta dubbelbokningar etc tilldelar vi slutgiltigt bordsnummer efter att samtliga bokningar \u00e4r avslutade. Bordsplacering meddelas via mail under vecka 36. OBS! Saknar du bekr\u00e4ftelse- och bordsplaceringsmail, [&hellip;]<\/p>","protected":false},"author":2,"featured_media":3733,"parent":0,"menu_order":0,"comment_status":"closed","ping_status":"closed","template":"","meta":{"_et_pb_use_builder":"","_et_pb_old_content":"","_et_gb_content_width":"","inline_featured_image":false,"footnotes":""},"class_list":["post-1093","page","type-page","status-publish","has-post-thumbnail","hentry"],"yoast_head":"<!-- This site is optimized with the Yoast SEO plugin v27.5 - https:\/\/yoast.com\/product\/yoast-seo-wordpress\/ -->\n<title>Tack f\u00f6r din bokning - Giraffen.com<\/title>\n<meta name=\"robots\" content=\"index, follow, max-snippet:-1, max-image-preview:large, max-video-preview:-1\" \/>\n<link rel=\"canonical\" href=\"https:\/\/www.giraffen.com\/en\/thanks-for-your-booking-2\/\" \/>\n<meta property=\"og:locale\" content=\"en_GB\" \/>\n<meta property=\"og:type\" content=\"article\" \/>\n<meta property=\"og:title\" content=\"Tack f\u00f6r din bokning - Giraffen.com\" \/>\n<meta property=\"og:description\" content=\"Hej! Tack f\u00f6r din bokning till Giraffen Flea Market 8\/9 kl 10-15! Bokningen \u00e4r bindande och \u00e5terbetalas ej vid avbokning. Vi har reserverat ett bord till dig. F\u00f6r att utesluta dubbelbokningar etc tilldelar vi slutgiltigt bordsnummer efter att samtliga bokningar \u00e4r avslutade. Bordsplacering meddelas via mail under vecka 36. OBS! Saknar du bekr\u00e4ftelse- och bordsplaceringsmail, [&hellip;]\" \/>\n<meta property=\"og:url\" content=\"https:\/\/www.giraffen.com\/en\/thanks-for-your-booking-2\/\" \/>\n<meta property=\"og:site_name\" content=\"Giraffen.com\" \/>\n<meta property=\"og:image\" content=\"https:\/\/www.giraffen.com\/wp-content\/uploads\/2018\/03\/Flea_3.jpg\" \/>\n\t<meta property=\"og:image:width\" content=\"1476\" \/>\n\t<meta property=\"og:image:height\" content=\"474\" \/>\n\t<meta property=\"og:image:type\" content=\"image\/jpeg\" \/>\n<meta name=\"twitter:card\" content=\"summary_large_image\" \/>\n<meta name=\"twitter:label1\" content=\"Estimated reading time\" \/>\n\t<meta name=\"twitter:data1\" content=\"1 minute\" \/>\n<script type=\"application\/ld+json\" class=\"yoast-schema-graph\">{\"@context\":\"https:\\\/\\\/schema.org\",\"@graph\":[{\"@type\":\"WebPage\",\"@id\":\"https:\\\/\\\/www.giraffen.com\\\/tack-for-din-bokning\\\/\",\"url\":\"https:\\\/\\\/www.giraffen.com\\\/tack-for-din-bokning\\\/\",\"name\":\"Tack f\u00f6r din bokning - Giraffen.com\",\"isPartOf\":{\"@id\":\"https:\\\/\\\/www.giraffen.com\\\/en\\\/#website\"},\"primaryImageOfPage\":{\"@id\":\"https:\\\/\\\/www.giraffen.com\\\/tack-for-din-bokning\\\/#primaryimage\"},\"image\":{\"@id\":\"https:\\\/\\\/www.giraffen.com\\\/tack-for-din-bokning\\\/#primaryimage\"},\"thumbnailUrl\":\"https:\\\/\\\/www.giraffen.com\\\/wp-content\\\/uploads\\\/2018\\\/03\\\/Flea_3.jpg\",\"datePublished\":\"2016-08-17T11:35:25+00:00\",\"breadcrumb\":{\"@id\":\"https:\\\/\\\/www.giraffen.com\\\/tack-for-din-bokning\\\/#breadcrumb\"},\"inLanguage\":\"en-GB\",\"potentialAction\":[{\"@type\":\"ReadAction\",\"target\":[\"https:\\\/\\\/www.giraffen.com\\\/tack-for-din-bokning\\\/\"]}]},{\"@type\":\"ImageObject\",\"inLanguage\":\"en-GB\",\"@id\":\"https:\\\/\\\/www.giraffen.com\\\/tack-for-din-bokning\\\/#primaryimage\",\"url\":\"https:\\\/\\\/www.giraffen.com\\\/wp-content\\\/uploads\\\/2018\\\/03\\\/Flea_3.jpg\",\"contentUrl\":\"https:\\\/\\\/www.giraffen.com\\\/wp-content\\\/uploads\\\/2018\\\/03\\\/Flea_3.jpg\",\"width\":1476,\"height\":474},{\"@type\":\"BreadcrumbList\",\"@id\":\"https:\\\/\\\/www.giraffen.com\\\/tack-for-din-bokning\\\/#breadcrumb\",\"itemListElement\":[{\"@type\":\"ListItem\",\"position\":1,\"name\":\"Hem\",\"item\":\"https:\\\/\\\/www.giraffen.com\\\/en\\\/\"},{\"@type\":\"ListItem\",\"position\":2,\"name\":\"Tack f\u00f6r din bokning\"}]},{\"@type\":\"WebSite\",\"@id\":\"https:\\\/\\\/www.giraffen.com\\\/en\\\/#website\",\"url\":\"https:\\\/\\\/www.giraffen.com\\\/en\\\/\",\"name\":\"Giraffen.com\",\"description\":\"Giraffen\",\"publisher\":{\"@id\":\"https:\\\/\\\/www.giraffen.com\\\/en\\\/#organization\"},\"potentialAction\":[{\"@type\":\"SearchAction\",\"target\":{\"@type\":\"EntryPoint\",\"urlTemplate\":\"https:\\\/\\\/www.giraffen.com\\\/en\\\/?s={search_term_string}\"},\"query-input\":{\"@type\":\"PropertyValueSpecification\",\"valueRequired\":true,\"valueName\":\"search_term_string\"}}],\"inLanguage\":\"en-GB\"},{\"@type\":\"Organization\",\"@id\":\"https:\\\/\\\/www.giraffen.com\\\/en\\\/#organization\",\"name\":\"Kvarteret Giraffen\",\"url\":\"https:\\\/\\\/www.giraffen.com\\\/en\\\/\",\"logo\":{\"@type\":\"ImageObject\",\"inLanguage\":\"en-GB\",\"@id\":\"https:\\\/\\\/www.giraffen.com\\\/en\\\/#\\\/schema\\\/logo\\\/image\\\/\",\"url\":\"https:\\\/\\\/www.giraffen.com\\\/wp-content\\\/uploads\\\/2022\\\/05\\\/Giraffen-Logotyp-Blue-jpg-scaled-1.jpeg\",\"contentUrl\":\"https:\\\/\\\/www.giraffen.com\\\/wp-content\\\/uploads\\\/2022\\\/05\\\/Giraffen-Logotyp-Blue-jpg-scaled-1.jpeg\",\"width\":2560,\"height\":627,\"caption\":\"Kvarteret Giraffen\"},\"image\":{\"@id\":\"https:\\\/\\\/www.giraffen.com\\\/en\\\/#\\\/schema\\\/logo\\\/image\\\/\"}}]}<\/script>\n<!-- \/ Yoast SEO plugin. -->","yoast_head_json":{"title":"Tack f\u00f6r din bokning - Giraffen.com","robots":{"index":"index","follow":"follow","max-snippet":"max-snippet:-1","max-image-preview":"max-image-preview:large","max-video-preview":"max-video-preview:-1"},"canonical":"https:\/\/www.giraffen.com\/en\/thanks-for-your-booking-2\/","og_locale":"en_GB","og_type":"article","og_title":"Tack f\u00f6r din bokning - Giraffen.com","og_description":"Hej! Tack f\u00f6r din bokning till Giraffen Flea Market 8\/9 kl 10-15! Bokningen \u00e4r bindande och \u00e5terbetalas ej vid avbokning. Vi har reserverat ett bord till dig. F\u00f6r att utesluta dubbelbokningar etc tilldelar vi slutgiltigt bordsnummer efter att samtliga bokningar \u00e4r avslutade. Bordsplacering meddelas via mail under vecka 36. OBS! Saknar du bekr\u00e4ftelse- och bordsplaceringsmail, [&hellip;]","og_url":"https:\/\/www.giraffen.com\/en\/thanks-for-your-booking-2\/","og_site_name":"Giraffen.com","og_image":[{"width":1476,"height":474,"url":"https:\/\/www.giraffen.com\/wp-content\/uploads\/2018\/03\/Flea_3.jpg","type":"image\/jpeg"}],"twitter_card":"summary_large_image","twitter_misc":{"Estimated reading time":"1 minute"},"schema":{"@context":"https:\/\/schema.org","@graph":[{"@type":"WebPage","@id":"https:\/\/www.giraffen.com\/tack-for-din-bokning\/","url":"https:\/\/www.giraffen.com\/tack-for-din-bokning\/","name":"Tack f\u00f6r din bokning - Giraffen.com","isPartOf":{"@id":"https:\/\/www.giraffen.com\/en\/#website"},"primaryImageOfPage":{"@id":"https:\/\/www.giraffen.com\/tack-for-din-bokning\/#primaryimage"},"image":{"@id":"https:\/\/www.giraffen.com\/tack-for-din-bokning\/#primaryimage"},"thumbnailUrl":"https:\/\/www.giraffen.com\/wp-content\/uploads\/2018\/03\/Flea_3.jpg","datePublished":"2016-08-17T11:35:25+00:00","breadcrumb":{"@id":"https:\/\/www.giraffen.com\/tack-for-din-bokning\/#breadcrumb"},"inLanguage":"en-GB","potentialAction":[{"@type":"ReadAction","target":["https:\/\/www.giraffen.com\/tack-for-din-bokning\/"]}]},{"@type":"ImageObject","inLanguage":"en-GB","@id":"https:\/\/www.giraffen.com\/tack-for-din-bokning\/#primaryimage","url":"https:\/\/www.giraffen.com\/wp-content\/uploads\/2018\/03\/Flea_3.jpg","contentUrl":"https:\/\/www.giraffen.com\/wp-content\/uploads\/2018\/03\/Flea_3.jpg","width":1476,"height":474},{"@type":"BreadcrumbList","@id":"https:\/\/www.giraffen.com\/tack-for-din-bokning\/#breadcrumb","itemListElement":[{"@type":"ListItem","position":1,"name":"Hem","item":"https:\/\/www.giraffen.com\/en\/"},{"@type":"ListItem","position":2,"name":"Tack f\u00f6r din bokning"}]},{"@type":"WebSite","@id":"https:\/\/www.giraffen.com\/en\/#website","url":"https:\/\/www.giraffen.com\/en\/","name":"Giraffen.com","description":"Giraffen","publisher":{"@id":"https:\/\/www.giraffen.com\/en\/#organization"},"potentialAction":[{"@type":"SearchAction","target":{"@type":"EntryPoint","urlTemplate":"https:\/\/www.giraffen.com\/en\/?s={search_term_string}"},"query-input":{"@type":"PropertyValueSpecification","valueRequired":true,"valueName":"search_term_string"}}],"inLanguage":"en-GB"},{"@type":"Organization","@id":"https:\/\/www.giraffen.com\/en\/#organization","name":"Kvarteret Giraffen","url":"https:\/\/www.giraffen.com\/en\/","logo":{"@type":"ImageObject","inLanguage":"en-GB","@id":"https:\/\/www.giraffen.com\/en\/#\/schema\/logo\/image\/","url":"https:\/\/www.giraffen.com\/wp-content\/uploads\/2022\/05\/Giraffen-Logotyp-Blue-jpg-scaled-1.jpeg","contentUrl":"https:\/\/www.giraffen.com\/wp-content\/uploads\/2022\/05\/Giraffen-Logotyp-Blue-jpg-scaled-1.jpeg","width":2560,"height":627,"caption":"Kvarteret Giraffen"},"image":{"@id":"https:\/\/www.giraffen.com\/en\/#\/schema\/logo\/image\/"}}]}},"_links":{"self":[{"href":"https:\/\/www.giraffen.com\/en\/wp-json\/wp\/v2\/pages\/1093","targetHints":{"allow":["GET"]}}],"collection":[{"href":"https:\/\/www.giraffen.com\/en\/wp-json\/wp\/v2\/pages"}],"about":[{"href":"https:\/\/www.giraffen.com\/en\/wp-json\/wp\/v2\/types\/page"}],"author":[{"embeddable":true,"href":"https:\/\/www.giraffen.com\/en\/wp-json\/wp\/v2\/users\/2"}],"replies":[{"embeddable":true,"href":"https:\/\/www.giraffen.com\/en\/wp-json\/wp\/v2\/comments?post=1093"}],"version-history":[{"count":0,"href":"https:\/\/www.giraffen.com\/en\/wp-json\/wp\/v2\/pages\/1093\/revisions"}],"wp:featuredmedia":[{"embeddable":true,"href":"https:\/\/www.giraffen.com\/en\/wp-json\/wp\/v2\/media\/3733"}],"wp:attachment":[{"href":"https:\/\/www.giraffen.com\/en\/wp-json\/wp\/v2\/media?parent=1093"}],"curies":[{"name":"wp","href":"https:\/\/api.w.org\/{rel}","templated":true}]}}