{"id":24,"date":"2015-03-16T13:15:59","date_gmt":"2015-03-16T12:15:59","guid":{"rendered":"http:\/\/development\/2015giraffen.com\/?page_id=24"},"modified":"2026-03-03T12:53:11","modified_gmt":"2026-03-03T12:53:11","slug":"hitta-hit","status":"publish","type":"page","link":"https:\/\/www.giraffen.com\/en\/find-us\/","title":{"rendered":"Find us"},"content":{"rendered":"<p>[et_pb_section fb_built=\"1\u2033 _builder_version=\"4.16\u2033 _module_preset=\"default\" background_color=\"rgba(0,0,0,0.5)\" background_image=\"https:\/\/www.giraffen.com\/wp-content\/uploads\/2022\/05\/hitta.jpg\" background_position=\"top_right\" background_blend=\"multiply\" min_height=\"550px\" max_height=\"700px\" global_colors_info=\"{}\"][et_pb_row admin_label=\"Rubrik\" module_class=\"front-heading-row\" _builder_version=\"4.16\u2033 _module_preset=\"default\" custom_margin=\"9em|auto||auto|false|false\" global_colors_info=\"{}\"][et_pb_column type=\"4_4\u2033 _builder_version=\"4.16\u2033 _module_preset=\"default\" global_colors_info=\"{}\"][et_pb_text module_class=\"white\" _builder_version=\"4.16\u2033 _module_preset=\"default\" text_text_color=\"#FFFFFF\" header_text_align=\"centre\" header_text_color=\"#FFFFFF\" header_font_size=\"2.5em\" header_2_text_align=\"center\" header_2_text_color=\"#0d2746\u2033 header_2_font_size=\"2em\" header_3_text_align=\"center\" custom_margin=\"||0px||false|false\" global_colors_info=\"{}\"]<\/p>\n<h1>Find us<\/h1>\n<p>[\/et_pb_text][et_pb_divider colour=\"#FFFFFF\" divider_weight=\"10px\" _builder_version=\"4.16\u2033 _module_preset=\"default\" max_width=\"150px\" module_alignment=\"centre\" global_colors_info=\"{}\"][\/et_pb_divider][\/et_pb_column][\/et_pb_row][\/et_pb_section][et_pb_section fb_built=\"1\u2033 admin_label=\"section\" _builder_version=\"4.16\u2033 background_color=\"#f6f4eb\" global_colors_info=\"{}\"][et_pb_row admin_label=\"row\" _builder_version=\"4.16\u2033 background_size=\"initial\" background_position=\"top_left\" background_repeat=\"repeat\" global_colors_info=\"{}\"][et_pb_column type=\"4_4\u2033 _builder_version=\"4.16\u2033 custom_padding=\"|||\" global_colors_info=\"{}\" custom_padding__hover=\"|||\"][et_pb_text admin_label=\"Text\" _builder_version=\"4.16\u2033 text_font=\"GT Walsheim||||||||\" background_size=\"initial\" background_position=\"top_left\" background_repeat=\"repeat\" global_colors_info=\"{}\"]<\/p>\n<h3>Polhemsgatan 1-11, Verkstadsgatan 2-14, 392 39 Kalmar<\/h3>\n<div class=\"flexible-container\"><iframe loading=\"lazy\" src=\"https:\/\/www.google.com\/maps?f=q&amp;source=s_q&amp;hl=sv&amp;geocode=&amp;q=Giraffens+K%C3%B6pcentrums+F%C3%B6retagarf%C3%B6rening,+Verkstadsgatan,+Kalmar,+Sverige&amp;aq=0&amp;oq=giraffen&amp;sll=56.670236,16.340103&amp;sspn=0.013806,0.02502&amp;t=h&amp;ie=UTF8&amp;hq=Giraffens+K%C3%B6pcentrums+F%C3%B6retagarf%C3%B6rening,&amp;hnear=Verkstadsgatan,+Kalmar,+Sverige&amp;ll=56.670342,16.337131&amp;spn=0.002358,0.010504&amp;iwloc=near&amp;z=17&amp;output=embed\" width=\"100%\" height=\"400\" frameborder=\"0\" marginwidth=\"0\" marginheight=\"0\" scrolling=\"no\"><\/iframe><\/div>\n<h2><\/h2>\n<h2><\/h2>\n<h2>Buses<\/h2>\n<p>Bus 402, 404, 405, 421, 422 and other public transport have daily connections to Kvarteret Giraffen.<br \/>For comprehensive information about public transport please visit <a title=\"Kalmar County Transport\" href=\"http:\/\/www.klt.se\" target=\"_blank\" rel=\"noopener noreferrer\">klt.se<\/a>.<\/p>\n<p>[\/et_pb_text][\/et_pb_column][\/et_pb_row][\/et_pb_section][et_pb_section fb_built=\"1\u2033 admin_label=\"Map\" _builder_version=\"4.18.0\u2033 _module_preset=\"default\" custom_padding=\"0px||||false|false\" global_colors_info=\"{}\"][et_pb_row admin_label=\"Rubric\" _builder_version=\"4.16\u2033 _module_preset=\"default\" global_colors_info=\"{}\"][et_pb_column type=\"4_4\u2033 _builder_version=\"4.16\u2033 _module_preset=\"default\" global_colors_info=\"{}\"][et_pb_text _builder_version=\"4.16\u2033 _module_preset=\"default\" header_2_text_align=\"centre\" header_2_text_color=\"#0d2746\u2033 header_2_font_size=\"2em\" header_3_text_align=\"centre\" custom_margin=\"||0px||false|false\" global_colors_info=\"{}\"]<\/p>\n<h2>Find in the neighborhood<\/h2>\n<p>[\/et_pb_text][et_pb_divider colour=\"#0d2746\u2033 divider_weight=\"10px\" _builder_version=\"4.16\u2033 _module_preset=\"default\" max_width=\"150px\" module_alignment=\"center\" global_colors_info=\"{}\"][\/et_pb_divider][\/et_pb_column][\/et_pb_row][et_pb_row disabled_on=\"on|on|on\" _builder_version=\"4.16\u2033 _module_preset=\"default\" disabled=\"on\" global_colors_info=\"{}\"][et_pb_column type=\"4_4\u2033 _builder_version=\"4.16\u2033 _module_preset=\"default\" global_colors_info=\"{}\"][et_pb_code _builder_version=\"4.18.0\u2033 _module_preset=\"default\" global_colors_info=\"{}\"]<\/p>\n<div class=\"map-wrapper\"><!-- [et_pb_line_break_holder] --><\/p>\n<div class=\"map\"><img decoding=\"async\" class=\"svg-map\" src=\"https:\/\/www.giraffen.com\/wp-content\/uploads\/2025\/01\/Karta-25-01-10.svg\" \/><\/div>\n<p><!-- [et_pb_line_break_holder] --><\/p>\n<div class=\"map-info\"><div class='speech-bubble-wrapper'><\/div><div class='reseller-wrapper'><\/div><\/div>\n<p><!-- [et_pb_line_break_holder] --><\/div>\n<p>[\/et_pb_code][\/et_pb_column][\/et_pb_row][\/et_pb_section][et_pb_section fb_built=\"1\u2033 _builder_version=\"4.16\u2033 _module_preset=\"default\" custom_padding=\"0px||||false|false\" locked=\"off\" global_colors_info=\"{}\"][et_pb_row _builder_version=\"4.16\u2033 _module_preset=\"default\" global_colors_info=\"{}\"][et_pb_column type=\"4_4\u2033 _builder_version=\"4.16\u2033 _module_preset=\"default\" global_colors_info=\"{}\"][et_pb_code _builder_version=\"4.18.0\u2033 _module_preset=\"default\" global_colors_info=\"{}\"]<\/p>\n<div class=\"map-wrapper\"><!-- [et_pb_line_break_holder] --><\/p>\n<div class=\"map\"><img decoding=\"async\" class=\"svg-map\" src=\"https:\/\/www.giraffen.com\/wp-content\/uploads\/2025\/01\/Karta-25-01-15.svg\" \/><\/div>\n<p><!-- [et_pb_line_break_holder] --><\/p>\n<div class=\"map-info\"><div class='speech-bubble-wrapper'><\/div><div class='reseller-wrapper'><\/div><\/div>\n<p><!-- [et_pb_line_break_holder] --><\/div>\n<p>[\/et_pb_code][\/et_pb_column][\/et_pb_row][\/et_pb_section][et_pb_section fb_built=\"1\u2033 admin_label=\"Google street 360\u2033 _builder_version=\"4.18.0\u2033 _module_preset=\"default\" global_colors_info=\"{}\"][et_pb_row _builder_version=\"4.18.0\u2033 _module_preset=\"default\" global_colors_info=\"{}\"][et_pb_column type=\"4_4\u2033 _builder_version=\"4.18.0\u2033 _module_preset=\"default\" global_colors_info=\"{}\"][et_pb_text _builder_version=\"4.18.0\u2033 _module_preset=\"default\" global_colors_info=\"{}\"]<\/p>\n<h1 style=\"font-weight: 400;\"><strong>See what the Giraffe neighbourhood looks like inside!<\/strong><\/h1>\n<p><span>Click on the image below and move around by clicking on the arrows in the image.<\/span><\/p>\n<p>[\/et_pb_text][et_pb_code _builder_version=\"4.18.0\u2033 _module_preset=\"default\" global_colors_info=\"{}\"]<iframe src=\"https:\/\/www.google.com\/maps\/embed?pb=!4v1706690117358!6m8!1m7!1sCAoSLEFGMVFpcFBHc3ktcWJ5b1JWQUtKa3h1NFJoSmNEQjdjRDVSLUZCdC1EM2p1!2m2!1d56.67068103924639!2d16.33811179211219!3f276.2959691059277!4f27.796533478144482!5f0.7820865974627469\" width=\"1280\" height=\"720\" style=\"border:0;\" allowfullscreen=\"\" loading=\"lazy\" referrerpolicy=\"no-referrer-when-downgrade\"><\/iframe>[\/et_pb_code][\/et_pb_column][\/et_pb_row][\/et_pb_section]<\/p>","protected":false},"excerpt":{"rendered":"<p>Find herePolhemsgatan 1-11, Verkstadsgatan 2-14, 392 39 Kalmar Buses Buses 402, 404, 405, 421, 422 and N\u00e4rtrafiken serve Kvarteret Giraffen daily.For full information on public transport please visit klt.se.Find in Kvarteret<div class='speech-bubble-wrapper'><\/div><div class='reseller-wrapper'><\/div><div class='speech-bubble-wrapper'><\/div><div class='reseller-wrapper'><\/div>See what the Giraffe neighbourhood looks like inside! Click on the image below and walk around by clicking on the arrows in the image.<\/p>","protected":false},"author":2,"featured_media":0,"parent":0,"menu_order":0,"comment_status":"open","ping_status":"closed","template":"","meta":{"_et_pb_use_builder":"on","_et_pb_old_content":"<h3>Polhemsgatan 7\/Verkstadsgatan 4, 392 39 Kalmar<\/h3>\r\n[vagbeskrivning]\r\n<div class=\"flexible-container\"><iframe src=\"https:\/\/www.google.com\/maps?f=q&source=s_q&hl=sv&geocode=&q=Giraffens+K%C3%B6pcentrums+F%C3%B6retagarf%C3%B6rening,+Verkstadsgatan,+Kalmar,+Sverige&aq=0&oq=giraffen&sll=56.670236,16.340103&sspn=0.013806,0.02502&t=h&ie=UTF8&hq=Giraffens+K%C3%B6pcentrums+F%C3%B6retagarf%C3%B6rening,&hnear=Verkstadsgatan,+Kalmar,+Sverige&ll=56.670342,16.337131&spn=0.002358,0.010504&iwloc=near&z=17&output=embed\" width=\"100%\" height=\"400\" frameborder=\"0\" marginwidth=\"0\" marginheight=\"0\" scrolling=\"no\"><\/iframe><\/div>\r\n<h2>Bussar<\/h2>\r\nBuss 402, 404, 405, 421, 422 samt N\u00e4rtrafiken trafikerar Kvarteret Giraffen dagligen.\r\nF\u00f6r fullst\u00e4ndig information om kollektivtrafiken v\u00e4nligen bes\u00f6k <a title=\"Kalmar L\u00e4nstrafik\" href=\"http:\/\/www.klt.se\" target=\"_blank\" rel=\"noopener noreferrer\">klt.se<\/a>.","_et_gb_content_width":"","inline_featured_image":false,"footnotes":""},"class_list":["post-24","page","type-page","status-publish","hentry"],"yoast_head":"<!-- This site is optimized with the Yoast SEO plugin v27.3 - https:\/\/yoast.com\/product\/yoast-seo-wordpress\/ -->\n<title>Hitta hit - Kvarteret Giraffen i Kalmar<\/title>\n<meta name=\"robots\" content=\"index, follow, max-snippet:-1, max-image-preview:large, max-video-preview:-1\" \/>\n<link rel=\"canonical\" href=\"https:\/\/www.giraffen.com\/en\/find-us\/\" \/>\n<meta property=\"og:locale\" content=\"en_GB\" \/>\n<meta property=\"og:type\" content=\"article\" \/>\n<meta property=\"og:title\" content=\"Hitta hit - Kvarteret Giraffen i Kalmar\" \/>\n<meta property=\"og:description\" content=\"Hitta hitPolhemsgatan 1-11, Verkstadsgatan 2-14,\u00a0 392 39 Kalmar Bussar Buss 402, 404, 405, 421, 422 samt N\u00e4rtrafiken trafikerar Kvarteret Giraffen dagligen.F\u00f6r fullst\u00e4ndig information om kollektivtrafiken v\u00e4nligen bes\u00f6k klt.se.Hitta i KvarteretTitta hur Kvarteret Giraffen ser ut inomhus! Klicka p\u00e5 bilden nedan och g\u00e5 runt med hj\u00e4lp av att klicka p\u00e5 pilarna i bilden.\" \/>\n<meta property=\"og:url\" content=\"https:\/\/www.giraffen.com\/en\/find-us\/\" \/>\n<meta property=\"og:site_name\" content=\"Giraffen.com\" \/>\n<meta property=\"article:modified_time\" content=\"2026-03-03T12:53:11+00:00\" \/>\n<meta property=\"og:image\" content=\"https:\/\/www.giraffen.com\/wp-content\/uploads\/2025\/01\/Karta-25-01-10.svg\" \/>\n<meta name=\"twitter:card\" content=\"summary_large_image\" \/>\n<meta name=\"twitter:label1\" content=\"Estimated reading time\" \/>\n\t<meta name=\"twitter:data1\" content=\"1 minute\" \/>\n<script type=\"application\/ld+json\" class=\"yoast-schema-graph\">{\"@context\":\"https:\\\/\\\/schema.org\",\"@graph\":[{\"@type\":\"WebPage\",\"@id\":\"https:\\\/\\\/www.giraffen.com\\\/hitta-hit\\\/\",\"url\":\"https:\\\/\\\/www.giraffen.com\\\/hitta-hit\\\/\",\"name\":\"Hitta hit - Kvarteret Giraffen i Kalmar\",\"isPartOf\":{\"@id\":\"https:\\\/\\\/www.giraffen.com\\\/en\\\/#website\"},\"primaryImageOfPage\":{\"@id\":\"https:\\\/\\\/www.giraffen.com\\\/hitta-hit\\\/#primaryimage\"},\"image\":{\"@id\":\"https:\\\/\\\/www.giraffen.com\\\/hitta-hit\\\/#primaryimage\"},\"thumbnailUrl\":\"https:\\\/\\\/www.giraffen.com\\\/wp-content\\\/uploads\\\/2025\\\/01\\\/Karta-25-01-10.svg\",\"datePublished\":\"2015-03-16T12:15:59+00:00\",\"dateModified\":\"2026-03-03T12:53:11+00:00\",\"breadcrumb\":{\"@id\":\"https:\\\/\\\/www.giraffen.com\\\/hitta-hit\\\/#breadcrumb\"},\"inLanguage\":\"en-GB\",\"potentialAction\":[{\"@type\":\"ReadAction\",\"target\":[\"https:\\\/\\\/www.giraffen.com\\\/hitta-hit\\\/\"]}]},{\"@type\":\"ImageObject\",\"inLanguage\":\"en-GB\",\"@id\":\"https:\\\/\\\/www.giraffen.com\\\/hitta-hit\\\/#primaryimage\",\"url\":\"https:\\\/\\\/www.giraffen.com\\\/wp-content\\\/uploads\\\/2025\\\/01\\\/Karta-25-01-10.svg\",\"contentUrl\":\"https:\\\/\\\/www.giraffen.com\\\/wp-content\\\/uploads\\\/2025\\\/01\\\/Karta-25-01-10.svg\"},{\"@type\":\"BreadcrumbList\",\"@id\":\"https:\\\/\\\/www.giraffen.com\\\/hitta-hit\\\/#breadcrumb\",\"itemListElement\":[{\"@type\":\"ListItem\",\"position\":1,\"name\":\"Hem\",\"item\":\"https:\\\/\\\/www.giraffen.com\\\/en\\\/\"},{\"@type\":\"ListItem\",\"position\":2,\"name\":\"Hitta hit\"}]},{\"@type\":\"WebSite\",\"@id\":\"https:\\\/\\\/www.giraffen.com\\\/en\\\/#website\",\"url\":\"https:\\\/\\\/www.giraffen.com\\\/en\\\/\",\"name\":\"Giraffen.com\",\"description\":\"Giraffen\",\"publisher\":{\"@id\":\"https:\\\/\\\/www.giraffen.com\\\/en\\\/#organization\"},\"potentialAction\":[{\"@type\":\"SearchAction\",\"target\":{\"@type\":\"EntryPoint\",\"urlTemplate\":\"https:\\\/\\\/www.giraffen.com\\\/en\\\/?s={search_term_string}\"},\"query-input\":{\"@type\":\"PropertyValueSpecification\",\"valueRequired\":true,\"valueName\":\"search_term_string\"}}],\"inLanguage\":\"en-GB\"},{\"@type\":\"Organization\",\"@id\":\"https:\\\/\\\/www.giraffen.com\\\/en\\\/#organization\",\"name\":\"Kvarteret Giraffen\",\"url\":\"https:\\\/\\\/www.giraffen.com\\\/en\\\/\",\"logo\":{\"@type\":\"ImageObject\",\"inLanguage\":\"en-GB\",\"@id\":\"https:\\\/\\\/www.giraffen.com\\\/en\\\/#\\\/schema\\\/logo\\\/image\\\/\",\"url\":\"https:\\\/\\\/www.giraffen.com\\\/wp-content\\\/uploads\\\/2022\\\/05\\\/Giraffen-Logotyp-Blue-jpg-scaled-1.jpeg\",\"contentUrl\":\"https:\\\/\\\/www.giraffen.com\\\/wp-content\\\/uploads\\\/2022\\\/05\\\/Giraffen-Logotyp-Blue-jpg-scaled-1.jpeg\",\"width\":2560,\"height\":627,\"caption\":\"Kvarteret Giraffen\"},\"image\":{\"@id\":\"https:\\\/\\\/www.giraffen.com\\\/en\\\/#\\\/schema\\\/logo\\\/image\\\/\"}}]}<\/script>\n<!-- \/ Yoast SEO plugin. -->","yoast_head_json":{"title":"Hitta hit - Kvarteret Giraffen i Kalmar","robots":{"index":"index","follow":"follow","max-snippet":"max-snippet:-1","max-image-preview":"max-image-preview:large","max-video-preview":"max-video-preview:-1"},"canonical":"https:\/\/www.giraffen.com\/en\/find-us\/","og_locale":"en_GB","og_type":"article","og_title":"Hitta hit - Kvarteret Giraffen i Kalmar","og_description":"Hitta hitPolhemsgatan 1-11, Verkstadsgatan 2-14,\u00a0 392 39 Kalmar Bussar Buss 402, 404, 405, 421, 422 samt N\u00e4rtrafiken trafikerar Kvarteret Giraffen dagligen.F\u00f6r fullst\u00e4ndig information om kollektivtrafiken v\u00e4nligen bes\u00f6k klt.se.Hitta i KvarteretTitta hur Kvarteret Giraffen ser ut inomhus! Klicka p\u00e5 bilden nedan och g\u00e5 runt med hj\u00e4lp av att klicka p\u00e5 pilarna i bilden.","og_url":"https:\/\/www.giraffen.com\/en\/find-us\/","og_site_name":"Giraffen.com","article_modified_time":"2026-03-03T12:53:11+00:00","og_image":[{"url":"https:\/\/www.giraffen.com\/wp-content\/uploads\/2025\/01\/Karta-25-01-10.svg","type":"","width":"","height":""}],"twitter_card":"summary_large_image","twitter_misc":{"Estimated reading time":"1 minute"},"schema":{"@context":"https:\/\/schema.org","@graph":[{"@type":"WebPage","@id":"https:\/\/www.giraffen.com\/hitta-hit\/","url":"https:\/\/www.giraffen.com\/hitta-hit\/","name":"Hitta hit - Kvarteret Giraffen i Kalmar","isPartOf":{"@id":"https:\/\/www.giraffen.com\/en\/#website"},"primaryImageOfPage":{"@id":"https:\/\/www.giraffen.com\/hitta-hit\/#primaryimage"},"image":{"@id":"https:\/\/www.giraffen.com\/hitta-hit\/#primaryimage"},"thumbnailUrl":"https:\/\/www.giraffen.com\/wp-content\/uploads\/2025\/01\/Karta-25-01-10.svg","datePublished":"2015-03-16T12:15:59+00:00","dateModified":"2026-03-03T12:53:11+00:00","breadcrumb":{"@id":"https:\/\/www.giraffen.com\/hitta-hit\/#breadcrumb"},"inLanguage":"en-GB","potentialAction":[{"@type":"ReadAction","target":["https:\/\/www.giraffen.com\/hitta-hit\/"]}]},{"@type":"ImageObject","inLanguage":"en-GB","@id":"https:\/\/www.giraffen.com\/hitta-hit\/#primaryimage","url":"https:\/\/www.giraffen.com\/wp-content\/uploads\/2025\/01\/Karta-25-01-10.svg","contentUrl":"https:\/\/www.giraffen.com\/wp-content\/uploads\/2025\/01\/Karta-25-01-10.svg"},{"@type":"BreadcrumbList","@id":"https:\/\/www.giraffen.com\/hitta-hit\/#breadcrumb","itemListElement":[{"@type":"ListItem","position":1,"name":"Hem","item":"https:\/\/www.giraffen.com\/en\/"},{"@type":"ListItem","position":2,"name":"Hitta hit"}]},{"@type":"WebSite","@id":"https:\/\/www.giraffen.com\/en\/#website","url":"https:\/\/www.giraffen.com\/en\/","name":"Giraffen.com","description":"Giraffen","publisher":{"@id":"https:\/\/www.giraffen.com\/en\/#organization"},"potentialAction":[{"@type":"SearchAction","target":{"@type":"EntryPoint","urlTemplate":"https:\/\/www.giraffen.com\/en\/?s={search_term_string}"},"query-input":{"@type":"PropertyValueSpecification","valueRequired":true,"valueName":"search_term_string"}}],"inLanguage":"en-GB"},{"@type":"Organization","@id":"https:\/\/www.giraffen.com\/en\/#organization","name":"Kvarteret Giraffen","url":"https:\/\/www.giraffen.com\/en\/","logo":{"@type":"ImageObject","inLanguage":"en-GB","@id":"https:\/\/www.giraffen.com\/en\/#\/schema\/logo\/image\/","url":"https:\/\/www.giraffen.com\/wp-content\/uploads\/2022\/05\/Giraffen-Logotyp-Blue-jpg-scaled-1.jpeg","contentUrl":"https:\/\/www.giraffen.com\/wp-content\/uploads\/2022\/05\/Giraffen-Logotyp-Blue-jpg-scaled-1.jpeg","width":2560,"height":627,"caption":"Kvarteret Giraffen"},"image":{"@id":"https:\/\/www.giraffen.com\/en\/#\/schema\/logo\/image\/"}}]}},"_links":{"self":[{"href":"https:\/\/www.giraffen.com\/en\/wp-json\/wp\/v2\/pages\/24","targetHints":{"allow":["GET"]}}],"collection":[{"href":"https:\/\/www.giraffen.com\/en\/wp-json\/wp\/v2\/pages"}],"about":[{"href":"https:\/\/www.giraffen.com\/en\/wp-json\/wp\/v2\/types\/page"}],"author":[{"embeddable":true,"href":"https:\/\/www.giraffen.com\/en\/wp-json\/wp\/v2\/users\/2"}],"replies":[{"embeddable":true,"href":"https:\/\/www.giraffen.com\/en\/wp-json\/wp\/v2\/comments?post=24"}],"version-history":[{"count":1,"href":"https:\/\/www.giraffen.com\/en\/wp-json\/wp\/v2\/pages\/24\/revisions"}],"predecessor-version":[{"id":12053,"href":"https:\/\/www.giraffen.com\/en\/wp-json\/wp\/v2\/pages\/24\/revisions\/12053"}],"wp:attachment":[{"href":"https:\/\/www.giraffen.com\/en\/wp-json\/wp\/v2\/media?parent=24"}],"curies":[{"name":"wp","href":"https:\/\/api.w.org\/{rel}","templated":true}]}}