{"id":3273,"date":"2018-08-10T09:00:56","date_gmt":"2018-08-10T07:00:56","guid":{"rendered":"https:\/\/www.giraffen.com\/?page_id=3273"},"modified":"2018-08-10T09:00:56","modified_gmt":"2018-08-10T07:00:56","slug":"giraffen-flea-market","status":"publish","type":"page","link":"https:\/\/www.giraffen.com\/en\/giraffe-flea-market\/","title":{"rendered":"Giraffen Flea Market on 8\/9"},"content":{"rendered":"<p><strong>On Saturday 8 September from 10am to 3pm, it's time once again for the successful Giraffe Flea Market - a flea market for everyone. Here you have the opportunity to empty your wardrobes and basement storage and let your second-hand things get a new home. Win-win for everyone!<\/strong><br \/>\n<strong>Here's how to book:<\/strong><br \/>\nFill in the form via the button below. One (1) booking = one (1) table. If you want more tables, make more bookings. Please write in the message box if you have booked more tables and want them placed next to each other.<br \/>\nThe booking includes an area of approx. 4 x 1.5 m including a table of approx. 200 x 80 cm.<br \/>\nThe area is used freely, but must not be exceeded. Clothes racks are allowed. If you want a chair to sit on, you bring it yourself.<br \/>\nGood luck with your sale!<br \/>\nPayment is made at the time of booking. <strong>The enrolment is binding. Refund of the booking fee is not possible.<\/strong> The reservation is valid only after payment. <em>(Payment is handled by the Internet agency Gota Media AB.)<\/em><br \/>\nBooking and payment will be confirmed by email immediately after the booking is finalised. If you miss the email, please check your junk basket, otherwise contact <a href=\"mailto:info@giraffen.com\">info@giraffen.com<\/a>.<br \/>\n<strong>Cost:<\/strong> 250 per table.<br \/>\n<a href=\"https:\/\/www.giraffen.com\/wp-content\/uploads\/2017\/09\/fleamarket.png\" target=\"_blank\" rel=\"noopener\">Location, see map.<\/a><br \/>\n<img loading=\"lazy\" decoding=\"async\" class=\"aligncenter wp-image-3296 size-medium\" src=\"https:\/\/www.giraffen.com\/wp-content\/uploads\/2017\/09\/fleamarket-490x219.png\" alt=\"\" width=\"490\" height=\"219\" \/><br \/>\n&nbsp;<br \/>\nTable location will be sent in a separate email about 4 days before the flea market.<em> (If you are missing the confirmation and seating plan emails, please check your junk folder first. Otherwise, email <a href=\"mailto:info@giraffen.com\">info@giraffen.com<\/a>.)<\/em><br \/>\n<strong>A warm welcome with your booking!<\/strong><\/p>","protected":false},"excerpt":{"rendered":"<p>L\u00f6rdagen den 8\/9 kl 10-15 \u00e4r det \u00e5terigen dags f\u00f6r succ\u00e9n Giraffen Flea Market \u2013 en loppis f\u00f6r alla. H\u00e4r har du m\u00f6jlighet att t\u00f6mma dina garderober och k\u00e4llarf\u00f6rr\u00e5d och l\u00e5ta dina begagnade saker f\u00e5 ett nytt hem. Win-win f\u00f6r alla! S\u00e5 h\u00e4r bokar du: Fyll i formul\u00e4ret via knappen nedan. En (1) bokning = [&hellip;]<\/p>","protected":false},"author":2,"featured_media":3733,"parent":0,"menu_order":0,"comment_status":"closed","ping_status":"closed","template":"","meta":{"_et_pb_use_builder":"","_et_pb_old_content":"","_et_gb_content_width":"","inline_featured_image":false,"footnotes":""},"class_list":["post-3273","page","type-page","status-publish","has-post-thumbnail","hentry"],"yoast_head":"<!-- This site is optimized with the Yoast SEO plugin v27.5 - https:\/\/yoast.com\/product\/yoast-seo-wordpress\/ -->\n<title>Giraffen Flea Market den 8\/9 - Giraffen.com<\/title>\n<meta name=\"robots\" content=\"index, follow, max-snippet:-1, max-image-preview:large, max-video-preview:-1\" \/>\n<link rel=\"canonical\" href=\"https:\/\/www.giraffen.com\/en\/giraffe-flea-market\/\" \/>\n<meta property=\"og:locale\" content=\"en_GB\" \/>\n<meta property=\"og:type\" content=\"article\" \/>\n<meta property=\"og:title\" content=\"Giraffen Flea Market den 8\/9 - Giraffen.com\" \/>\n<meta property=\"og:description\" content=\"L\u00f6rdagen den 8\/9 kl 10-15 \u00e4r det \u00e5terigen dags f\u00f6r succ\u00e9n Giraffen Flea Market \u2013 en loppis f\u00f6r alla. H\u00e4r har du m\u00f6jlighet att t\u00f6mma dina garderober och k\u00e4llarf\u00f6rr\u00e5d och l\u00e5ta dina begagnade saker f\u00e5 ett nytt hem. Win-win f\u00f6r alla! S\u00e5 h\u00e4r bokar du: Fyll i formul\u00e4ret via knappen nedan. En (1) bokning = [&hellip;]\" \/>\n<meta property=\"og:url\" content=\"https:\/\/www.giraffen.com\/en\/giraffe-flea-market\/\" \/>\n<meta property=\"og:site_name\" content=\"Giraffen.com\" \/>\n<meta property=\"og:image\" content=\"https:\/\/www.giraffen.com\/wp-content\/uploads\/2018\/03\/Flea_3.jpg\" \/>\n\t<meta property=\"og:image:width\" content=\"1476\" \/>\n\t<meta property=\"og:image:height\" content=\"474\" \/>\n\t<meta property=\"og:image:type\" content=\"image\/jpeg\" \/>\n<meta name=\"twitter:card\" content=\"summary_large_image\" \/>\n<meta name=\"twitter:label1\" content=\"Estimated reading time\" \/>\n\t<meta name=\"twitter:data1\" content=\"1 minute\" \/>\n<script type=\"application\/ld+json\" class=\"yoast-schema-graph\">{\"@context\":\"https:\\\/\\\/schema.org\",\"@graph\":[{\"@type\":\"WebPage\",\"@id\":\"https:\\\/\\\/www.giraffen.com\\\/giraffen-flea-market\\\/\",\"url\":\"https:\\\/\\\/www.giraffen.com\\\/giraffen-flea-market\\\/\",\"name\":\"Giraffen Flea Market den 8\\\/9 - Giraffen.com\",\"isPartOf\":{\"@id\":\"https:\\\/\\\/www.giraffen.com\\\/en\\\/#website\"},\"primaryImageOfPage\":{\"@id\":\"https:\\\/\\\/www.giraffen.com\\\/giraffen-flea-market\\\/#primaryimage\"},\"image\":{\"@id\":\"https:\\\/\\\/www.giraffen.com\\\/giraffen-flea-market\\\/#primaryimage\"},\"thumbnailUrl\":\"https:\\\/\\\/www.giraffen.com\\\/wp-content\\\/uploads\\\/2018\\\/03\\\/Flea_3.jpg\",\"datePublished\":\"2018-08-10T07:00:56+00:00\",\"breadcrumb\":{\"@id\":\"https:\\\/\\\/www.giraffen.com\\\/giraffen-flea-market\\\/#breadcrumb\"},\"inLanguage\":\"en-GB\",\"potentialAction\":[{\"@type\":\"ReadAction\",\"target\":[\"https:\\\/\\\/www.giraffen.com\\\/giraffen-flea-market\\\/\"]}]},{\"@type\":\"ImageObject\",\"inLanguage\":\"en-GB\",\"@id\":\"https:\\\/\\\/www.giraffen.com\\\/giraffen-flea-market\\\/#primaryimage\",\"url\":\"https:\\\/\\\/www.giraffen.com\\\/wp-content\\\/uploads\\\/2018\\\/03\\\/Flea_3.jpg\",\"contentUrl\":\"https:\\\/\\\/www.giraffen.com\\\/wp-content\\\/uploads\\\/2018\\\/03\\\/Flea_3.jpg\",\"width\":1476,\"height\":474},{\"@type\":\"BreadcrumbList\",\"@id\":\"https:\\\/\\\/www.giraffen.com\\\/giraffen-flea-market\\\/#breadcrumb\",\"itemListElement\":[{\"@type\":\"ListItem\",\"position\":1,\"name\":\"Hem\",\"item\":\"https:\\\/\\\/www.giraffen.com\\\/en\\\/\"},{\"@type\":\"ListItem\",\"position\":2,\"name\":\"Giraffen Flea Market den 8\\\/9\"}]},{\"@type\":\"WebSite\",\"@id\":\"https:\\\/\\\/www.giraffen.com\\\/en\\\/#website\",\"url\":\"https:\\\/\\\/www.giraffen.com\\\/en\\\/\",\"name\":\"Giraffen.com\",\"description\":\"Giraffen\",\"publisher\":{\"@id\":\"https:\\\/\\\/www.giraffen.com\\\/en\\\/#organization\"},\"potentialAction\":[{\"@type\":\"SearchAction\",\"target\":{\"@type\":\"EntryPoint\",\"urlTemplate\":\"https:\\\/\\\/www.giraffen.com\\\/en\\\/?s={search_term_string}\"},\"query-input\":{\"@type\":\"PropertyValueSpecification\",\"valueRequired\":true,\"valueName\":\"search_term_string\"}}],\"inLanguage\":\"en-GB\"},{\"@type\":\"Organization\",\"@id\":\"https:\\\/\\\/www.giraffen.com\\\/en\\\/#organization\",\"name\":\"Kvarteret Giraffen\",\"url\":\"https:\\\/\\\/www.giraffen.com\\\/en\\\/\",\"logo\":{\"@type\":\"ImageObject\",\"inLanguage\":\"en-GB\",\"@id\":\"https:\\\/\\\/www.giraffen.com\\\/en\\\/#\\\/schema\\\/logo\\\/image\\\/\",\"url\":\"https:\\\/\\\/www.giraffen.com\\\/wp-content\\\/uploads\\\/2022\\\/05\\\/Giraffen-Logotyp-Blue-jpg-scaled-1.jpeg\",\"contentUrl\":\"https:\\\/\\\/www.giraffen.com\\\/wp-content\\\/uploads\\\/2022\\\/05\\\/Giraffen-Logotyp-Blue-jpg-scaled-1.jpeg\",\"width\":2560,\"height\":627,\"caption\":\"Kvarteret Giraffen\"},\"image\":{\"@id\":\"https:\\\/\\\/www.giraffen.com\\\/en\\\/#\\\/schema\\\/logo\\\/image\\\/\"}}]}<\/script>\n<!-- \/ Yoast SEO plugin. -->","yoast_head_json":{"title":"Giraffen Flea Market den 8\/9 - Giraffen.com","robots":{"index":"index","follow":"follow","max-snippet":"max-snippet:-1","max-image-preview":"max-image-preview:large","max-video-preview":"max-video-preview:-1"},"canonical":"https:\/\/www.giraffen.com\/en\/giraffe-flea-market\/","og_locale":"en_GB","og_type":"article","og_title":"Giraffen Flea Market den 8\/9 - Giraffen.com","og_description":"L\u00f6rdagen den 8\/9 kl 10-15 \u00e4r det \u00e5terigen dags f\u00f6r succ\u00e9n Giraffen Flea Market \u2013 en loppis f\u00f6r alla. H\u00e4r har du m\u00f6jlighet att t\u00f6mma dina garderober och k\u00e4llarf\u00f6rr\u00e5d och l\u00e5ta dina begagnade saker f\u00e5 ett nytt hem. Win-win f\u00f6r alla! S\u00e5 h\u00e4r bokar du: Fyll i formul\u00e4ret via knappen nedan. En (1) bokning = [&hellip;]","og_url":"https:\/\/www.giraffen.com\/en\/giraffe-flea-market\/","og_site_name":"Giraffen.com","og_image":[{"width":1476,"height":474,"url":"https:\/\/www.giraffen.com\/wp-content\/uploads\/2018\/03\/Flea_3.jpg","type":"image\/jpeg"}],"twitter_card":"summary_large_image","twitter_misc":{"Estimated reading time":"1 minute"},"schema":{"@context":"https:\/\/schema.org","@graph":[{"@type":"WebPage","@id":"https:\/\/www.giraffen.com\/giraffen-flea-market\/","url":"https:\/\/www.giraffen.com\/giraffen-flea-market\/","name":"Giraffen Flea Market den 8\/9 - Giraffen.com","isPartOf":{"@id":"https:\/\/www.giraffen.com\/en\/#website"},"primaryImageOfPage":{"@id":"https:\/\/www.giraffen.com\/giraffen-flea-market\/#primaryimage"},"image":{"@id":"https:\/\/www.giraffen.com\/giraffen-flea-market\/#primaryimage"},"thumbnailUrl":"https:\/\/www.giraffen.com\/wp-content\/uploads\/2018\/03\/Flea_3.jpg","datePublished":"2018-08-10T07:00:56+00:00","breadcrumb":{"@id":"https:\/\/www.giraffen.com\/giraffen-flea-market\/#breadcrumb"},"inLanguage":"en-GB","potentialAction":[{"@type":"ReadAction","target":["https:\/\/www.giraffen.com\/giraffen-flea-market\/"]}]},{"@type":"ImageObject","inLanguage":"en-GB","@id":"https:\/\/www.giraffen.com\/giraffen-flea-market\/#primaryimage","url":"https:\/\/www.giraffen.com\/wp-content\/uploads\/2018\/03\/Flea_3.jpg","contentUrl":"https:\/\/www.giraffen.com\/wp-content\/uploads\/2018\/03\/Flea_3.jpg","width":1476,"height":474},{"@type":"BreadcrumbList","@id":"https:\/\/www.giraffen.com\/giraffen-flea-market\/#breadcrumb","itemListElement":[{"@type":"ListItem","position":1,"name":"Hem","item":"https:\/\/www.giraffen.com\/en\/"},{"@type":"ListItem","position":2,"name":"Giraffen Flea Market den 8\/9"}]},{"@type":"WebSite","@id":"https:\/\/www.giraffen.com\/en\/#website","url":"https:\/\/www.giraffen.com\/en\/","name":"Giraffen.com","description":"Giraffen","publisher":{"@id":"https:\/\/www.giraffen.com\/en\/#organization"},"potentialAction":[{"@type":"SearchAction","target":{"@type":"EntryPoint","urlTemplate":"https:\/\/www.giraffen.com\/en\/?s={search_term_string}"},"query-input":{"@type":"PropertyValueSpecification","valueRequired":true,"valueName":"search_term_string"}}],"inLanguage":"en-GB"},{"@type":"Organization","@id":"https:\/\/www.giraffen.com\/en\/#organization","name":"Kvarteret Giraffen","url":"https:\/\/www.giraffen.com\/en\/","logo":{"@type":"ImageObject","inLanguage":"en-GB","@id":"https:\/\/www.giraffen.com\/en\/#\/schema\/logo\/image\/","url":"https:\/\/www.giraffen.com\/wp-content\/uploads\/2022\/05\/Giraffen-Logotyp-Blue-jpg-scaled-1.jpeg","contentUrl":"https:\/\/www.giraffen.com\/wp-content\/uploads\/2022\/05\/Giraffen-Logotyp-Blue-jpg-scaled-1.jpeg","width":2560,"height":627,"caption":"Kvarteret Giraffen"},"image":{"@id":"https:\/\/www.giraffen.com\/en\/#\/schema\/logo\/image\/"}}]}},"_links":{"self":[{"href":"https:\/\/www.giraffen.com\/en\/wp-json\/wp\/v2\/pages\/3273","targetHints":{"allow":["GET"]}}],"collection":[{"href":"https:\/\/www.giraffen.com\/en\/wp-json\/wp\/v2\/pages"}],"about":[{"href":"https:\/\/www.giraffen.com\/en\/wp-json\/wp\/v2\/types\/page"}],"author":[{"embeddable":true,"href":"https:\/\/www.giraffen.com\/en\/wp-json\/wp\/v2\/users\/2"}],"replies":[{"embeddable":true,"href":"https:\/\/www.giraffen.com\/en\/wp-json\/wp\/v2\/comments?post=3273"}],"version-history":[{"count":0,"href":"https:\/\/www.giraffen.com\/en\/wp-json\/wp\/v2\/pages\/3273\/revisions"}],"wp:featuredmedia":[{"embeddable":true,"href":"https:\/\/www.giraffen.com\/en\/wp-json\/wp\/v2\/media\/3733"}],"wp:attachment":[{"href":"https:\/\/www.giraffen.com\/en\/wp-json\/wp\/v2\/media?parent=3273"}],"curies":[{"name":"wp","href":"https:\/\/api.w.org\/{rel}","templated":true}]}}