{"id":3703,"date":"2018-02-14T13:58:35","date_gmt":"2018-02-14T12:58:35","guid":{"rendered":"https:\/\/www.giraffen.com\/?page_id=3703"},"modified":"2018-02-14T13:58:35","modified_gmt":"2018-02-14T12:58:35","slug":"resfeberfest","status":"publish","type":"page","link":"https:\/\/www.giraffen.com\/en\/resfeberfest-2\/","title":{"rendered":"Welcome to"},"content":{"rendered":"<p><img loading=\"lazy\" decoding=\"async\" class=\"aligncenter size-full wp-image-3690\" src=\"https:\/\/www.giraffen.com\/wp-content\/uploads\/2018\/01\/Webb_800x600.png\" alt=\"\" width=\"800\" height=\"600\" srcset=\"https:\/\/www.giraffen.com\/wp-content\/uploads\/2018\/01\/Webb_800x600.png 800w, https:\/\/www.giraffen.com\/wp-content\/uploads\/2018\/01\/Webb_800x600-480x360.png 480w\" sizes=\"auto, (min-width: 0px) and (max-width: 480px) 480px, (min-width: 481px) 800px, 100vw\" \/><br \/>\nTravel fever party with Lollo &amp; Bernie on Saturday 17 February!<br \/>\nIn the square outside Ginger (the new restaurant at Giraffen, opposite Coop) Lollo &amp; Bernie show off at 11, 12 and 13.<br \/>\nBetween shows they walk around and hug\u00a0<span class=\"read-more-text\">with all the children. Resia Kalmar and Ving are also on site during the day with great offers and competitions. <\/span><br \/>\n<span class=\"read-more-text\">We also have face painting, a fish pond and a treasure hunt (in the Maxi Gallery) for all children between 11am and 2pm. <\/span><br \/>\n<span class=\"read-more-text\">Welcome!<\/span><\/p>","protected":false},"excerpt":{"rendered":"<p>Resfeberfest med Lollo &amp; Bernie l\u00f6rdagen den 17\/2!! P\u00e5 torget utanf\u00f6r Ginger (nya restaurangen p\u00e5 Giraffen, mittemot Coop) showar Lollo &amp; Bernie loss kl 11, 12 och 13. Mellan showerna g\u00e5r de runt och kramas\u00a0med alla barn. Resia Kalmar och Ving \u00e4r ocks\u00e5 p\u00e5 plats under dagen med fina erbjudanden och t\u00e4vlingar. Vi har ocks\u00e5 [&hellip;]<\/p>","protected":false},"author":2,"featured_media":0,"parent":0,"menu_order":0,"comment_status":"closed","ping_status":"closed","template":"","meta":{"_et_pb_use_builder":"","_et_pb_old_content":"","_et_gb_content_width":"","inline_featured_image":false,"footnotes":""},"class_list":["post-3703","page","type-page","status-publish","hentry"],"yoast_head":"<!-- This site is optimized with the Yoast SEO plugin v27.5 - https:\/\/yoast.com\/product\/yoast-seo-wordpress\/ -->\n<title>V\u00e4lkommen till - Giraffen.com<\/title>\n<meta name=\"robots\" content=\"index, follow, max-snippet:-1, max-image-preview:large, max-video-preview:-1\" \/>\n<link rel=\"canonical\" href=\"https:\/\/www.giraffen.com\/en\/resfeberfest-2\/\" \/>\n<meta property=\"og:locale\" content=\"en_GB\" \/>\n<meta property=\"og:type\" content=\"article\" \/>\n<meta property=\"og:title\" content=\"V\u00e4lkommen till - Giraffen.com\" \/>\n<meta property=\"og:description\" content=\"Resfeberfest med Lollo &amp; Bernie l\u00f6rdagen den 17\/2!! P\u00e5 torget utanf\u00f6r Ginger (nya restaurangen p\u00e5 Giraffen, mittemot Coop) showar Lollo &amp; Bernie loss kl 11, 12 och 13. Mellan showerna g\u00e5r de runt och kramas\u00a0med alla barn. Resia Kalmar och Ving \u00e4r ocks\u00e5 p\u00e5 plats under dagen med fina erbjudanden och t\u00e4vlingar. Vi har ocks\u00e5 [&hellip;]\" \/>\n<meta property=\"og:url\" content=\"https:\/\/www.giraffen.com\/en\/resfeberfest-2\/\" \/>\n<meta property=\"og:site_name\" content=\"Giraffen.com\" \/>\n<meta property=\"og:image\" content=\"https:\/\/www.giraffen.com\/wp-content\/uploads\/2018\/01\/Webb_800x600.png\" \/>\n<meta name=\"twitter:card\" content=\"summary_large_image\" \/>\n<script type=\"application\/ld+json\" class=\"yoast-schema-graph\">{\"@context\":\"https:\\\/\\\/schema.org\",\"@graph\":[{\"@type\":\"WebPage\",\"@id\":\"https:\\\/\\\/www.giraffen.com\\\/resfeberfest\\\/\",\"url\":\"https:\\\/\\\/www.giraffen.com\\\/resfeberfest\\\/\",\"name\":\"V\u00e4lkommen till - Giraffen.com\",\"isPartOf\":{\"@id\":\"https:\\\/\\\/www.giraffen.com\\\/en\\\/#website\"},\"primaryImageOfPage\":{\"@id\":\"https:\\\/\\\/www.giraffen.com\\\/resfeberfest\\\/#primaryimage\"},\"image\":{\"@id\":\"https:\\\/\\\/www.giraffen.com\\\/resfeberfest\\\/#primaryimage\"},\"thumbnailUrl\":\"https:\\\/\\\/www.giraffen.com\\\/wp-content\\\/uploads\\\/2018\\\/01\\\/Webb_800x600.png\",\"datePublished\":\"2018-02-14T12:58:35+00:00\",\"breadcrumb\":{\"@id\":\"https:\\\/\\\/www.giraffen.com\\\/resfeberfest\\\/#breadcrumb\"},\"inLanguage\":\"en-GB\",\"potentialAction\":[{\"@type\":\"ReadAction\",\"target\":[\"https:\\\/\\\/www.giraffen.com\\\/resfeberfest\\\/\"]}]},{\"@type\":\"ImageObject\",\"inLanguage\":\"en-GB\",\"@id\":\"https:\\\/\\\/www.giraffen.com\\\/resfeberfest\\\/#primaryimage\",\"url\":\"https:\\\/\\\/www.giraffen.com\\\/wp-content\\\/uploads\\\/2018\\\/01\\\/Webb_800x600.png\",\"contentUrl\":\"https:\\\/\\\/www.giraffen.com\\\/wp-content\\\/uploads\\\/2018\\\/01\\\/Webb_800x600.png\"},{\"@type\":\"BreadcrumbList\",\"@id\":\"https:\\\/\\\/www.giraffen.com\\\/resfeberfest\\\/#breadcrumb\",\"itemListElement\":[{\"@type\":\"ListItem\",\"position\":1,\"name\":\"Hem\",\"item\":\"https:\\\/\\\/www.giraffen.com\\\/en\\\/\"},{\"@type\":\"ListItem\",\"position\":2,\"name\":\"V\u00e4lkommen till\"}]},{\"@type\":\"WebSite\",\"@id\":\"https:\\\/\\\/www.giraffen.com\\\/en\\\/#website\",\"url\":\"https:\\\/\\\/www.giraffen.com\\\/en\\\/\",\"name\":\"Giraffen.com\",\"description\":\"Giraffen\",\"publisher\":{\"@id\":\"https:\\\/\\\/www.giraffen.com\\\/en\\\/#organization\"},\"potentialAction\":[{\"@type\":\"SearchAction\",\"target\":{\"@type\":\"EntryPoint\",\"urlTemplate\":\"https:\\\/\\\/www.giraffen.com\\\/en\\\/?s={search_term_string}\"},\"query-input\":{\"@type\":\"PropertyValueSpecification\",\"valueRequired\":true,\"valueName\":\"search_term_string\"}}],\"inLanguage\":\"en-GB\"},{\"@type\":\"Organization\",\"@id\":\"https:\\\/\\\/www.giraffen.com\\\/en\\\/#organization\",\"name\":\"Kvarteret Giraffen\",\"url\":\"https:\\\/\\\/www.giraffen.com\\\/en\\\/\",\"logo\":{\"@type\":\"ImageObject\",\"inLanguage\":\"en-GB\",\"@id\":\"https:\\\/\\\/www.giraffen.com\\\/en\\\/#\\\/schema\\\/logo\\\/image\\\/\",\"url\":\"https:\\\/\\\/www.giraffen.com\\\/wp-content\\\/uploads\\\/2022\\\/05\\\/Giraffen-Logotyp-Blue-jpg-scaled-1.jpeg\",\"contentUrl\":\"https:\\\/\\\/www.giraffen.com\\\/wp-content\\\/uploads\\\/2022\\\/05\\\/Giraffen-Logotyp-Blue-jpg-scaled-1.jpeg\",\"width\":2560,\"height\":627,\"caption\":\"Kvarteret Giraffen\"},\"image\":{\"@id\":\"https:\\\/\\\/www.giraffen.com\\\/en\\\/#\\\/schema\\\/logo\\\/image\\\/\"}}]}<\/script>\n<!-- \/ Yoast SEO plugin. -->","yoast_head_json":{"title":"V\u00e4lkommen till - Giraffen.com","robots":{"index":"index","follow":"follow","max-snippet":"max-snippet:-1","max-image-preview":"max-image-preview:large","max-video-preview":"max-video-preview:-1"},"canonical":"https:\/\/www.giraffen.com\/en\/resfeberfest-2\/","og_locale":"en_GB","og_type":"article","og_title":"V\u00e4lkommen till - Giraffen.com","og_description":"Resfeberfest med Lollo &amp; Bernie l\u00f6rdagen den 17\/2!! P\u00e5 torget utanf\u00f6r Ginger (nya restaurangen p\u00e5 Giraffen, mittemot Coop) showar Lollo &amp; Bernie loss kl 11, 12 och 13. Mellan showerna g\u00e5r de runt och kramas\u00a0med alla barn. Resia Kalmar och Ving \u00e4r ocks\u00e5 p\u00e5 plats under dagen med fina erbjudanden och t\u00e4vlingar. Vi har ocks\u00e5 [&hellip;]","og_url":"https:\/\/www.giraffen.com\/en\/resfeberfest-2\/","og_site_name":"Giraffen.com","og_image":[{"url":"https:\/\/www.giraffen.com\/wp-content\/uploads\/2018\/01\/Webb_800x600.png","type":"","width":"","height":""}],"twitter_card":"summary_large_image","schema":{"@context":"https:\/\/schema.org","@graph":[{"@type":"WebPage","@id":"https:\/\/www.giraffen.com\/resfeberfest\/","url":"https:\/\/www.giraffen.com\/resfeberfest\/","name":"V\u00e4lkommen till - Giraffen.com","isPartOf":{"@id":"https:\/\/www.giraffen.com\/en\/#website"},"primaryImageOfPage":{"@id":"https:\/\/www.giraffen.com\/resfeberfest\/#primaryimage"},"image":{"@id":"https:\/\/www.giraffen.com\/resfeberfest\/#primaryimage"},"thumbnailUrl":"https:\/\/www.giraffen.com\/wp-content\/uploads\/2018\/01\/Webb_800x600.png","datePublished":"2018-02-14T12:58:35+00:00","breadcrumb":{"@id":"https:\/\/www.giraffen.com\/resfeberfest\/#breadcrumb"},"inLanguage":"en-GB","potentialAction":[{"@type":"ReadAction","target":["https:\/\/www.giraffen.com\/resfeberfest\/"]}]},{"@type":"ImageObject","inLanguage":"en-GB","@id":"https:\/\/www.giraffen.com\/resfeberfest\/#primaryimage","url":"https:\/\/www.giraffen.com\/wp-content\/uploads\/2018\/01\/Webb_800x600.png","contentUrl":"https:\/\/www.giraffen.com\/wp-content\/uploads\/2018\/01\/Webb_800x600.png"},{"@type":"BreadcrumbList","@id":"https:\/\/www.giraffen.com\/resfeberfest\/#breadcrumb","itemListElement":[{"@type":"ListItem","position":1,"name":"Hem","item":"https:\/\/www.giraffen.com\/en\/"},{"@type":"ListItem","position":2,"name":"V\u00e4lkommen till"}]},{"@type":"WebSite","@id":"https:\/\/www.giraffen.com\/en\/#website","url":"https:\/\/www.giraffen.com\/en\/","name":"Giraffen.com","description":"Giraffen","publisher":{"@id":"https:\/\/www.giraffen.com\/en\/#organization"},"potentialAction":[{"@type":"SearchAction","target":{"@type":"EntryPoint","urlTemplate":"https:\/\/www.giraffen.com\/en\/?s={search_term_string}"},"query-input":{"@type":"PropertyValueSpecification","valueRequired":true,"valueName":"search_term_string"}}],"inLanguage":"en-GB"},{"@type":"Organization","@id":"https:\/\/www.giraffen.com\/en\/#organization","name":"Kvarteret Giraffen","url":"https:\/\/www.giraffen.com\/en\/","logo":{"@type":"ImageObject","inLanguage":"en-GB","@id":"https:\/\/www.giraffen.com\/en\/#\/schema\/logo\/image\/","url":"https:\/\/www.giraffen.com\/wp-content\/uploads\/2022\/05\/Giraffen-Logotyp-Blue-jpg-scaled-1.jpeg","contentUrl":"https:\/\/www.giraffen.com\/wp-content\/uploads\/2022\/05\/Giraffen-Logotyp-Blue-jpg-scaled-1.jpeg","width":2560,"height":627,"caption":"Kvarteret Giraffen"},"image":{"@id":"https:\/\/www.giraffen.com\/en\/#\/schema\/logo\/image\/"}}]}},"_links":{"self":[{"href":"https:\/\/www.giraffen.com\/en\/wp-json\/wp\/v2\/pages\/3703","targetHints":{"allow":["GET"]}}],"collection":[{"href":"https:\/\/www.giraffen.com\/en\/wp-json\/wp\/v2\/pages"}],"about":[{"href":"https:\/\/www.giraffen.com\/en\/wp-json\/wp\/v2\/types\/page"}],"author":[{"embeddable":true,"href":"https:\/\/www.giraffen.com\/en\/wp-json\/wp\/v2\/users\/2"}],"replies":[{"embeddable":true,"href":"https:\/\/www.giraffen.com\/en\/wp-json\/wp\/v2\/comments?post=3703"}],"version-history":[{"count":0,"href":"https:\/\/www.giraffen.com\/en\/wp-json\/wp\/v2\/pages\/3703\/revisions"}],"wp:attachment":[{"href":"https:\/\/www.giraffen.com\/en\/wp-json\/wp\/v2\/media?parent=3703"}],"curies":[{"name":"wp","href":"https:\/\/api.w.org\/{rel}","templated":true}]}}