{"id":3845,"date":"2018-05-14T14:42:12","date_gmt":"2018-05-14T12:42:12","guid":{"rendered":"https:\/\/www.giraffen.com\/?page_id=3845"},"modified":"2018-05-14T14:42:12","modified_gmt":"2018-05-14T12:42:12","slug":"familjefest-26-5","status":"publish","type":"page","link":"https:\/\/www.giraffen.com\/en\/family-party-26-5\/","title":{"rendered":"Family party 26 May"},"content":{"rendered":"<p style=\"text-align: left;\"><img loading=\"lazy\" decoding=\"async\" class=\"alignright wp-image-3842 size-medium\" src=\"https:\/\/www.giraffen.com\/wp-content\/uploads\/2018\/05\/Familjefest_800x600-490x368.png\" alt=\"\" width=\"490\" height=\"368\" \/>Now it's time again for a real lattjolajban Family Party at Giraffen! We have loaded up with lots of fun activities for the whole family between 11-14:<\/p>\n<p style=\"text-align: left;\"><strong>12.00 noon:<\/strong> TEAM LISELOTTE - the giant choir sings into summer. Guest performance:<br \/>\nPutte Nelsson. Location: former Chilli restaurant, next to Sportringen<br \/>\n<strong>at 11.00 and 13.30:<\/strong> Sample from this summer's performance with Lasse Maja's Detective Agency. Location: former Chilli restaurant, next to Sportringen<br \/>\n<strong>at 11.30 and 13.00:<\/strong> Place penalties on Kalmar FF players and Affe Giraff. Location: In the car park in front of Coop<br \/>\nIn addition:<br \/>\nPlay in the big obstacle course and try the mechanical bull. Location: car park in front of Coop<br \/>\nThe fire brigade and ambulance are on site and show their vehicles. Location: car park in front of Coop<br \/>\nPaint a whole wall full of summer together with Ulrica at Crevia. Location: outside Maxi's front store<br \/>\nChildren's detective tour - Solve the mystery of the Giraffe together with Lasse Maja. Start: After Lasse Maja's performance at the stage in the former Chilli venue<br \/>\nFace painting and braiding studio. Location: in the Maxi shopping centre<br \/>\nFish pond. Location: in the Maxi shopping centre outside Intersport<br \/>\nPhoto booth bus. Location: Photo booth at the main Maxi entrance<br \/>\nA warm welcome to a real family party at Giraffen ????<\/p>\n<h3 style=\"font-weight: 400; text-align: left;\">RETAIL OFFERS:<\/h3>\n<p style=\"text-align: left;\"><strong>CHANGE<\/strong> - Buy 6 items, get 50% discount! In-store competition to win gift vouchers!<br \/>\n<strong>COOP<\/strong> - Bananas 10:-\/kg, max 3 kg\/customer! Glitter ropes, ice cream, fruit and biscuits for all children!<br \/>\n<strong>FLYING TIGER COPENHAGEN<\/strong> - Tip walk in the shop with great prizes! Rock ring and darts competition!<br \/>\n<strong>HAIRDRESSER HANS &amp; JAN<\/strong> - Selected hair care products 50:-\/p %0% discount on perfumes!<br \/>\n<strong>GERDAS TEA &amp; COFFEE SHOP<\/strong> - 50% discount on self-imported Spanish chocolate and mango marmalade! Birgittas Matbod offers a tasting!<br \/>\n<strong>INTERSPORT<\/strong> - 25% discount on all football shoes!<br \/>\n<strong>LIFE<\/strong> - Goodie bag for the first 30 shoppers! Bid in store!<br \/>\n<strong>LINDEX<\/strong> - 25% discount on all women's dresses!<br \/>\n<strong>MC DONALDS<\/strong> - Small Frappe 10:-!<br \/>\n<strong>MAXI ICA SUPERMARKET<\/strong> - Buy 2 bags of OLW Chips \/ Cheeseburgers 160-175 gr for 15:- (op 14:95:-\/p)!<br \/>\n<strong>MOBILIZERA<\/strong> - Party in store with coffee, juice, cakes and more!<br \/>\n<strong>TECHNOLOGY MAGAZINE<\/strong> - 20% discount on all kickbikes and boards! Valid 26-27\/5.<br \/>\n<strong>TRE<\/strong> - 20% discount on shell and glass protection!<br \/>\n<strong>SPECSAVERS<\/strong> - 20% discount sunglasses from Polaroid!<br \/>\n<strong>SYNOPTICS<\/strong> - 25% discount on ALL sunglasses!<br \/>\n<strong>\u00d6oB<\/strong>\u00a0- Camping chair 59:- (o.p 99:-)!<\/p>\n<p style=\"text-align: left;\">All offers valid only on Saturday 26 May unless otherwise stated. Valid on regular prices and cannot be combined with other offers.<\/p>","protected":false},"excerpt":{"rendered":"<p>Now it's time again for a real lattjolajban Family Party at Giraffen! We have loaded up with lots of fun activities for the whole family between 11-14: 12.00: TEAM LISELOTTE - the giant choir sings into the summer. Guest performance: Putte Nelsson. Venue: the former Chilli venue, next to Sportringen at 11.00 and 13.30: A sample of this summer's show with Lasse Maja's Detective Agency. [...]<\/p>","protected":false},"author":2,"featured_media":0,"parent":0,"menu_order":0,"comment_status":"closed","ping_status":"closed","template":"","meta":{"_et_pb_use_builder":"","_et_pb_old_content":"","_et_gb_content_width":"","inline_featured_image":false,"footnotes":""},"class_list":["post-3845","page","type-page","status-publish","hentry"],"yoast_head":"<!-- This site is optimized with the Yoast SEO plugin v27.4 - https:\/\/yoast.com\/product\/yoast-seo-wordpress\/ -->\n<title>Familjefest 26\/5 - Giraffen.com<\/title>\n<meta name=\"robots\" content=\"index, follow, max-snippet:-1, max-image-preview:large, max-video-preview:-1\" \/>\n<link rel=\"canonical\" href=\"https:\/\/www.giraffen.com\/en\/family-party-26-5\/\" \/>\n<meta property=\"og:locale\" content=\"en_GB\" \/>\n<meta property=\"og:type\" content=\"article\" \/>\n<meta property=\"og:title\" content=\"Familjefest 26\/5 - Giraffen.com\" \/>\n<meta property=\"og:description\" content=\"Nu \u00e4r det dags igen f\u00f6r en riktig lattjolajbans Familjefest p\u00e5 Giraffen! Vi har laddat upp med massa kul aktiviteter f\u00f6r hela familjen mellan kl 11-14: kl 12.00: TEAM LISELOTTE \u2013 j\u00e4ttek\u00f6ren sjunger in sommaren. G\u00e4stframtr\u00e4dande: Putte Nelsson. Plats: fd Chilli-lokalen, bredvid Sportringen kl 11.00 och 13.30: Smakprov ur sommarens f\u00f6rest\u00e4llning med Lasse Majas Detektivbyr\u00e5. [&hellip;]\" \/>\n<meta property=\"og:url\" content=\"https:\/\/www.giraffen.com\/en\/family-party-26-5\/\" \/>\n<meta property=\"og:site_name\" content=\"Giraffen.com\" \/>\n<meta property=\"og:image\" content=\"https:\/\/www.giraffen.com\/wp-content\/uploads\/2018\/05\/Familjefest_800x600-490x368.png\" \/>\n<meta name=\"twitter:card\" content=\"summary_large_image\" \/>\n<meta name=\"twitter:label1\" content=\"Estimated reading time\" \/>\n\t<meta name=\"twitter:data1\" content=\"2 minutes\" \/>\n<script type=\"application\/ld+json\" class=\"yoast-schema-graph\">{\"@context\":\"https:\\\/\\\/schema.org\",\"@graph\":[{\"@type\":\"WebPage\",\"@id\":\"https:\\\/\\\/www.giraffen.com\\\/familjefest-26-5\\\/\",\"url\":\"https:\\\/\\\/www.giraffen.com\\\/familjefest-26-5\\\/\",\"name\":\"Familjefest 26\\\/5 - Giraffen.com\",\"isPartOf\":{\"@id\":\"https:\\\/\\\/www.giraffen.com\\\/en\\\/#website\"},\"primaryImageOfPage\":{\"@id\":\"https:\\\/\\\/www.giraffen.com\\\/familjefest-26-5\\\/#primaryimage\"},\"image\":{\"@id\":\"https:\\\/\\\/www.giraffen.com\\\/familjefest-26-5\\\/#primaryimage\"},\"thumbnailUrl\":\"https:\\\/\\\/www.giraffen.com\\\/wp-content\\\/uploads\\\/2018\\\/05\\\/Familjefest_800x600-490x368.png\",\"datePublished\":\"2018-05-14T12:42:12+00:00\",\"breadcrumb\":{\"@id\":\"https:\\\/\\\/www.giraffen.com\\\/familjefest-26-5\\\/#breadcrumb\"},\"inLanguage\":\"en-GB\",\"potentialAction\":[{\"@type\":\"ReadAction\",\"target\":[\"https:\\\/\\\/www.giraffen.com\\\/familjefest-26-5\\\/\"]}]},{\"@type\":\"ImageObject\",\"inLanguage\":\"en-GB\",\"@id\":\"https:\\\/\\\/www.giraffen.com\\\/familjefest-26-5\\\/#primaryimage\",\"url\":\"https:\\\/\\\/www.giraffen.com\\\/wp-content\\\/uploads\\\/2018\\\/05\\\/Familjefest_800x600-490x368.png\",\"contentUrl\":\"https:\\\/\\\/www.giraffen.com\\\/wp-content\\\/uploads\\\/2018\\\/05\\\/Familjefest_800x600-490x368.png\"},{\"@type\":\"BreadcrumbList\",\"@id\":\"https:\\\/\\\/www.giraffen.com\\\/familjefest-26-5\\\/#breadcrumb\",\"itemListElement\":[{\"@type\":\"ListItem\",\"position\":1,\"name\":\"Hem\",\"item\":\"https:\\\/\\\/www.giraffen.com\\\/en\\\/\"},{\"@type\":\"ListItem\",\"position\":2,\"name\":\"Familjefest 26\\\/5\"}]},{\"@type\":\"WebSite\",\"@id\":\"https:\\\/\\\/www.giraffen.com\\\/en\\\/#website\",\"url\":\"https:\\\/\\\/www.giraffen.com\\\/en\\\/\",\"name\":\"Giraffen.com\",\"description\":\"Giraffen\",\"publisher\":{\"@id\":\"https:\\\/\\\/www.giraffen.com\\\/en\\\/#organization\"},\"potentialAction\":[{\"@type\":\"SearchAction\",\"target\":{\"@type\":\"EntryPoint\",\"urlTemplate\":\"https:\\\/\\\/www.giraffen.com\\\/en\\\/?s={search_term_string}\"},\"query-input\":{\"@type\":\"PropertyValueSpecification\",\"valueRequired\":true,\"valueName\":\"search_term_string\"}}],\"inLanguage\":\"en-GB\"},{\"@type\":\"Organization\",\"@id\":\"https:\\\/\\\/www.giraffen.com\\\/en\\\/#organization\",\"name\":\"Kvarteret Giraffen\",\"url\":\"https:\\\/\\\/www.giraffen.com\\\/en\\\/\",\"logo\":{\"@type\":\"ImageObject\",\"inLanguage\":\"en-GB\",\"@id\":\"https:\\\/\\\/www.giraffen.com\\\/en\\\/#\\\/schema\\\/logo\\\/image\\\/\",\"url\":\"https:\\\/\\\/www.giraffen.com\\\/wp-content\\\/uploads\\\/2022\\\/05\\\/Giraffen-Logotyp-Blue-jpg-scaled-1.jpeg\",\"contentUrl\":\"https:\\\/\\\/www.giraffen.com\\\/wp-content\\\/uploads\\\/2022\\\/05\\\/Giraffen-Logotyp-Blue-jpg-scaled-1.jpeg\",\"width\":2560,\"height\":627,\"caption\":\"Kvarteret Giraffen\"},\"image\":{\"@id\":\"https:\\\/\\\/www.giraffen.com\\\/en\\\/#\\\/schema\\\/logo\\\/image\\\/\"}}]}<\/script>\n<!-- \/ Yoast SEO plugin. -->","yoast_head_json":{"title":"Familjefest 26\/5 - Giraffen.com","robots":{"index":"index","follow":"follow","max-snippet":"max-snippet:-1","max-image-preview":"max-image-preview:large","max-video-preview":"max-video-preview:-1"},"canonical":"https:\/\/www.giraffen.com\/en\/family-party-26-5\/","og_locale":"en_GB","og_type":"article","og_title":"Familjefest 26\/5 - Giraffen.com","og_description":"Nu \u00e4r det dags igen f\u00f6r en riktig lattjolajbans Familjefest p\u00e5 Giraffen! Vi har laddat upp med massa kul aktiviteter f\u00f6r hela familjen mellan kl 11-14: kl 12.00: TEAM LISELOTTE \u2013 j\u00e4ttek\u00f6ren sjunger in sommaren. G\u00e4stframtr\u00e4dande: Putte Nelsson. Plats: fd Chilli-lokalen, bredvid Sportringen kl 11.00 och 13.30: Smakprov ur sommarens f\u00f6rest\u00e4llning med Lasse Majas Detektivbyr\u00e5. [&hellip;]","og_url":"https:\/\/www.giraffen.com\/en\/family-party-26-5\/","og_site_name":"Giraffen.com","og_image":[{"url":"https:\/\/www.giraffen.com\/wp-content\/uploads\/2018\/05\/Familjefest_800x600-490x368.png","type":"","width":"","height":""}],"twitter_card":"summary_large_image","twitter_misc":{"Estimated reading time":"2 minutes"},"schema":{"@context":"https:\/\/schema.org","@graph":[{"@type":"WebPage","@id":"https:\/\/www.giraffen.com\/familjefest-26-5\/","url":"https:\/\/www.giraffen.com\/familjefest-26-5\/","name":"Familjefest 26\/5 - Giraffen.com","isPartOf":{"@id":"https:\/\/www.giraffen.com\/en\/#website"},"primaryImageOfPage":{"@id":"https:\/\/www.giraffen.com\/familjefest-26-5\/#primaryimage"},"image":{"@id":"https:\/\/www.giraffen.com\/familjefest-26-5\/#primaryimage"},"thumbnailUrl":"https:\/\/www.giraffen.com\/wp-content\/uploads\/2018\/05\/Familjefest_800x600-490x368.png","datePublished":"2018-05-14T12:42:12+00:00","breadcrumb":{"@id":"https:\/\/www.giraffen.com\/familjefest-26-5\/#breadcrumb"},"inLanguage":"en-GB","potentialAction":[{"@type":"ReadAction","target":["https:\/\/www.giraffen.com\/familjefest-26-5\/"]}]},{"@type":"ImageObject","inLanguage":"en-GB","@id":"https:\/\/www.giraffen.com\/familjefest-26-5\/#primaryimage","url":"https:\/\/www.giraffen.com\/wp-content\/uploads\/2018\/05\/Familjefest_800x600-490x368.png","contentUrl":"https:\/\/www.giraffen.com\/wp-content\/uploads\/2018\/05\/Familjefest_800x600-490x368.png"},{"@type":"BreadcrumbList","@id":"https:\/\/www.giraffen.com\/familjefest-26-5\/#breadcrumb","itemListElement":[{"@type":"ListItem","position":1,"name":"Hem","item":"https:\/\/www.giraffen.com\/en\/"},{"@type":"ListItem","position":2,"name":"Familjefest 26\/5"}]},{"@type":"WebSite","@id":"https:\/\/www.giraffen.com\/en\/#website","url":"https:\/\/www.giraffen.com\/en\/","name":"Giraffen.com","description":"Giraffen","publisher":{"@id":"https:\/\/www.giraffen.com\/en\/#organization"},"potentialAction":[{"@type":"SearchAction","target":{"@type":"EntryPoint","urlTemplate":"https:\/\/www.giraffen.com\/en\/?s={search_term_string}"},"query-input":{"@type":"PropertyValueSpecification","valueRequired":true,"valueName":"search_term_string"}}],"inLanguage":"en-GB"},{"@type":"Organization","@id":"https:\/\/www.giraffen.com\/en\/#organization","name":"Kvarteret Giraffen","url":"https:\/\/www.giraffen.com\/en\/","logo":{"@type":"ImageObject","inLanguage":"en-GB","@id":"https:\/\/www.giraffen.com\/en\/#\/schema\/logo\/image\/","url":"https:\/\/www.giraffen.com\/wp-content\/uploads\/2022\/05\/Giraffen-Logotyp-Blue-jpg-scaled-1.jpeg","contentUrl":"https:\/\/www.giraffen.com\/wp-content\/uploads\/2022\/05\/Giraffen-Logotyp-Blue-jpg-scaled-1.jpeg","width":2560,"height":627,"caption":"Kvarteret Giraffen"},"image":{"@id":"https:\/\/www.giraffen.com\/en\/#\/schema\/logo\/image\/"}}]}},"_links":{"self":[{"href":"https:\/\/www.giraffen.com\/en\/wp-json\/wp\/v2\/pages\/3845","targetHints":{"allow":["GET"]}}],"collection":[{"href":"https:\/\/www.giraffen.com\/en\/wp-json\/wp\/v2\/pages"}],"about":[{"href":"https:\/\/www.giraffen.com\/en\/wp-json\/wp\/v2\/types\/page"}],"author":[{"embeddable":true,"href":"https:\/\/www.giraffen.com\/en\/wp-json\/wp\/v2\/users\/2"}],"replies":[{"embeddable":true,"href":"https:\/\/www.giraffen.com\/en\/wp-json\/wp\/v2\/comments?post=3845"}],"version-history":[{"count":0,"href":"https:\/\/www.giraffen.com\/en\/wp-json\/wp\/v2\/pages\/3845\/revisions"}],"wp:attachment":[{"href":"https:\/\/www.giraffen.com\/en\/wp-json\/wp\/v2\/media?parent=3845"}],"curies":[{"name":"wp","href":"https:\/\/api.w.org\/{rel}","templated":true}]}}