{"id":43,"date":"2015-03-16T13:28:48","date_gmt":"2015-03-16T12:28:48","guid":{"rendered":"http:\/\/development\/2015giraffen.com\/?page_id=43"},"modified":"2024-09-19T13:29:34","modified_gmt":"2024-09-19T13:29:34","slug":"presentkortssida","status":"publish","type":"page","link":"https:\/\/www.giraffen.com\/en\/giftcard\/","title":{"rendered":"One city - one gift voucher!"},"content":{"rendered":"<p>[et_pb_section fb_built=\"1\u2033 _builder_version=\"4.16\u2033 _module_preset=\"default\" background_color=\"rgba(0,0,0,0.5)\" background_image=\"https:\/\/www.giraffen.com\/wp-content\/uploads\/2022\/05\/presentkort1.jpg\" background_blend=\"multiply\" min_height=\"550px\" max_height=\"700px\" global_colors_info=\"{}\"][et_pb_row admin_label=\"Rubrik\" module_class=\"front-heading-row\" _builder_version=\"4.16\u2033 _module_preset=\"default\" custom_margin=\"9em|auto||auto|false|false\" global_colors_info=\"{}\"][et_pb_column type=\"4_4\u2033 _builder_version=\"4.16\u2033 _module_preset=\"default\" global_colors_info=\"{}\"][et_pb_text module_class=\"white\" _builder_version=\"4.16\u2033 _module_preset=\"default\" text_text_color=\"#FFFFFF\" header_text_align=\"centre\" header_text_color=\"#FFFFFF\" header_font_size=\"2.5em\" header_2_text_align=\"center\" header_2_text_color=\"#0d2746\u2033 header_2_font_size=\"2em\" header_3_text_align=\"center\" custom_margin=\"||0px||false|false\" global_colors_info=\"{}\"]<\/p>\n<h1>Giftcard<\/h1>\n<p>[\/et_pb_text][et_pb_divider colour=\"#FFFFFF\" divider_weight=\"10px\" _builder_version=\"4.16\u2033 _module_preset=\"default\" max_width=\"150px\" module_alignment=\"centre\" global_colors_info=\"{}\"][\/et_pb_divider][\/et_pb_column][\/et_pb_row][\/et_pb_section][et_pb_section fb_built=\"1\u2033 _builder_version=\"4.16\u2033 global_colors_info=\"{}\"][et_pb_row _builder_version=\"4.16\u2033 background_size=\"initial\" background_position=\"top_left\" background_repeat=\"repeat\" global_colors_info=\"{}\"][et_pb_column type=\"4_4\u2033 _builder_version=\"4.16\u2033 custom_padding=\"|||\" global_colors_info=\"{}\" custom_padding__hover=\"|||\"][et_pb_text _builder_version=\"4.16\u2033 text_font=\"Lora||||||||\" background_size=\"initial\" background_position=\"top_left\" background_repeat=\"repeat\" custom_margin=\"||25px|||\" global_colors_info=\"{}\"]<\/p>\n<p>Gift card The trading city of Kalmar is the perfect gift! The card is valid in about 200 shops and restaurants throughout the city.<\/p>\n<p>You can easily buy your gift card in our card machine which is in the middle of the block outside ICA Maxi's pre-store. The gift card kiosk accepts all the most common payment cards, not cash.<\/p>\n<p>You can buy up to 10 gift cards at the same time and can be charged with amounts between 100 and 5,000 kronor. The gift card is valid for one year from the day the card is purchased. The gift card is a valuable document and can not be exchanged for cash. Expired or lost gift cards will not be replaced. Please note that the receipt for your purchase is not valid as a gift card - only the physical gold-colored gift card that you receive in the vending machine is valid.<\/p>\n<p>[\/et_pb_text][et_pb_text _builder_version=\"4.16\u2033 text_font=\"GT Walsheim||||||||\" header_4_font_size=\"20px\" background_size=\"initial\" background_position=\"top_left\" background_repeat=\"repeat\" global_colors_info=\"{}\"]<\/p>\n<h4><\/h4>\n<h2>Connected stores<\/h2>\n<p>Visit <strong><a href=\"https:\/\/www.handelsstadenkalmar.se\/\">handelsstadenkalmar.se<\/a><\/strong> then you will find a list of the shops, restaurants and experiences that are connected to the gift card. The stores that are connected have a sticker in the store with a picture on the gift card.<\/p>\n<p>&nbsp;<\/p>\n<h2>Questions<\/h2>\n<p>If you have questions regarding your gift card, email <strong><a href=\"mailto:presentkort@handelsstadenkalmar.se\" target=\"_blank\" rel=\"noopener\">presentkort@handelsstadenkalmar.se<\/a><\/strong>.<\/p>\n<p>&nbsp;<\/p>\n<h2>Balance<\/h2>\n<p>You can check the balance and how long the card is valid in the gift card kiosk or on <strong><a href=\"https:\/\/www.handelsstadenkalmar.se\/\" target=\"_blank\" rel=\"noopener\">handelsstadenkalmar.se<\/a><\/strong>.<\/p>\n<p>&nbsp;<\/p>\n<h2>Corporate customers<span class=\"Apple-converted-space\"><\/span><\/h2>\n<p>The gift card Handelsstaden Kalmar is a perfect corporate gift for employees, customers and partners - everyone can choose the perfect gift. Corporate customers can buy gift cards against an invoice where orders are placed <strong><a href=\"https:\/\/www.handelsstadenkalmar.se\/\">handelsstadenkalmar.se<\/a><\/strong><\/p>\n<p><strong><\/strong><\/p>\n<p>Confirmation will be sent by email when we have received your order and when the gift cards are ready. The gift cards are only delivered after payment has been received.<\/p>\n<p>[\/et_pb_text][\/et_pb_column][\/et_pb_row][et_pb_row column_structure=\"1_2,1_2\u2033 _builder_version=\"4.16\u2033 _module_preset=\"default\" global_colors_info=\"{}\"][et_pb_column type=\"1_2\u2033 _builder_version=\"4.16\u2033 _module_preset=\"default\" global_colors_info=\"{}\"][\/et_pb_column][et_pb_column type=\"1_2\u2033 _builder_version=\"4.16\u2033 _module_preset=\"default\" global_colors_info=\"{}\"][et_pb_image src=\"https:\/\/www.giraffen.com\/wp-content\/uploads\/2022\/05\/presentkort.png\" alt=\"Golden gift card\" title_text=\"gift card\" align=\"center\" _builder_version=\"4.16\u2033 _module_preset=\"default\" width=\"38%\" global_colors_info=\"{}\"][\/et_pb_image][\/et_pb_column][\/et_pb_row][\/et_pb_section]<\/p>","protected":false},"excerpt":{"rendered":"<p>Gift cardGift card Handelsstaden Kalmar is the perfect gift! The card is valid in about 200 shops, restaurants and experiences throughout Kalmar. You can easily buy your gift card in our kiosk in the middle of the neighbourhood outside ICA Maxi's front store. The gift card kiosk takes all the most common payment cards, not cash. You can buy up to 10 gift cards at the same time and can be loaded [...]<\/p>","protected":false},"author":2,"featured_media":253,"parent":0,"menu_order":0,"comment_status":"open","ping_status":"open","template":"","meta":{"_et_pb_use_builder":"on","_et_pb_old_content":"<p>Handelsstaden Kalmar f\u00f6rst i Sverige: en stad \u2013 ett presentkort!<br \/>Som f\u00f6rsta stad i Sverige lanseras i Kalmar ett gemensamt elektroniskt presentkort f\u00f6r Giraffen K\u00f6pcentrum, Hansa City och Kalmar City.<br \/>Presentkortsautomaten st\u00e5r nu p\u00e5 plats vid Restaurang\u00a0Arontorps i Maxi gallerian. Ni kan l\u00e4sa mer om det digitala\u00a0presentortet p\u00e5 <a href=\"http:\/\/handelsstadenkalmar.se\/\">handelsstadenkalmar.se<\/a><\/p>","_et_gb_content_width":"","inline_featured_image":false,"footnotes":""},"class_list":["post-43","page","type-page","status-publish","has-post-thumbnail","hentry"],"yoast_head":"<!-- This site is optimized with the Yoast SEO plugin v27.3 - https:\/\/yoast.com\/product\/yoast-seo-wordpress\/ -->\n<title>En stad \u2013 ett presentkort! - Kvarteret Giraffen i Kalmar<\/title>\n<meta name=\"robots\" content=\"index, follow, max-snippet:-1, max-image-preview:large, max-video-preview:-1\" \/>\n<link rel=\"canonical\" href=\"https:\/\/www.giraffen.com\/en\/giftcard\/\" \/>\n<meta property=\"og:locale\" content=\"en_GB\" \/>\n<meta property=\"og:type\" content=\"article\" \/>\n<meta property=\"og:title\" content=\"En stad \u2013 ett presentkort! - Kvarteret Giraffen i Kalmar\" \/>\n<meta property=\"og:description\" content=\"PresentkortPresentkort Handelsstaden Kalmar \u00e4r den perfekta g\u00e5van! Kortet g\u00e4ller i ca 200 butiker, restauranger och upplevelser i hela Kalmar. Du k\u00f6per enkelt ditt presentkort i v\u00e5r kiosk som st\u00e5r mitt i Kvarteret utanf\u00f6r ICA Maxis f\u00f6rbutik. Presentkortskiosken tar alla de vanligaste betalkorten, ej kontanter. Du kan k\u00f6pa upp till 10 presentkort samtidigt och kan laddas [&hellip;]\" \/>\n<meta property=\"og:url\" content=\"https:\/\/www.giraffen.com\/en\/giftcard\/\" \/>\n<meta property=\"og:site_name\" content=\"Giraffen.com\" \/>\n<meta property=\"article:modified_time\" content=\"2024-09-19T13:29:34+00:00\" \/>\n<meta property=\"og:image\" content=\"https:\/\/www.giraffen.com\/wp-content\/uploads\/2015\/03\/presentkort.png\" \/>\n\t<meta property=\"og:image:width\" content=\"1800\" \/>\n\t<meta property=\"og:image:height\" content=\"550\" \/>\n\t<meta property=\"og:image:type\" content=\"image\/png\" \/>\n<meta name=\"twitter:card\" content=\"summary_large_image\" \/>\n<meta name=\"twitter:label1\" content=\"Estimated reading time\" \/>\n\t<meta name=\"twitter:data1\" content=\"2 minutes\" \/>\n<script type=\"application\/ld+json\" class=\"yoast-schema-graph\">{\"@context\":\"https:\\\/\\\/schema.org\",\"@graph\":[{\"@type\":\"WebPage\",\"@id\":\"https:\\\/\\\/www.giraffen.com\\\/presentkortssida\\\/\",\"url\":\"https:\\\/\\\/www.giraffen.com\\\/presentkortssida\\\/\",\"name\":\"En stad \u2013 ett presentkort! - Kvarteret Giraffen i Kalmar\",\"isPartOf\":{\"@id\":\"https:\\\/\\\/www.giraffen.com\\\/en\\\/#website\"},\"primaryImageOfPage\":{\"@id\":\"https:\\\/\\\/www.giraffen.com\\\/presentkortssida\\\/#primaryimage\"},\"image\":{\"@id\":\"https:\\\/\\\/www.giraffen.com\\\/presentkortssida\\\/#primaryimage\"},\"thumbnailUrl\":\"https:\\\/\\\/www.giraffen.com\\\/wp-content\\\/uploads\\\/2015\\\/03\\\/presentkort.png\",\"datePublished\":\"2015-03-16T12:28:48+00:00\",\"dateModified\":\"2024-09-19T13:29:34+00:00\",\"breadcrumb\":{\"@id\":\"https:\\\/\\\/www.giraffen.com\\\/presentkortssida\\\/#breadcrumb\"},\"inLanguage\":\"en-GB\",\"potentialAction\":[{\"@type\":\"ReadAction\",\"target\":[\"https:\\\/\\\/www.giraffen.com\\\/presentkortssida\\\/\"]}]},{\"@type\":\"ImageObject\",\"inLanguage\":\"en-GB\",\"@id\":\"https:\\\/\\\/www.giraffen.com\\\/presentkortssida\\\/#primaryimage\",\"url\":\"https:\\\/\\\/www.giraffen.com\\\/wp-content\\\/uploads\\\/2015\\\/03\\\/presentkort.png\",\"contentUrl\":\"https:\\\/\\\/www.giraffen.com\\\/wp-content\\\/uploads\\\/2015\\\/03\\\/presentkort.png\",\"width\":1800,\"height\":550},{\"@type\":\"BreadcrumbList\",\"@id\":\"https:\\\/\\\/www.giraffen.com\\\/presentkortssida\\\/#breadcrumb\",\"itemListElement\":[{\"@type\":\"ListItem\",\"position\":1,\"name\":\"Hem\",\"item\":\"https:\\\/\\\/www.giraffen.com\\\/en\\\/\"},{\"@type\":\"ListItem\",\"position\":2,\"name\":\"En stad \u2013 ett presentkort!\"}]},{\"@type\":\"WebSite\",\"@id\":\"https:\\\/\\\/www.giraffen.com\\\/en\\\/#website\",\"url\":\"https:\\\/\\\/www.giraffen.com\\\/en\\\/\",\"name\":\"Giraffen.com\",\"description\":\"Giraffen\",\"publisher\":{\"@id\":\"https:\\\/\\\/www.giraffen.com\\\/en\\\/#organization\"},\"potentialAction\":[{\"@type\":\"SearchAction\",\"target\":{\"@type\":\"EntryPoint\",\"urlTemplate\":\"https:\\\/\\\/www.giraffen.com\\\/en\\\/?s={search_term_string}\"},\"query-input\":{\"@type\":\"PropertyValueSpecification\",\"valueRequired\":true,\"valueName\":\"search_term_string\"}}],\"inLanguage\":\"en-GB\"},{\"@type\":\"Organization\",\"@id\":\"https:\\\/\\\/www.giraffen.com\\\/en\\\/#organization\",\"name\":\"Kvarteret Giraffen\",\"url\":\"https:\\\/\\\/www.giraffen.com\\\/en\\\/\",\"logo\":{\"@type\":\"ImageObject\",\"inLanguage\":\"en-GB\",\"@id\":\"https:\\\/\\\/www.giraffen.com\\\/en\\\/#\\\/schema\\\/logo\\\/image\\\/\",\"url\":\"https:\\\/\\\/www.giraffen.com\\\/wp-content\\\/uploads\\\/2022\\\/05\\\/Giraffen-Logotyp-Blue-jpg-scaled-1.jpeg\",\"contentUrl\":\"https:\\\/\\\/www.giraffen.com\\\/wp-content\\\/uploads\\\/2022\\\/05\\\/Giraffen-Logotyp-Blue-jpg-scaled-1.jpeg\",\"width\":2560,\"height\":627,\"caption\":\"Kvarteret Giraffen\"},\"image\":{\"@id\":\"https:\\\/\\\/www.giraffen.com\\\/en\\\/#\\\/schema\\\/logo\\\/image\\\/\"}}]}<\/script>\n<!-- \/ Yoast SEO plugin. -->","yoast_head_json":{"title":"En stad \u2013 ett presentkort! - Kvarteret Giraffen i Kalmar","robots":{"index":"index","follow":"follow","max-snippet":"max-snippet:-1","max-image-preview":"max-image-preview:large","max-video-preview":"max-video-preview:-1"},"canonical":"https:\/\/www.giraffen.com\/en\/giftcard\/","og_locale":"en_GB","og_type":"article","og_title":"En stad \u2013 ett presentkort! - Kvarteret Giraffen i Kalmar","og_description":"PresentkortPresentkort Handelsstaden Kalmar \u00e4r den perfekta g\u00e5van! Kortet g\u00e4ller i ca 200 butiker, restauranger och upplevelser i hela Kalmar. Du k\u00f6per enkelt ditt presentkort i v\u00e5r kiosk som st\u00e5r mitt i Kvarteret utanf\u00f6r ICA Maxis f\u00f6rbutik. Presentkortskiosken tar alla de vanligaste betalkorten, ej kontanter. Du kan k\u00f6pa upp till 10 presentkort samtidigt och kan laddas [&hellip;]","og_url":"https:\/\/www.giraffen.com\/en\/giftcard\/","og_site_name":"Giraffen.com","article_modified_time":"2024-09-19T13:29:34+00:00","og_image":[{"width":1800,"height":550,"url":"https:\/\/www.giraffen.com\/wp-content\/uploads\/2015\/03\/presentkort.png","type":"image\/png"}],"twitter_card":"summary_large_image","twitter_misc":{"Estimated reading time":"2 minutes"},"schema":{"@context":"https:\/\/schema.org","@graph":[{"@type":"WebPage","@id":"https:\/\/www.giraffen.com\/presentkortssida\/","url":"https:\/\/www.giraffen.com\/presentkortssida\/","name":"En stad \u2013 ett presentkort! - Kvarteret Giraffen i Kalmar","isPartOf":{"@id":"https:\/\/www.giraffen.com\/en\/#website"},"primaryImageOfPage":{"@id":"https:\/\/www.giraffen.com\/presentkortssida\/#primaryimage"},"image":{"@id":"https:\/\/www.giraffen.com\/presentkortssida\/#primaryimage"},"thumbnailUrl":"https:\/\/www.giraffen.com\/wp-content\/uploads\/2015\/03\/presentkort.png","datePublished":"2015-03-16T12:28:48+00:00","dateModified":"2024-09-19T13:29:34+00:00","breadcrumb":{"@id":"https:\/\/www.giraffen.com\/presentkortssida\/#breadcrumb"},"inLanguage":"en-GB","potentialAction":[{"@type":"ReadAction","target":["https:\/\/www.giraffen.com\/presentkortssida\/"]}]},{"@type":"ImageObject","inLanguage":"en-GB","@id":"https:\/\/www.giraffen.com\/presentkortssida\/#primaryimage","url":"https:\/\/www.giraffen.com\/wp-content\/uploads\/2015\/03\/presentkort.png","contentUrl":"https:\/\/www.giraffen.com\/wp-content\/uploads\/2015\/03\/presentkort.png","width":1800,"height":550},{"@type":"BreadcrumbList","@id":"https:\/\/www.giraffen.com\/presentkortssida\/#breadcrumb","itemListElement":[{"@type":"ListItem","position":1,"name":"Hem","item":"https:\/\/www.giraffen.com\/en\/"},{"@type":"ListItem","position":2,"name":"En stad \u2013 ett presentkort!"}]},{"@type":"WebSite","@id":"https:\/\/www.giraffen.com\/en\/#website","url":"https:\/\/www.giraffen.com\/en\/","name":"Giraffen.com","description":"Giraffen","publisher":{"@id":"https:\/\/www.giraffen.com\/en\/#organization"},"potentialAction":[{"@type":"SearchAction","target":{"@type":"EntryPoint","urlTemplate":"https:\/\/www.giraffen.com\/en\/?s={search_term_string}"},"query-input":{"@type":"PropertyValueSpecification","valueRequired":true,"valueName":"search_term_string"}}],"inLanguage":"en-GB"},{"@type":"Organization","@id":"https:\/\/www.giraffen.com\/en\/#organization","name":"Kvarteret Giraffen","url":"https:\/\/www.giraffen.com\/en\/","logo":{"@type":"ImageObject","inLanguage":"en-GB","@id":"https:\/\/www.giraffen.com\/en\/#\/schema\/logo\/image\/","url":"https:\/\/www.giraffen.com\/wp-content\/uploads\/2022\/05\/Giraffen-Logotyp-Blue-jpg-scaled-1.jpeg","contentUrl":"https:\/\/www.giraffen.com\/wp-content\/uploads\/2022\/05\/Giraffen-Logotyp-Blue-jpg-scaled-1.jpeg","width":2560,"height":627,"caption":"Kvarteret Giraffen"},"image":{"@id":"https:\/\/www.giraffen.com\/en\/#\/schema\/logo\/image\/"}}]}},"_links":{"self":[{"href":"https:\/\/www.giraffen.com\/en\/wp-json\/wp\/v2\/pages\/43","targetHints":{"allow":["GET"]}}],"collection":[{"href":"https:\/\/www.giraffen.com\/en\/wp-json\/wp\/v2\/pages"}],"about":[{"href":"https:\/\/www.giraffen.com\/en\/wp-json\/wp\/v2\/types\/page"}],"author":[{"embeddable":true,"href":"https:\/\/www.giraffen.com\/en\/wp-json\/wp\/v2\/users\/2"}],"replies":[{"embeddable":true,"href":"https:\/\/www.giraffen.com\/en\/wp-json\/wp\/v2\/comments?post=43"}],"version-history":[{"count":0,"href":"https:\/\/www.giraffen.com\/en\/wp-json\/wp\/v2\/pages\/43\/revisions"}],"wp:featuredmedia":[{"embeddable":true,"href":"https:\/\/www.giraffen.com\/en\/wp-json\/wp\/v2\/media\/253"}],"wp:attachment":[{"href":"https:\/\/www.giraffen.com\/en\/wp-json\/wp\/v2\/media?parent=43"}],"curies":[{"name":"wp","href":"https:\/\/api.w.org\/{rel}","templated":true}]}}