{"id":501,"date":"2015-11-11T09:22:35","date_gmt":"2015-11-11T08:22:35","guid":{"rendered":"https:\/\/www.giraffen.com\/?page_id=501"},"modified":"2015-11-11T09:22:35","modified_gmt":"2015-11-11T08:22:35","slug":"affe-giraff","status":"publish","type":"page","link":"https:\/\/www.giraffen.com\/en\/affe-giraffe\/","title":{"rendered":"Monkey Giraffe"},"content":{"rendered":"<p>Affe Giraff lives with us at Giraffens K\u00f6pcentrum in Kalmar &lt;3. Affe loves all children and is more than happy to hug them.<br \/>\nDessutom har han en\u00a0alldeles egen l\u00e5t som \u00e4r v\u00e4rldsb\u00e4st att\u00a0sjunga och\u00a0dansa till. Scrollar du ner p\u00e5\u00a0den h\u00e4r sidan hittar du l\u00e4nk till l\u00e5ten p\u00e5 Spotify, s\u00e5 kan du sjunga och dansa\u00a0till l\u00e5ten hur mycket du\u00a0vill hemma. Fiffigt va \ud83d\ude42<br \/>\nFollow us on Facebook and Instagram to see when Affe is on the move.<\/p>","protected":false},"excerpt":{"rendered":"<p>Affe Giraff bor hos oss p\u00e5 Giraffens K\u00f6pcentrum i Kalmar &lt;3.\u00a0Affe \u00e4lskar alla barn och kramas mer \u00e4n g\u00e4rna. Dessutom har han en\u00a0alldeles egen l\u00e5t som \u00e4r v\u00e4rldsb\u00e4st att\u00a0sjunga och\u00a0dansa till. Scrollar du ner p\u00e5\u00a0den h\u00e4r sidan hittar du l\u00e4nk till l\u00e5ten p\u00e5 Spotify, s\u00e5 kan du sjunga och dansa\u00a0till l\u00e5ten hur mycket du\u00a0vill hemma. [&hellip;]<\/p>","protected":false},"author":2,"featured_media":0,"parent":0,"menu_order":0,"comment_status":"open","ping_status":"open","template":"archive-gir-affe.php","meta":{"_et_pb_use_builder":"","_et_pb_old_content":"","_et_gb_content_width":"","inline_featured_image":false,"footnotes":""},"class_list":["post-501","page","type-page","status-publish","hentry"],"yoast_head":"<!-- This site is optimized with the Yoast SEO plugin v27.5 - https:\/\/yoast.com\/product\/yoast-seo-wordpress\/ -->\n<title>Affe Giraff - Giraffen.com<\/title>\n<meta name=\"robots\" content=\"index, follow, max-snippet:-1, max-image-preview:large, max-video-preview:-1\" \/>\n<link rel=\"canonical\" href=\"https:\/\/www.giraffen.com\/en\/affe-giraffe\/\" \/>\n<meta property=\"og:locale\" content=\"en_GB\" \/>\n<meta property=\"og:type\" content=\"article\" \/>\n<meta property=\"og:title\" content=\"Affe Giraff - Giraffen.com\" \/>\n<meta property=\"og:description\" content=\"Affe Giraff bor hos oss p\u00e5 Giraffens K\u00f6pcentrum i Kalmar &lt;3.\u00a0Affe \u00e4lskar alla barn och kramas mer \u00e4n g\u00e4rna. Dessutom har han en\u00a0alldeles egen l\u00e5t som \u00e4r v\u00e4rldsb\u00e4st att\u00a0sjunga och\u00a0dansa till. Scrollar du ner p\u00e5\u00a0den h\u00e4r sidan hittar du l\u00e4nk till l\u00e5ten p\u00e5 Spotify, s\u00e5 kan du sjunga och dansa\u00a0till l\u00e5ten hur mycket du\u00a0vill hemma. [&hellip;]\" \/>\n<meta property=\"og:url\" content=\"https:\/\/www.giraffen.com\/en\/affe-giraffe\/\" \/>\n<meta property=\"og:site_name\" content=\"Giraffen.com\" \/>\n<meta name=\"twitter:card\" content=\"summary_large_image\" \/>\n<script type=\"application\/ld+json\" class=\"yoast-schema-graph\">{\"@context\":\"https:\\\/\\\/schema.org\",\"@graph\":[{\"@type\":\"WebPage\",\"@id\":\"https:\\\/\\\/www.giraffen.com\\\/affe-giraff\\\/\",\"url\":\"https:\\\/\\\/www.giraffen.com\\\/affe-giraff\\\/\",\"name\":\"Affe Giraff - Giraffen.com\",\"isPartOf\":{\"@id\":\"https:\\\/\\\/www.giraffen.com\\\/en\\\/#website\"},\"datePublished\":\"2015-11-11T08:22:35+00:00\",\"breadcrumb\":{\"@id\":\"https:\\\/\\\/www.giraffen.com\\\/affe-giraff\\\/#breadcrumb\"},\"inLanguage\":\"en-GB\",\"potentialAction\":[{\"@type\":\"ReadAction\",\"target\":[\"https:\\\/\\\/www.giraffen.com\\\/affe-giraff\\\/\"]}]},{\"@type\":\"BreadcrumbList\",\"@id\":\"https:\\\/\\\/www.giraffen.com\\\/affe-giraff\\\/#breadcrumb\",\"itemListElement\":[{\"@type\":\"ListItem\",\"position\":1,\"name\":\"Hem\",\"item\":\"https:\\\/\\\/www.giraffen.com\\\/en\\\/\"},{\"@type\":\"ListItem\",\"position\":2,\"name\":\"Affe Giraff\"}]},{\"@type\":\"WebSite\",\"@id\":\"https:\\\/\\\/www.giraffen.com\\\/en\\\/#website\",\"url\":\"https:\\\/\\\/www.giraffen.com\\\/en\\\/\",\"name\":\"Giraffen.com\",\"description\":\"Giraffen\",\"publisher\":{\"@id\":\"https:\\\/\\\/www.giraffen.com\\\/en\\\/#organization\"},\"potentialAction\":[{\"@type\":\"SearchAction\",\"target\":{\"@type\":\"EntryPoint\",\"urlTemplate\":\"https:\\\/\\\/www.giraffen.com\\\/en\\\/?s={search_term_string}\"},\"query-input\":{\"@type\":\"PropertyValueSpecification\",\"valueRequired\":true,\"valueName\":\"search_term_string\"}}],\"inLanguage\":\"en-GB\"},{\"@type\":\"Organization\",\"@id\":\"https:\\\/\\\/www.giraffen.com\\\/en\\\/#organization\",\"name\":\"Kvarteret Giraffen\",\"url\":\"https:\\\/\\\/www.giraffen.com\\\/en\\\/\",\"logo\":{\"@type\":\"ImageObject\",\"inLanguage\":\"en-GB\",\"@id\":\"https:\\\/\\\/www.giraffen.com\\\/en\\\/#\\\/schema\\\/logo\\\/image\\\/\",\"url\":\"https:\\\/\\\/www.giraffen.com\\\/wp-content\\\/uploads\\\/2022\\\/05\\\/Giraffen-Logotyp-Blue-jpg-scaled-1.jpeg\",\"contentUrl\":\"https:\\\/\\\/www.giraffen.com\\\/wp-content\\\/uploads\\\/2022\\\/05\\\/Giraffen-Logotyp-Blue-jpg-scaled-1.jpeg\",\"width\":2560,\"height\":627,\"caption\":\"Kvarteret Giraffen\"},\"image\":{\"@id\":\"https:\\\/\\\/www.giraffen.com\\\/en\\\/#\\\/schema\\\/logo\\\/image\\\/\"}}]}<\/script>\n<!-- \/ Yoast SEO plugin. -->","yoast_head_json":{"title":"Affe Giraff - Giraffen.com","robots":{"index":"index","follow":"follow","max-snippet":"max-snippet:-1","max-image-preview":"max-image-preview:large","max-video-preview":"max-video-preview:-1"},"canonical":"https:\/\/www.giraffen.com\/en\/affe-giraffe\/","og_locale":"en_GB","og_type":"article","og_title":"Affe Giraff - Giraffen.com","og_description":"Affe Giraff bor hos oss p\u00e5 Giraffens K\u00f6pcentrum i Kalmar &lt;3.\u00a0Affe \u00e4lskar alla barn och kramas mer \u00e4n g\u00e4rna. Dessutom har han en\u00a0alldeles egen l\u00e5t som \u00e4r v\u00e4rldsb\u00e4st att\u00a0sjunga och\u00a0dansa till. Scrollar du ner p\u00e5\u00a0den h\u00e4r sidan hittar du l\u00e4nk till l\u00e5ten p\u00e5 Spotify, s\u00e5 kan du sjunga och dansa\u00a0till l\u00e5ten hur mycket du\u00a0vill hemma. [&hellip;]","og_url":"https:\/\/www.giraffen.com\/en\/affe-giraffe\/","og_site_name":"Giraffen.com","twitter_card":"summary_large_image","schema":{"@context":"https:\/\/schema.org","@graph":[{"@type":"WebPage","@id":"https:\/\/www.giraffen.com\/affe-giraff\/","url":"https:\/\/www.giraffen.com\/affe-giraff\/","name":"Affe Giraff - Giraffen.com","isPartOf":{"@id":"https:\/\/www.giraffen.com\/en\/#website"},"datePublished":"2015-11-11T08:22:35+00:00","breadcrumb":{"@id":"https:\/\/www.giraffen.com\/affe-giraff\/#breadcrumb"},"inLanguage":"en-GB","potentialAction":[{"@type":"ReadAction","target":["https:\/\/www.giraffen.com\/affe-giraff\/"]}]},{"@type":"BreadcrumbList","@id":"https:\/\/www.giraffen.com\/affe-giraff\/#breadcrumb","itemListElement":[{"@type":"ListItem","position":1,"name":"Hem","item":"https:\/\/www.giraffen.com\/en\/"},{"@type":"ListItem","position":2,"name":"Affe Giraff"}]},{"@type":"WebSite","@id":"https:\/\/www.giraffen.com\/en\/#website","url":"https:\/\/www.giraffen.com\/en\/","name":"Giraffen.com","description":"Giraffen","publisher":{"@id":"https:\/\/www.giraffen.com\/en\/#organization"},"potentialAction":[{"@type":"SearchAction","target":{"@type":"EntryPoint","urlTemplate":"https:\/\/www.giraffen.com\/en\/?s={search_term_string}"},"query-input":{"@type":"PropertyValueSpecification","valueRequired":true,"valueName":"search_term_string"}}],"inLanguage":"en-GB"},{"@type":"Organization","@id":"https:\/\/www.giraffen.com\/en\/#organization","name":"Kvarteret Giraffen","url":"https:\/\/www.giraffen.com\/en\/","logo":{"@type":"ImageObject","inLanguage":"en-GB","@id":"https:\/\/www.giraffen.com\/en\/#\/schema\/logo\/image\/","url":"https:\/\/www.giraffen.com\/wp-content\/uploads\/2022\/05\/Giraffen-Logotyp-Blue-jpg-scaled-1.jpeg","contentUrl":"https:\/\/www.giraffen.com\/wp-content\/uploads\/2022\/05\/Giraffen-Logotyp-Blue-jpg-scaled-1.jpeg","width":2560,"height":627,"caption":"Kvarteret Giraffen"},"image":{"@id":"https:\/\/www.giraffen.com\/en\/#\/schema\/logo\/image\/"}}]}},"_links":{"self":[{"href":"https:\/\/www.giraffen.com\/en\/wp-json\/wp\/v2\/pages\/501","targetHints":{"allow":["GET"]}}],"collection":[{"href":"https:\/\/www.giraffen.com\/en\/wp-json\/wp\/v2\/pages"}],"about":[{"href":"https:\/\/www.giraffen.com\/en\/wp-json\/wp\/v2\/types\/page"}],"author":[{"embeddable":true,"href":"https:\/\/www.giraffen.com\/en\/wp-json\/wp\/v2\/users\/2"}],"replies":[{"embeddable":true,"href":"https:\/\/www.giraffen.com\/en\/wp-json\/wp\/v2\/comments?post=501"}],"version-history":[{"count":0,"href":"https:\/\/www.giraffen.com\/en\/wp-json\/wp\/v2\/pages\/501\/revisions"}],"wp:attachment":[{"href":"https:\/\/www.giraffen.com\/en\/wp-json\/wp\/v2\/media?parent=501"}],"curies":[{"name":"wp","href":"https:\/\/api.w.org\/{rel}","templated":true}]}}