{"id":5277,"date":"2019-10-24T16:32:02","date_gmt":"2019-10-24T14:32:02","guid":{"rendered":"https:\/\/www.giraffen.com\/?page_id=5277"},"modified":"2026-01-14T07:40:02","modified_gmt":"2026-01-14T07:40:02","slug":"vara-erbjudanden","status":"publish","type":"page","link":"https:\/\/www.giraffen.com\/en\/offers\/","title":{"rendered":"Our offers"},"content":{"rendered":"<p>[et_pb_section fb_built=\"1\u2033 _builder_version=\"4.16\u2033 _module_preset=\"default\" global_colors_info=\"{}\"][et_pb_row admin_label=\"Rubric\" module_class=\"front-heading-row\" _builder_version=\"4.16\u2033 _module_preset=\"default\" global_colors_info=\"{}\"][et_pb_column type=\"4_4\u2033 _builder_version=\"4.16\u2033 _module_preset=\"default\" global_colors_info=\"{}\"][et_pb_text _builder_version=\"4.16\u2033 _module_preset=\"default\" header_text_align=\"centre\" header_font_size=\"2.5em\" header_2_text_align=\"center\" header_2_text_color=\"#0d2746\u2033 header_2_font_size=\"2em\" header_3_text_align=\"center\" custom_margin=\"||0px||false|false\" global_colors_info=\"{}\"]<\/p>\n<h1>Offers<\/h1>\n<p>[\/et_pb_text][et_pb_divider colour=\"#0d2746\u2033 divider_weight=\"10px\" _builder_version=\"4.16\u2033 _module_preset=\"default\" max_width=\"150px\" module_alignment=\"centre\" global_colors_info=\"{}\"][\/et_pb_divider][et_pb_text _builder_version=\"4.16\u2033 _module_preset=\"default\" global_colors_info=\"{}\"]<\/p>\n<p style=\"text-align: center;\">Below you will find our stores' current offers. Welcome to take advantage of these.<\/p>\n<p>[\/et_pb_text][\/et_pb_column][\/et_pb_row][\/et_pb_section][et_pb_section fb_built=\"1\u2033 admin_label=\"section\" _builder_version=\"4.16\u2033 custom_padding=\"0px||||false|false\" global_colors_info=\"{}\"][et_pb_row admin_label=\"row\" _builder_version=\"4.16\u2033 background_size=\"initial\" background_position=\"top_left\" background_repeat=\"repeat\" width=\"100%\" custom_padding=\"0px||||false|false\" global_colors_info=\"{}\"][et_pb_column type=\"4_4\u2033 _builder_version=\"4.16\u2033 custom_padding=\"|||\" global_colors_info=\"{}\" custom_padding__hover=\"|||\"][et_pb_code _builder_version=\"4.16\u2033 _module_preset=\"default\" global_colors_info=\"{}\"]<div class='campaign-wrapper'><div class='campaign-row'><div class='campaign-col'><a href='https:\/\/www.giraffen.com\/en\/stores\/bastard-burgers\/'><img src='https:\/\/www.giraffen.com\/wp-content\/uploads\/2022\/04\/bastrd-burgers.jpg'><\/a><\/div><div class='campaign-col'><a href='https:\/\/www.giraffen.com\/en\/stores\/watch-pen\/'><img src='https:\/\/www.giraffen.com\/wp-content\/uploads\/2024\/06\/ASB_2026_1080x1920_3.jpeg'><\/a><\/div><\/div><\/div>[\/et_pb_code][\/et_pb_column][\/et_pb_row][\/et_pb_section]<\/p>","protected":false},"excerpt":{"rendered":"<p>OffersBelow you will find our stores' current offers. Welcome to take advantage of these.<div class='campaign-wrapper'><div class='campaign-row'><div class='campaign-col'><a href='https:\/\/www.giraffen.com\/en\/stores\/bastard-burgers\/'><img src='https:\/\/www.giraffen.com\/wp-content\/uploads\/2022\/04\/bastrd-burgers.jpg'><\/a><\/div><div class='campaign-col'><a href='https:\/\/www.giraffen.com\/en\/stores\/watch-pen\/'><img src='https:\/\/www.giraffen.com\/wp-content\/uploads\/2024\/06\/ASB_2026_1080x1920_3.jpeg'><\/a><\/div><\/div><\/div><\/p>","protected":false},"author":2,"featured_media":0,"parent":0,"menu_order":0,"comment_status":"closed","ping_status":"closed","template":"","meta":{"_et_pb_use_builder":"on","_et_pb_old_content":"<h3 style=\"text-align: center;\">H\u00e4r presenteras aktuella erbjudanden.<\/h3>\r\n<h3 style=\"text-align: center;\">V\u00e4lkommen tillbaka snart!<\/h3>","_et_gb_content_width":"","inline_featured_image":false,"footnotes":""},"class_list":["post-5277","page","type-page","status-publish","hentry"],"yoast_head":"<!-- This site is optimized with the Yoast SEO plugin v27.3 - https:\/\/yoast.com\/product\/yoast-seo-wordpress\/ -->\n<title>V\u00e5ra erbjudanden - Kvarteret Giraffen i Kalmar<\/title>\n<meta name=\"robots\" content=\"index, follow, max-snippet:-1, max-image-preview:large, max-video-preview:-1\" \/>\n<link rel=\"canonical\" href=\"https:\/\/www.giraffen.com\/en\/offers\/\" \/>\n<meta property=\"og:locale\" content=\"en_GB\" \/>\n<meta property=\"og:type\" content=\"article\" \/>\n<meta property=\"og:title\" content=\"V\u00e5ra erbjudanden - Kvarteret Giraffen i Kalmar\" \/>\n<meta property=\"og:description\" content=\"ErbjudandenNedan finner du v\u00e5ra butikers p\u00e5g\u00e5ende erbjudanden. V\u00e4lkommen in f\u00f6r att ta del av dessa.\" \/>\n<meta property=\"og:url\" content=\"https:\/\/www.giraffen.com\/en\/offers\/\" \/>\n<meta property=\"og:site_name\" content=\"Giraffen.com\" \/>\n<meta property=\"article:modified_time\" content=\"2026-01-14T07:40:02+00:00\" \/>\n<meta name=\"twitter:card\" content=\"summary_large_image\" \/>\n<meta name=\"twitter:label1\" content=\"Estimated reading time\" \/>\n\t<meta name=\"twitter:data1\" content=\"1 minute\" \/>\n<script type=\"application\/ld+json\" class=\"yoast-schema-graph\">{\"@context\":\"https:\\\/\\\/schema.org\",\"@graph\":[{\"@type\":\"WebPage\",\"@id\":\"https:\\\/\\\/www.giraffen.com\\\/vara-erbjudanden\\\/\",\"url\":\"https:\\\/\\\/www.giraffen.com\\\/vara-erbjudanden\\\/\",\"name\":\"V\u00e5ra erbjudanden - Kvarteret Giraffen i Kalmar\",\"isPartOf\":{\"@id\":\"https:\\\/\\\/www.giraffen.com\\\/en\\\/#website\"},\"datePublished\":\"2019-10-24T14:32:02+00:00\",\"dateModified\":\"2026-01-14T07:40:02+00:00\",\"breadcrumb\":{\"@id\":\"https:\\\/\\\/www.giraffen.com\\\/vara-erbjudanden\\\/#breadcrumb\"},\"inLanguage\":\"en-GB\",\"potentialAction\":[{\"@type\":\"ReadAction\",\"target\":[\"https:\\\/\\\/www.giraffen.com\\\/vara-erbjudanden\\\/\"]}]},{\"@type\":\"BreadcrumbList\",\"@id\":\"https:\\\/\\\/www.giraffen.com\\\/vara-erbjudanden\\\/#breadcrumb\",\"itemListElement\":[{\"@type\":\"ListItem\",\"position\":1,\"name\":\"Hem\",\"item\":\"https:\\\/\\\/www.giraffen.com\\\/en\\\/\"},{\"@type\":\"ListItem\",\"position\":2,\"name\":\"V\u00e5ra erbjudanden\"}]},{\"@type\":\"WebSite\",\"@id\":\"https:\\\/\\\/www.giraffen.com\\\/en\\\/#website\",\"url\":\"https:\\\/\\\/www.giraffen.com\\\/en\\\/\",\"name\":\"Giraffen.com\",\"description\":\"Giraffen\",\"publisher\":{\"@id\":\"https:\\\/\\\/www.giraffen.com\\\/en\\\/#organization\"},\"potentialAction\":[{\"@type\":\"SearchAction\",\"target\":{\"@type\":\"EntryPoint\",\"urlTemplate\":\"https:\\\/\\\/www.giraffen.com\\\/en\\\/?s={search_term_string}\"},\"query-input\":{\"@type\":\"PropertyValueSpecification\",\"valueRequired\":true,\"valueName\":\"search_term_string\"}}],\"inLanguage\":\"en-GB\"},{\"@type\":\"Organization\",\"@id\":\"https:\\\/\\\/www.giraffen.com\\\/en\\\/#organization\",\"name\":\"Kvarteret Giraffen\",\"url\":\"https:\\\/\\\/www.giraffen.com\\\/en\\\/\",\"logo\":{\"@type\":\"ImageObject\",\"inLanguage\":\"en-GB\",\"@id\":\"https:\\\/\\\/www.giraffen.com\\\/en\\\/#\\\/schema\\\/logo\\\/image\\\/\",\"url\":\"https:\\\/\\\/www.giraffen.com\\\/wp-content\\\/uploads\\\/2022\\\/05\\\/Giraffen-Logotyp-Blue-jpg-scaled-1.jpeg\",\"contentUrl\":\"https:\\\/\\\/www.giraffen.com\\\/wp-content\\\/uploads\\\/2022\\\/05\\\/Giraffen-Logotyp-Blue-jpg-scaled-1.jpeg\",\"width\":2560,\"height\":627,\"caption\":\"Kvarteret Giraffen\"},\"image\":{\"@id\":\"https:\\\/\\\/www.giraffen.com\\\/en\\\/#\\\/schema\\\/logo\\\/image\\\/\"}}]}<\/script>\n<!-- \/ Yoast SEO plugin. -->","yoast_head_json":{"title":"V\u00e5ra erbjudanden - Kvarteret Giraffen i Kalmar","robots":{"index":"index","follow":"follow","max-snippet":"max-snippet:-1","max-image-preview":"max-image-preview:large","max-video-preview":"max-video-preview:-1"},"canonical":"https:\/\/www.giraffen.com\/en\/offers\/","og_locale":"en_GB","og_type":"article","og_title":"V\u00e5ra erbjudanden - Kvarteret Giraffen i Kalmar","og_description":"ErbjudandenNedan finner du v\u00e5ra butikers p\u00e5g\u00e5ende erbjudanden. V\u00e4lkommen in f\u00f6r att ta del av dessa.","og_url":"https:\/\/www.giraffen.com\/en\/offers\/","og_site_name":"Giraffen.com","article_modified_time":"2026-01-14T07:40:02+00:00","twitter_card":"summary_large_image","twitter_misc":{"Estimated reading time":"1 minute"},"schema":{"@context":"https:\/\/schema.org","@graph":[{"@type":"WebPage","@id":"https:\/\/www.giraffen.com\/vara-erbjudanden\/","url":"https:\/\/www.giraffen.com\/vara-erbjudanden\/","name":"V\u00e5ra erbjudanden - Kvarteret Giraffen i Kalmar","isPartOf":{"@id":"https:\/\/www.giraffen.com\/en\/#website"},"datePublished":"2019-10-24T14:32:02+00:00","dateModified":"2026-01-14T07:40:02+00:00","breadcrumb":{"@id":"https:\/\/www.giraffen.com\/vara-erbjudanden\/#breadcrumb"},"inLanguage":"en-GB","potentialAction":[{"@type":"ReadAction","target":["https:\/\/www.giraffen.com\/vara-erbjudanden\/"]}]},{"@type":"BreadcrumbList","@id":"https:\/\/www.giraffen.com\/vara-erbjudanden\/#breadcrumb","itemListElement":[{"@type":"ListItem","position":1,"name":"Hem","item":"https:\/\/www.giraffen.com\/en\/"},{"@type":"ListItem","position":2,"name":"V\u00e5ra erbjudanden"}]},{"@type":"WebSite","@id":"https:\/\/www.giraffen.com\/en\/#website","url":"https:\/\/www.giraffen.com\/en\/","name":"Giraffen.com","description":"Giraffen","publisher":{"@id":"https:\/\/www.giraffen.com\/en\/#organization"},"potentialAction":[{"@type":"SearchAction","target":{"@type":"EntryPoint","urlTemplate":"https:\/\/www.giraffen.com\/en\/?s={search_term_string}"},"query-input":{"@type":"PropertyValueSpecification","valueRequired":true,"valueName":"search_term_string"}}],"inLanguage":"en-GB"},{"@type":"Organization","@id":"https:\/\/www.giraffen.com\/en\/#organization","name":"Kvarteret Giraffen","url":"https:\/\/www.giraffen.com\/en\/","logo":{"@type":"ImageObject","inLanguage":"en-GB","@id":"https:\/\/www.giraffen.com\/en\/#\/schema\/logo\/image\/","url":"https:\/\/www.giraffen.com\/wp-content\/uploads\/2022\/05\/Giraffen-Logotyp-Blue-jpg-scaled-1.jpeg","contentUrl":"https:\/\/www.giraffen.com\/wp-content\/uploads\/2022\/05\/Giraffen-Logotyp-Blue-jpg-scaled-1.jpeg","width":2560,"height":627,"caption":"Kvarteret Giraffen"},"image":{"@id":"https:\/\/www.giraffen.com\/en\/#\/schema\/logo\/image\/"}}]}},"_links":{"self":[{"href":"https:\/\/www.giraffen.com\/en\/wp-json\/wp\/v2\/pages\/5277","targetHints":{"allow":["GET"]}}],"collection":[{"href":"https:\/\/www.giraffen.com\/en\/wp-json\/wp\/v2\/pages"}],"about":[{"href":"https:\/\/www.giraffen.com\/en\/wp-json\/wp\/v2\/types\/page"}],"author":[{"embeddable":true,"href":"https:\/\/www.giraffen.com\/en\/wp-json\/wp\/v2\/users\/2"}],"replies":[{"embeddable":true,"href":"https:\/\/www.giraffen.com\/en\/wp-json\/wp\/v2\/comments?post=5277"}],"version-history":[{"count":0,"href":"https:\/\/www.giraffen.com\/en\/wp-json\/wp\/v2\/pages\/5277\/revisions"}],"wp:attachment":[{"href":"https:\/\/www.giraffen.com\/en\/wp-json\/wp\/v2\/media?parent=5277"}],"curies":[{"name":"wp","href":"https:\/\/api.w.org\/{rel}","templated":true}]}}