{"id":5935,"date":"2020-11-05T16:38:58","date_gmt":"2020-11-05T15:38:58","guid":{"rendered":"https:\/\/www.giraffen.com\/?page_id=5935"},"modified":"2020-11-05T16:38:58","modified_gmt":"2020-11-05T15:38:58","slug":"vid-besok","status":"publish","type":"page","link":"https:\/\/www.giraffen.com\/en\/vid-visit\/","title":{"rendered":"Keep your distance and take responsibility"},"content":{"rendered":"<p>When you visit us in the Giraffe neighbourhood, we want you to help us make your visit with care and shop as smoothly as possible. Due to Covid-19, we at Kvarteret Giraffen have developed proposals and measures that are for all of us in the neighbourhood. We must all work together now.<br \/>\nHere are some of our top tips for visitors to consider.<\/p>\n<ul>\n<li>Stay at home if you have any symptoms<\/li>\n<li>Wash your hands and keep your distance from other people<\/li>\n<li>Please plan your visit and try to avoid busy days and times<\/li>\n<li>Minimise the number of people in your party<\/li>\n<\/ul>\n<p>Of course, we do everything we can to ensure the health and safety of all our visitors and employees. We follow the recommendations and guidelines of the Public Health Agency of Sweden, and in the neighbourhood we have taken the following measures, among others:<\/p>\n<ul>\n<li>We put up stickers on the ceiling and floor to encourage all visitors to keep their distance<\/li>\n<li>There are 6 hand disinfection stations located in the neighbourhood<\/li>\n<li>Reinforced cleaning practices, frequency and procedures for cleaning of premises<\/li>\n<li>We make general announcements on loudspeaker systems reminding us all to keep our distance<\/li>\n<li>Visitor counting is done digitally in real time at our four entrances<\/li>\n<\/ul>","protected":false},"excerpt":{"rendered":"<p>When you visit us in the Giraffe neighbourhood, we want you to help us make your visit with care and shop as smoothly as possible. Due to Covid-19, we at Kvarteret Giraffen have developed proposals and measures that are for all of us in the neighbourhood. We must all work together now. Here is [...]<\/p>","protected":false},"author":3,"featured_media":0,"parent":0,"menu_order":0,"comment_status":"closed","ping_status":"closed","template":"","meta":{"_et_pb_use_builder":"","_et_pb_old_content":"","_et_gb_content_width":"","inline_featured_image":false,"footnotes":""},"class_list":["post-5935","page","type-page","status-publish","hentry"],"yoast_head":"<!-- This site is optimized with the Yoast SEO plugin v27.3 - https:\/\/yoast.com\/product\/yoast-seo-wordpress\/ -->\n<title>H\u00e5ll avst\u00e5nd och ta ansvar - Giraffen.com<\/title>\n<meta name=\"robots\" content=\"index, follow, max-snippet:-1, max-image-preview:large, max-video-preview:-1\" \/>\n<link rel=\"canonical\" href=\"https:\/\/www.giraffen.com\/en\/vid-visit\/\" \/>\n<meta property=\"og:locale\" content=\"en_GB\" \/>\n<meta property=\"og:type\" content=\"article\" \/>\n<meta property=\"og:title\" content=\"H\u00e5ll avst\u00e5nd och ta ansvar - Giraffen.com\" \/>\n<meta property=\"og:description\" content=\"N\u00e4r du bes\u00f6ker oss i Kvarteret Giraffen vill vi att du hj\u00e4lper oss att g\u00f6ra ditt bes\u00f6k med omtanke och handla s\u00e5 smidigt som m\u00f6jligt. Med anledning av Covid-19 har vi p\u00e5 Kvarteret Giraffen tagit fram f\u00f6rslag och \u00e5tg\u00e4rder som \u00e4r till f\u00f6r oss alla i kvarteret. Vi m\u00e5ste alla hj\u00e4lpas \u00e5t nu. H\u00e4r \u00e4r [&hellip;]\" \/>\n<meta property=\"og:url\" content=\"https:\/\/www.giraffen.com\/en\/vid-visit\/\" \/>\n<meta property=\"og:site_name\" content=\"Giraffen.com\" \/>\n<meta name=\"twitter:card\" content=\"summary_large_image\" \/>\n<meta name=\"twitter:label1\" content=\"Estimated reading time\" \/>\n\t<meta name=\"twitter:data1\" content=\"2 minutes\" \/>\n<script type=\"application\/ld+json\" class=\"yoast-schema-graph\">{\"@context\":\"https:\\\/\\\/schema.org\",\"@graph\":[{\"@type\":\"WebPage\",\"@id\":\"https:\\\/\\\/www.giraffen.com\\\/vid-besok\\\/\",\"url\":\"https:\\\/\\\/www.giraffen.com\\\/vid-besok\\\/\",\"name\":\"H\u00e5ll avst\u00e5nd och ta ansvar - Giraffen.com\",\"isPartOf\":{\"@id\":\"https:\\\/\\\/www.giraffen.com\\\/en\\\/#website\"},\"datePublished\":\"2020-11-05T15:38:58+00:00\",\"breadcrumb\":{\"@id\":\"https:\\\/\\\/www.giraffen.com\\\/vid-besok\\\/#breadcrumb\"},\"inLanguage\":\"en-GB\",\"potentialAction\":[{\"@type\":\"ReadAction\",\"target\":[\"https:\\\/\\\/www.giraffen.com\\\/vid-besok\\\/\"]}]},{\"@type\":\"BreadcrumbList\",\"@id\":\"https:\\\/\\\/www.giraffen.com\\\/vid-besok\\\/#breadcrumb\",\"itemListElement\":[{\"@type\":\"ListItem\",\"position\":1,\"name\":\"Hem\",\"item\":\"https:\\\/\\\/www.giraffen.com\\\/en\\\/\"},{\"@type\":\"ListItem\",\"position\":2,\"name\":\"H\u00e5ll avst\u00e5nd och ta ansvar\"}]},{\"@type\":\"WebSite\",\"@id\":\"https:\\\/\\\/www.giraffen.com\\\/en\\\/#website\",\"url\":\"https:\\\/\\\/www.giraffen.com\\\/en\\\/\",\"name\":\"Giraffen.com\",\"description\":\"Giraffen\",\"publisher\":{\"@id\":\"https:\\\/\\\/www.giraffen.com\\\/en\\\/#organization\"},\"potentialAction\":[{\"@type\":\"SearchAction\",\"target\":{\"@type\":\"EntryPoint\",\"urlTemplate\":\"https:\\\/\\\/www.giraffen.com\\\/en\\\/?s={search_term_string}\"},\"query-input\":{\"@type\":\"PropertyValueSpecification\",\"valueRequired\":true,\"valueName\":\"search_term_string\"}}],\"inLanguage\":\"en-GB\"},{\"@type\":\"Organization\",\"@id\":\"https:\\\/\\\/www.giraffen.com\\\/en\\\/#organization\",\"name\":\"Kvarteret Giraffen\",\"url\":\"https:\\\/\\\/www.giraffen.com\\\/en\\\/\",\"logo\":{\"@type\":\"ImageObject\",\"inLanguage\":\"en-GB\",\"@id\":\"https:\\\/\\\/www.giraffen.com\\\/en\\\/#\\\/schema\\\/logo\\\/image\\\/\",\"url\":\"https:\\\/\\\/www.giraffen.com\\\/wp-content\\\/uploads\\\/2022\\\/05\\\/Giraffen-Logotyp-Blue-jpg-scaled-1.jpeg\",\"contentUrl\":\"https:\\\/\\\/www.giraffen.com\\\/wp-content\\\/uploads\\\/2022\\\/05\\\/Giraffen-Logotyp-Blue-jpg-scaled-1.jpeg\",\"width\":2560,\"height\":627,\"caption\":\"Kvarteret Giraffen\"},\"image\":{\"@id\":\"https:\\\/\\\/www.giraffen.com\\\/en\\\/#\\\/schema\\\/logo\\\/image\\\/\"}}]}<\/script>\n<!-- \/ Yoast SEO plugin. -->","yoast_head_json":{"title":"H\u00e5ll avst\u00e5nd och ta ansvar - Giraffen.com","robots":{"index":"index","follow":"follow","max-snippet":"max-snippet:-1","max-image-preview":"max-image-preview:large","max-video-preview":"max-video-preview:-1"},"canonical":"https:\/\/www.giraffen.com\/en\/vid-visit\/","og_locale":"en_GB","og_type":"article","og_title":"H\u00e5ll avst\u00e5nd och ta ansvar - Giraffen.com","og_description":"N\u00e4r du bes\u00f6ker oss i Kvarteret Giraffen vill vi att du hj\u00e4lper oss att g\u00f6ra ditt bes\u00f6k med omtanke och handla s\u00e5 smidigt som m\u00f6jligt. Med anledning av Covid-19 har vi p\u00e5 Kvarteret Giraffen tagit fram f\u00f6rslag och \u00e5tg\u00e4rder som \u00e4r till f\u00f6r oss alla i kvarteret. Vi m\u00e5ste alla hj\u00e4lpas \u00e5t nu. H\u00e4r \u00e4r [&hellip;]","og_url":"https:\/\/www.giraffen.com\/en\/vid-visit\/","og_site_name":"Giraffen.com","twitter_card":"summary_large_image","twitter_misc":{"Estimated reading time":"2 minutes"},"schema":{"@context":"https:\/\/schema.org","@graph":[{"@type":"WebPage","@id":"https:\/\/www.giraffen.com\/vid-besok\/","url":"https:\/\/www.giraffen.com\/vid-besok\/","name":"H\u00e5ll avst\u00e5nd och ta ansvar - Giraffen.com","isPartOf":{"@id":"https:\/\/www.giraffen.com\/en\/#website"},"datePublished":"2020-11-05T15:38:58+00:00","breadcrumb":{"@id":"https:\/\/www.giraffen.com\/vid-besok\/#breadcrumb"},"inLanguage":"en-GB","potentialAction":[{"@type":"ReadAction","target":["https:\/\/www.giraffen.com\/vid-besok\/"]}]},{"@type":"BreadcrumbList","@id":"https:\/\/www.giraffen.com\/vid-besok\/#breadcrumb","itemListElement":[{"@type":"ListItem","position":1,"name":"Hem","item":"https:\/\/www.giraffen.com\/en\/"},{"@type":"ListItem","position":2,"name":"H\u00e5ll avst\u00e5nd och ta ansvar"}]},{"@type":"WebSite","@id":"https:\/\/www.giraffen.com\/en\/#website","url":"https:\/\/www.giraffen.com\/en\/","name":"Giraffen.com","description":"Giraffen","publisher":{"@id":"https:\/\/www.giraffen.com\/en\/#organization"},"potentialAction":[{"@type":"SearchAction","target":{"@type":"EntryPoint","urlTemplate":"https:\/\/www.giraffen.com\/en\/?s={search_term_string}"},"query-input":{"@type":"PropertyValueSpecification","valueRequired":true,"valueName":"search_term_string"}}],"inLanguage":"en-GB"},{"@type":"Organization","@id":"https:\/\/www.giraffen.com\/en\/#organization","name":"Kvarteret Giraffen","url":"https:\/\/www.giraffen.com\/en\/","logo":{"@type":"ImageObject","inLanguage":"en-GB","@id":"https:\/\/www.giraffen.com\/en\/#\/schema\/logo\/image\/","url":"https:\/\/www.giraffen.com\/wp-content\/uploads\/2022\/05\/Giraffen-Logotyp-Blue-jpg-scaled-1.jpeg","contentUrl":"https:\/\/www.giraffen.com\/wp-content\/uploads\/2022\/05\/Giraffen-Logotyp-Blue-jpg-scaled-1.jpeg","width":2560,"height":627,"caption":"Kvarteret Giraffen"},"image":{"@id":"https:\/\/www.giraffen.com\/en\/#\/schema\/logo\/image\/"}}]}},"_links":{"self":[{"href":"https:\/\/www.giraffen.com\/en\/wp-json\/wp\/v2\/pages\/5935","targetHints":{"allow":["GET"]}}],"collection":[{"href":"https:\/\/www.giraffen.com\/en\/wp-json\/wp\/v2\/pages"}],"about":[{"href":"https:\/\/www.giraffen.com\/en\/wp-json\/wp\/v2\/types\/page"}],"author":[{"embeddable":true,"href":"https:\/\/www.giraffen.com\/en\/wp-json\/wp\/v2\/users\/3"}],"replies":[{"embeddable":true,"href":"https:\/\/www.giraffen.com\/en\/wp-json\/wp\/v2\/comments?post=5935"}],"version-history":[{"count":0,"href":"https:\/\/www.giraffen.com\/en\/wp-json\/wp\/v2\/pages\/5935\/revisions"}],"wp:attachment":[{"href":"https:\/\/www.giraffen.com\/en\/wp-json\/wp\/v2\/media?parent=5935"}],"curies":[{"name":"wp","href":"https:\/\/api.w.org\/{rel}","templated":true}]}}