{"id":5975,"date":"2020-11-18T17:40:39","date_gmt":"2020-11-18T16:40:39","guid":{"rendered":"https:\/\/www.giraffen.com\/?page_id=5975"},"modified":"2020-11-18T17:40:39","modified_gmt":"2020-11-18T16:40:39","slug":"shoppinghjalp","status":"publish","type":"page","link":"https:\/\/www.giraffen.com\/en\/shopping-help\/","title":{"rendered":"Shop with confidence"},"content":{"rendered":"<p><img loading=\"lazy\" decoding=\"async\" class=\"alignnone size-medium wp-image-5992 aligncenter\" src=\"https:\/\/www.giraffen.com\/wp-content\/uploads\/2020\/11\/Giraffen_shoppinghilfe-490x215.jpg\" alt=\"\" width=\"490\" height=\"215\" \/><br \/>\n<strong>If you as a customer want to come by Kvarteret Giraffen but for various reasons can not come in to us. Then we can help you easily pick up your goods outside, at our flagged Pick-up stations, Entr\u00e9 Red (Outside Kama sushi) or Entr\u00e9 Vit (Outside LIDL).<\/strong><br \/>\n<strong>How to do it?<\/strong><br \/>\nYou use the Giraffens H\u00e4mtaservice by contacting the shop you want to order\/shop from (see affiliated shops and restaurants). Together you decide how to make the payment and at what time and where you want to collect your goods. You then pick up your order at one of our two pick-up stations (see map). At both our stations, you can easily drive next door with your car and have the goods delivered directly to your boot.<br \/>\n&nbsp;<br \/>\n<strong>Safety and care<\/strong><br \/>\nThe Giraffe staff who handle your order follow all government recommendations on hygiene. This means, for example, that they make sure their hands are clean and use plastic gloves when handling food. They always keep a good distance from you during delivery.<\/p>\n<p style=\"text-align: center;\"><img loading=\"lazy\" decoding=\"async\" class=\"alignnone wp-image-6003\" src=\"https:\/\/www.giraffen.com\/wp-content\/uploads\/2020\/11\/NYKarta_2_2Avhamtning-1-490x279.jpg\" alt=\"\" width=\"566\" height=\"322\" \/><\/p>\n<p><span style=\"font-size: 14pt;\"><strong>Connected stores<\/strong><\/span><\/p>\n<table style=\"width: 48.4103448275862%; height: 240px;\" width=\"435\">\n<tbody>\n<tr style=\"height: 24px;\">\n<td style=\"height: 24px; width: 39.954853273137694%;\" width=\"195\"><strong>Store<\/strong><\/td>\n<td style=\"height: 24px; width: 26.86230248306998%;\" width=\"109\"><strong>Website<\/strong><\/td>\n<td style=\"height: 24px; width: 31.15124153498871%;\" width=\"131\"><strong>Telephone number<\/strong><\/td>\n<\/tr>\n<tr style=\"height: 24px;\">\n<td style=\"height: 24px; width: 39.954853273137694%;\">Hunkem\u00f6ller<\/td>\n<td style=\"height: 24px; width: 26.86230248306998%;\"><a href=\"https:\/\/www.hunkemoller.se\/\">hunkemoller.se<\/a><\/td>\n<td style=\"height: 24px; width: 31.15124153498871%;\">070-494 59 91<\/td>\n<\/tr>\n<tr style=\"height: 24px;\">\n<td style=\"height: 24px; width: 39.954853273137694%;\">Foreign exchange<\/td>\n<td style=\"height: 24px; width: 26.86230248306998%;\"><a href=\"https:\/\/www.change.com\/se\/\">change.com<\/a><\/td>\n<td style=\"height: 24px; width: 31.15124153498871%;\">072-500 93 11<\/td>\n<\/tr>\n<tr style=\"height: 48px;\">\n<td style=\"height: 48px; width: 39.954853273137694%;\">Gerdas Tea &amp; Coffee Shop<\/td>\n<td style=\"height: 48px; width: 26.86230248306998%;\"><a href=\"https:\/\/www.gerdaste.se\/\">gerdaste.se<\/a><\/td>\n<td style=\"height: 48px; width: 31.15124153498871%;\">0480-238 42<\/td>\n<\/tr>\n<tr style=\"height: 24px;\">\n<td style=\"height: 24px; width: 39.954853273137694%;\">Esters<\/td>\n<td style=\"height: 24px; width: 26.86230248306998%;\"><a href=\"https:\/\/www.esters.se\/\">esters.se<\/a><\/td>\n<td style=\"height: 24px; width: 31.15124153498871%;\">073-942 86 60<\/td>\n<\/tr>\n<tr style=\"height: 24px;\">\n<td style=\"height: 24px; width: 39.954853273137694%;\">Indian<\/td>\n<td style=\"height: 24px; width: 26.86230248306998%;\"><a href=\"http:\/\/www.indiska.com\/se\">indiska.com\/se<\/a><\/td>\n<td style=\"height: 24px; width: 31.15124153498871%;\">073-944 69 29<\/td>\n<\/tr>\n<tr style=\"height: 24px;\">\n<td style=\"height: 24px; width: 39.954853273137694%;\">Life<\/td>\n<td style=\"height: 24px; width: 26.86230248306998%;\"><a href=\"http:\/\/www.lifebutiken.se\/\">lifebutiken.se<\/a><\/td>\n<td style=\"height: 24px; width: 31.15124153498871%;\">010-5433461<\/td>\n<\/tr>\n<tr style=\"height: 24px;\">\n<td style=\"height: 24px; width: 39.954853273137694%;\">Intersport<\/td>\n<td style=\"height: 24px; width: 26.86230248306998%;\"><a href=\"https:\/\/www.intersport.se\">intersport.se<\/a><\/td>\n<td style=\"height: 24px; width: 31.15124153498871%;\">0480-225 01<\/td>\n<\/tr>\n<tr style=\"height: 24px;\">\n<td style=\"height: 24px; width: 39.954853273137694%;\">Salon Hans &amp; Jan<\/td>\n<td style=\"height: 24px; width: 26.86230248306998%;\"><a href=\"http:\/\/www.hansjan.se\/\" target=\"_blank\" rel=\"noopener noreferrer\">www.hansjan.se<\/a><\/td>\n<td style=\"height: 24px; width: 31.15124153498871%;\">0480-176 16<\/td>\n<\/tr>\n<\/tbody>\n<\/table>\n<p>&nbsp;<\/p>\n<hr \/>\n<p><strong>Do you want to order food?<\/strong><br \/>\nSeveral of our restaurants in the neighbourhood have their own solutions to make ordering easy and safe.  Choose between picking up here or having your order delivered. Read more below about which restaurants offer this service.<\/p>\n<table width=\"435\">\n<tbody>\n<tr>\n<td width=\"195\"><strong>Restaurant and catering<\/strong><\/td>\n<td width=\"109\"><strong>Website<\/strong><\/td>\n<td width=\"131\"><strong>Orders<\/strong><\/td>\n<\/tr>\n<tr>\n<td>Kama Sushi<\/td>\n<td><a href=\"https:\/\/www.kamasushi.nu\/\">kamasushi.nu<\/a><\/td>\n<td><a href=\"https:\/\/giraffen.kamasushi.nu\/bestall-mat\">Kama Sushi Giraffes<\/a><\/td>\n<\/tr>\n<tr>\n<td>Bastard Burger<\/td>\n<td><a href=\"https:\/\/bastardburgers.se\/\">bastardburgers.se<\/a><\/td>\n<td><a href=\"https:\/\/www.foodora.se\/city\/kalmar\">Foodora in Kalmar<\/a><\/td>\n<\/tr>\n<\/tbody>\n<\/table>\n<p>&nbsp;<br \/>\n<span style=\"font-size: 14pt;\"><strong>Other ways to shop<\/strong><\/span><br \/>\nSeveral of our stores have their own e-commerce and some stores also have solutions with stores on Facebook and Instagram.<br \/>\nYou can see all our stores and links to their websites here in our <a href=\"https:\/\/www.giraffen.com\/en\/stores\/\">list of all shops<\/a>.<\/p>","protected":false},"excerpt":{"rendered":"<p>If you as a customer want to come by Kvarteret Giraffen but for various reasons can not come in to us. Then we can help you easily pick up your goods outside, at our flagged Pick-up stations, Entr\u00e9 Red (Outside Kama sushi) or Entr\u00e9 Vit (Outside LIDL). How to do it? You can use the Giraffe Collection Service by contacting the shop that [...]<\/p>","protected":false},"author":3,"featured_media":0,"parent":0,"menu_order":0,"comment_status":"closed","ping_status":"closed","template":"","meta":{"_et_pb_use_builder":"","_et_pb_old_content":"","_et_gb_content_width":"","inline_featured_image":false,"footnotes":""},"class_list":["post-5975","page","type-page","status-publish","hentry"],"yoast_head":"<!-- This site is optimized with the Yoast SEO plugin v27.5 - https:\/\/yoast.com\/product\/yoast-seo-wordpress\/ -->\n<title>Shoppa tryggt - Giraffen.com<\/title>\n<meta name=\"robots\" content=\"index, follow, max-snippet:-1, max-image-preview:large, max-video-preview:-1\" \/>\n<link rel=\"canonical\" href=\"https:\/\/www.giraffen.com\/en\/shopping-help\/\" \/>\n<meta property=\"og:locale\" content=\"en_GB\" \/>\n<meta property=\"og:type\" content=\"article\" \/>\n<meta property=\"og:title\" content=\"Shoppa tryggt - Giraffen.com\" \/>\n<meta property=\"og:description\" content=\"Vill du som kund komma f\u00f6rbi Kvarteret Giraffen men av olika sk\u00e4l inte kan komma in till oss. D\u00e5 kan vi hj\u00e4lpa dig att enkelt H\u00e4mta dina varor utanf\u00f6r, vid v\u00e5ra uppflaggade H\u00e4mtastationer, \u00a0Entr\u00e9 R\u00f6d (Utanf\u00f6r Kama sushi)\u00a0 eller Entr\u00e9 Vit (Utanf\u00f6r LIDL). Hur g\u00f6r man? Giraffens H\u00e4mtaservice anv\u00e4nder du, genom att kontakta butiken som [&hellip;]\" \/>\n<meta property=\"og:url\" content=\"https:\/\/www.giraffen.com\/en\/shopping-help\/\" \/>\n<meta property=\"og:site_name\" content=\"Giraffen.com\" \/>\n<meta property=\"og:image\" content=\"https:\/\/www.giraffen.com\/wp-content\/uploads\/2020\/11\/Giraffen_shoppinghilfe-490x215.jpg\" \/>\n<meta name=\"twitter:card\" content=\"summary_large_image\" \/>\n<meta name=\"twitter:label1\" content=\"Estimated reading time\" \/>\n\t<meta name=\"twitter:data1\" content=\"2 minutes\" \/>\n<script type=\"application\/ld+json\" class=\"yoast-schema-graph\">{\"@context\":\"https:\\\/\\\/schema.org\",\"@graph\":[{\"@type\":\"WebPage\",\"@id\":\"https:\\\/\\\/www.giraffen.com\\\/shoppinghjalp\\\/\",\"url\":\"https:\\\/\\\/www.giraffen.com\\\/shoppinghjalp\\\/\",\"name\":\"Shoppa tryggt - Giraffen.com\",\"isPartOf\":{\"@id\":\"https:\\\/\\\/www.giraffen.com\\\/en\\\/#website\"},\"primaryImageOfPage\":{\"@id\":\"https:\\\/\\\/www.giraffen.com\\\/shoppinghjalp\\\/#primaryimage\"},\"image\":{\"@id\":\"https:\\\/\\\/www.giraffen.com\\\/shoppinghjalp\\\/#primaryimage\"},\"thumbnailUrl\":\"https:\\\/\\\/www.giraffen.com\\\/wp-content\\\/uploads\\\/2020\\\/11\\\/Giraffen_shoppinghilfe-490x215.jpg\",\"datePublished\":\"2020-11-18T16:40:39+00:00\",\"breadcrumb\":{\"@id\":\"https:\\\/\\\/www.giraffen.com\\\/shoppinghjalp\\\/#breadcrumb\"},\"inLanguage\":\"en-GB\",\"potentialAction\":[{\"@type\":\"ReadAction\",\"target\":[\"https:\\\/\\\/www.giraffen.com\\\/shoppinghjalp\\\/\"]}]},{\"@type\":\"ImageObject\",\"inLanguage\":\"en-GB\",\"@id\":\"https:\\\/\\\/www.giraffen.com\\\/shoppinghjalp\\\/#primaryimage\",\"url\":\"https:\\\/\\\/www.giraffen.com\\\/wp-content\\\/uploads\\\/2020\\\/11\\\/Giraffen_shoppinghilfe-490x215.jpg\",\"contentUrl\":\"https:\\\/\\\/www.giraffen.com\\\/wp-content\\\/uploads\\\/2020\\\/11\\\/Giraffen_shoppinghilfe-490x215.jpg\"},{\"@type\":\"BreadcrumbList\",\"@id\":\"https:\\\/\\\/www.giraffen.com\\\/shoppinghjalp\\\/#breadcrumb\",\"itemListElement\":[{\"@type\":\"ListItem\",\"position\":1,\"name\":\"Hem\",\"item\":\"https:\\\/\\\/www.giraffen.com\\\/en\\\/\"},{\"@type\":\"ListItem\",\"position\":2,\"name\":\"Shoppa tryggt\"}]},{\"@type\":\"WebSite\",\"@id\":\"https:\\\/\\\/www.giraffen.com\\\/en\\\/#website\",\"url\":\"https:\\\/\\\/www.giraffen.com\\\/en\\\/\",\"name\":\"Giraffen.com\",\"description\":\"Giraffen\",\"publisher\":{\"@id\":\"https:\\\/\\\/www.giraffen.com\\\/en\\\/#organization\"},\"potentialAction\":[{\"@type\":\"SearchAction\",\"target\":{\"@type\":\"EntryPoint\",\"urlTemplate\":\"https:\\\/\\\/www.giraffen.com\\\/en\\\/?s={search_term_string}\"},\"query-input\":{\"@type\":\"PropertyValueSpecification\",\"valueRequired\":true,\"valueName\":\"search_term_string\"}}],\"inLanguage\":\"en-GB\"},{\"@type\":\"Organization\",\"@id\":\"https:\\\/\\\/www.giraffen.com\\\/en\\\/#organization\",\"name\":\"Kvarteret Giraffen\",\"url\":\"https:\\\/\\\/www.giraffen.com\\\/en\\\/\",\"logo\":{\"@type\":\"ImageObject\",\"inLanguage\":\"en-GB\",\"@id\":\"https:\\\/\\\/www.giraffen.com\\\/en\\\/#\\\/schema\\\/logo\\\/image\\\/\",\"url\":\"https:\\\/\\\/www.giraffen.com\\\/wp-content\\\/uploads\\\/2022\\\/05\\\/Giraffen-Logotyp-Blue-jpg-scaled-1.jpeg\",\"contentUrl\":\"https:\\\/\\\/www.giraffen.com\\\/wp-content\\\/uploads\\\/2022\\\/05\\\/Giraffen-Logotyp-Blue-jpg-scaled-1.jpeg\",\"width\":2560,\"height\":627,\"caption\":\"Kvarteret Giraffen\"},\"image\":{\"@id\":\"https:\\\/\\\/www.giraffen.com\\\/en\\\/#\\\/schema\\\/logo\\\/image\\\/\"}}]}<\/script>\n<!-- \/ Yoast SEO plugin. -->","yoast_head_json":{"title":"Shoppa tryggt - Giraffen.com","robots":{"index":"index","follow":"follow","max-snippet":"max-snippet:-1","max-image-preview":"max-image-preview:large","max-video-preview":"max-video-preview:-1"},"canonical":"https:\/\/www.giraffen.com\/en\/shopping-help\/","og_locale":"en_GB","og_type":"article","og_title":"Shoppa tryggt - Giraffen.com","og_description":"Vill du som kund komma f\u00f6rbi Kvarteret Giraffen men av olika sk\u00e4l inte kan komma in till oss. D\u00e5 kan vi hj\u00e4lpa dig att enkelt H\u00e4mta dina varor utanf\u00f6r, vid v\u00e5ra uppflaggade H\u00e4mtastationer, \u00a0Entr\u00e9 R\u00f6d (Utanf\u00f6r Kama sushi)\u00a0 eller Entr\u00e9 Vit (Utanf\u00f6r LIDL). Hur g\u00f6r man? Giraffens H\u00e4mtaservice anv\u00e4nder du, genom att kontakta butiken som [&hellip;]","og_url":"https:\/\/www.giraffen.com\/en\/shopping-help\/","og_site_name":"Giraffen.com","og_image":[{"url":"https:\/\/www.giraffen.com\/wp-content\/uploads\/2020\/11\/Giraffen_shoppinghilfe-490x215.jpg","type":"","width":"","height":""}],"twitter_card":"summary_large_image","twitter_misc":{"Estimated reading time":"2 minutes"},"schema":{"@context":"https:\/\/schema.org","@graph":[{"@type":"WebPage","@id":"https:\/\/www.giraffen.com\/shoppinghjalp\/","url":"https:\/\/www.giraffen.com\/shoppinghjalp\/","name":"Shoppa tryggt - Giraffen.com","isPartOf":{"@id":"https:\/\/www.giraffen.com\/en\/#website"},"primaryImageOfPage":{"@id":"https:\/\/www.giraffen.com\/shoppinghjalp\/#primaryimage"},"image":{"@id":"https:\/\/www.giraffen.com\/shoppinghjalp\/#primaryimage"},"thumbnailUrl":"https:\/\/www.giraffen.com\/wp-content\/uploads\/2020\/11\/Giraffen_shoppinghilfe-490x215.jpg","datePublished":"2020-11-18T16:40:39+00:00","breadcrumb":{"@id":"https:\/\/www.giraffen.com\/shoppinghjalp\/#breadcrumb"},"inLanguage":"en-GB","potentialAction":[{"@type":"ReadAction","target":["https:\/\/www.giraffen.com\/shoppinghjalp\/"]}]},{"@type":"ImageObject","inLanguage":"en-GB","@id":"https:\/\/www.giraffen.com\/shoppinghjalp\/#primaryimage","url":"https:\/\/www.giraffen.com\/wp-content\/uploads\/2020\/11\/Giraffen_shoppinghilfe-490x215.jpg","contentUrl":"https:\/\/www.giraffen.com\/wp-content\/uploads\/2020\/11\/Giraffen_shoppinghilfe-490x215.jpg"},{"@type":"BreadcrumbList","@id":"https:\/\/www.giraffen.com\/shoppinghjalp\/#breadcrumb","itemListElement":[{"@type":"ListItem","position":1,"name":"Hem","item":"https:\/\/www.giraffen.com\/en\/"},{"@type":"ListItem","position":2,"name":"Shoppa tryggt"}]},{"@type":"WebSite","@id":"https:\/\/www.giraffen.com\/en\/#website","url":"https:\/\/www.giraffen.com\/en\/","name":"Giraffen.com","description":"Giraffen","publisher":{"@id":"https:\/\/www.giraffen.com\/en\/#organization"},"potentialAction":[{"@type":"SearchAction","target":{"@type":"EntryPoint","urlTemplate":"https:\/\/www.giraffen.com\/en\/?s={search_term_string}"},"query-input":{"@type":"PropertyValueSpecification","valueRequired":true,"valueName":"search_term_string"}}],"inLanguage":"en-GB"},{"@type":"Organization","@id":"https:\/\/www.giraffen.com\/en\/#organization","name":"Kvarteret Giraffen","url":"https:\/\/www.giraffen.com\/en\/","logo":{"@type":"ImageObject","inLanguage":"en-GB","@id":"https:\/\/www.giraffen.com\/en\/#\/schema\/logo\/image\/","url":"https:\/\/www.giraffen.com\/wp-content\/uploads\/2022\/05\/Giraffen-Logotyp-Blue-jpg-scaled-1.jpeg","contentUrl":"https:\/\/www.giraffen.com\/wp-content\/uploads\/2022\/05\/Giraffen-Logotyp-Blue-jpg-scaled-1.jpeg","width":2560,"height":627,"caption":"Kvarteret Giraffen"},"image":{"@id":"https:\/\/www.giraffen.com\/en\/#\/schema\/logo\/image\/"}}]}},"_links":{"self":[{"href":"https:\/\/www.giraffen.com\/en\/wp-json\/wp\/v2\/pages\/5975","targetHints":{"allow":["GET"]}}],"collection":[{"href":"https:\/\/www.giraffen.com\/en\/wp-json\/wp\/v2\/pages"}],"about":[{"href":"https:\/\/www.giraffen.com\/en\/wp-json\/wp\/v2\/types\/page"}],"author":[{"embeddable":true,"href":"https:\/\/www.giraffen.com\/en\/wp-json\/wp\/v2\/users\/3"}],"replies":[{"embeddable":true,"href":"https:\/\/www.giraffen.com\/en\/wp-json\/wp\/v2\/comments?post=5975"}],"version-history":[{"count":0,"href":"https:\/\/www.giraffen.com\/en\/wp-json\/wp\/v2\/pages\/5975\/revisions"}],"wp:attachment":[{"href":"https:\/\/www.giraffen.com\/en\/wp-json\/wp\/v2\/media?parent=5975"}],"curies":[{"name":"wp","href":"https:\/\/api.w.org\/{rel}","templated":true}]}}