{"id":6247,"date":"2021-03-03T15:01:31","date_gmt":"2021-03-03T14:01:31","guid":{"rendered":"https:\/\/www.giraffen.com\/?page_id=6247"},"modified":"2021-03-03T15:01:31","modified_gmt":"2021-03-03T14:01:31","slug":"klader","status":"publish","type":"page","link":"https:\/\/www.giraffen.com\/en\/stores\/leaflet\/","title":{"rendered":"Clothing"},"content":{"rendered":"<p>Fancy renewing your wardrobe?<br \/>\nHere you can visit clothing stores such as Dressmann, Change, Esters, Lindex, H&amp;M, Hunkem\u00f6ller, Indiska and for the sporty, we have both Intersport &amp; Stadium in the neighbourhood. If you want to complete your outfit with jewellery or shoes, we have Sweden's largest Guldfynd, and DinSko, which offers affordable shoes for a fashion-conscious audience.<br \/>\nWelcome to a shopping trip in the Giraffe neighbourhood!<br \/>\n<a href=\"https:\/\/www.giraffen.com\/en\/butiker\/change\/\">Foreign exchange\u00a0<\/a><br \/>\n<a href=\"https:\/\/www.giraffen.com\/en\/butiker\/dressmann\/\">Dressmaker\u00a0<\/a><br \/>\n<a href=\"https:\/\/www.giraffen.com\/en\/butiker\/esters\/\">Esters\u00a0<\/a><br \/>\n<a href=\"https:\/\/www.giraffen.com\/en\/stores\/hm\/\">H&amp;M\u00a0<\/a><br \/>\n<a href=\"https:\/\/www.giraffen.com\/en\/butiker\/hunkemoller\/\">Hunkem\u00f6ller\u00a0<\/a><br \/>\n<a href=\"https:\/\/www.giraffen.com\/en\/stores\/indian\/\">Indian\u00a0<\/a><br \/>\n<a href=\"https:\/\/www.giraffen.com\/en\/stores\/intersport\/\">Intersport\u00a0<\/a><br \/>\n<a href=\"https:\/\/www.giraffen.com\/en\/stores\/lindex\/\">Lindex\u00a0<\/a><br \/>\n<a href=\"https:\/\/www.giraffen.com\/en\/butiker\/stadium-oppnar-24-9\/\">Stage\u00a0<\/a><br \/>\n<\/p>","protected":false},"excerpt":{"rendered":"<p>Looking to renew your wardrobe? Here you can visit clothing stores such as Dressmann, Change, Esters, Lindex, H&amp;M, Hunkem\u00f6ller, Indiska and for the sporty, we have both Intersport &amp; Stadium in the neighbourhood. If you want to complete your outfit with jewellery or shoes, we have Sweden's largest Guldfynd, and DinSko, which offers affordable shoes for a fashion-conscious audience. [...]<\/p>","protected":false},"author":2,"featured_media":0,"parent":4270,"menu_order":0,"comment_status":"closed","ping_status":"closed","template":"","meta":{"_et_pb_use_builder":"","_et_pb_old_content":"","_et_gb_content_width":"","inline_featured_image":false,"footnotes":""},"class_list":["post-6247","page","type-page","status-publish","hentry"],"yoast_head":"<!-- This site is optimized with the Yoast SEO plugin v27.3 - https:\/\/yoast.com\/product\/yoast-seo-wordpress\/ -->\n<title>Kl\u00e4dbutiker i Kalmar - Din kl\u00e4daff\u00e4r n\u00e4ra dig | Kvarteret Giraffen<\/title>\n<meta name=\"description\" content=\"Hos oss kan du bes\u00f6ka kl\u00e4dbutiker i Kalmar som Dressmann, Change, Esters, Lindex, H&amp;M, Hunkem\u00f6ller, Indiska och Intersport &amp; Stadium.\" \/>\n<meta name=\"robots\" content=\"index, follow, max-snippet:-1, max-image-preview:large, max-video-preview:-1\" \/>\n<link rel=\"canonical\" href=\"https:\/\/www.giraffen.com\/en\/stores\/leaflet\/\" \/>\n<meta property=\"og:locale\" content=\"en_GB\" \/>\n<meta property=\"og:type\" content=\"article\" \/>\n<meta property=\"og:title\" content=\"Kl\u00e4dbutiker i Kalmar - Din kl\u00e4daff\u00e4r n\u00e4ra dig | Kvarteret Giraffen\" \/>\n<meta property=\"og:description\" content=\"Hos oss kan du bes\u00f6ka kl\u00e4dbutiker i Kalmar som Dressmann, Change, Esters, Lindex, H&amp;M, Hunkem\u00f6ller, Indiska och Intersport &amp; Stadium.\" \/>\n<meta property=\"og:url\" content=\"https:\/\/www.giraffen.com\/en\/stores\/leaflet\/\" \/>\n<meta property=\"og:site_name\" content=\"Giraffen.com\" \/>\n<meta name=\"twitter:card\" content=\"summary_large_image\" \/>\n<meta name=\"twitter:label1\" content=\"Estimated reading time\" \/>\n\t<meta name=\"twitter:data1\" content=\"1 minute\" \/>\n<script type=\"application\/ld+json\" class=\"yoast-schema-graph\">{\"@context\":\"https:\\\/\\\/schema.org\",\"@graph\":[{\"@type\":\"WebPage\",\"@id\":\"https:\\\/\\\/www.giraffen.com\\\/en\\\/stores\\\/leaflet\\\/\",\"url\":\"https:\\\/\\\/www.giraffen.com\\\/en\\\/stores\\\/leaflet\\\/\",\"name\":\"Kl\u00e4dbutiker i Kalmar - Din kl\u00e4daff\u00e4r n\u00e4ra dig | Kvarteret Giraffen\",\"isPartOf\":{\"@id\":\"https:\\\/\\\/www.giraffen.com\\\/en\\\/#website\"},\"datePublished\":\"2021-03-03T14:01:31+00:00\",\"description\":\"Hos oss kan du bes\u00f6ka kl\u00e4dbutiker i Kalmar som Dressmann, Change, Esters, Lindex, H&M, Hunkem\u00f6ller, Indiska och Intersport & Stadium.\",\"breadcrumb\":{\"@id\":\"https:\\\/\\\/www.giraffen.com\\\/en\\\/stores\\\/leaflet\\\/#breadcrumb\"},\"inLanguage\":\"en-GB\",\"potentialAction\":[{\"@type\":\"ReadAction\",\"target\":[\"https:\\\/\\\/www.giraffen.com\\\/en\\\/stores\\\/leaflet\\\/\"]}]},{\"@type\":\"BreadcrumbList\",\"@id\":\"https:\\\/\\\/www.giraffen.com\\\/en\\\/stores\\\/leaflet\\\/#breadcrumb\",\"itemListElement\":[{\"@type\":\"ListItem\",\"position\":1,\"name\":\"Hem\",\"item\":\"https:\\\/\\\/www.giraffen.com\\\/en\\\/\"},{\"@type\":\"ListItem\",\"position\":2,\"name\":\"Butiker\",\"item\":\"https:\\\/\\\/www.giraffen.com\\\/butik\\\/\"},{\"@type\":\"ListItem\",\"position\":3,\"name\":\"Kl\u00e4der\"}]},{\"@type\":\"WebSite\",\"@id\":\"https:\\\/\\\/www.giraffen.com\\\/en\\\/#website\",\"url\":\"https:\\\/\\\/www.giraffen.com\\\/en\\\/\",\"name\":\"Giraffen.com\",\"description\":\"Giraffen\",\"publisher\":{\"@id\":\"https:\\\/\\\/www.giraffen.com\\\/en\\\/#organization\"},\"potentialAction\":[{\"@type\":\"SearchAction\",\"target\":{\"@type\":\"EntryPoint\",\"urlTemplate\":\"https:\\\/\\\/www.giraffen.com\\\/en\\\/?s={search_term_string}\"},\"query-input\":{\"@type\":\"PropertyValueSpecification\",\"valueRequired\":true,\"valueName\":\"search_term_string\"}}],\"inLanguage\":\"en-GB\"},{\"@type\":\"Organization\",\"@id\":\"https:\\\/\\\/www.giraffen.com\\\/en\\\/#organization\",\"name\":\"Kvarteret Giraffen\",\"url\":\"https:\\\/\\\/www.giraffen.com\\\/en\\\/\",\"logo\":{\"@type\":\"ImageObject\",\"inLanguage\":\"en-GB\",\"@id\":\"https:\\\/\\\/www.giraffen.com\\\/en\\\/#\\\/schema\\\/logo\\\/image\\\/\",\"url\":\"https:\\\/\\\/www.giraffen.com\\\/wp-content\\\/uploads\\\/2022\\\/05\\\/Giraffen-Logotyp-Blue-jpg-scaled-1.jpeg\",\"contentUrl\":\"https:\\\/\\\/www.giraffen.com\\\/wp-content\\\/uploads\\\/2022\\\/05\\\/Giraffen-Logotyp-Blue-jpg-scaled-1.jpeg\",\"width\":2560,\"height\":627,\"caption\":\"Kvarteret Giraffen\"},\"image\":{\"@id\":\"https:\\\/\\\/www.giraffen.com\\\/en\\\/#\\\/schema\\\/logo\\\/image\\\/\"}}]}<\/script>\n<!-- \/ Yoast SEO plugin. -->","yoast_head_json":{"title":"Kl\u00e4dbutiker i Kalmar - Din kl\u00e4daff\u00e4r n\u00e4ra dig | Kvarteret Giraffen","description":"Hos oss kan du bes\u00f6ka kl\u00e4dbutiker i Kalmar som Dressmann, Change, Esters, Lindex, H&M, Hunkem\u00f6ller, Indiska och Intersport & Stadium.","robots":{"index":"index","follow":"follow","max-snippet":"max-snippet:-1","max-image-preview":"max-image-preview:large","max-video-preview":"max-video-preview:-1"},"canonical":"https:\/\/www.giraffen.com\/en\/stores\/leaflet\/","og_locale":"en_GB","og_type":"article","og_title":"Kl\u00e4dbutiker i Kalmar - Din kl\u00e4daff\u00e4r n\u00e4ra dig | Kvarteret Giraffen","og_description":"Hos oss kan du bes\u00f6ka kl\u00e4dbutiker i Kalmar som Dressmann, Change, Esters, Lindex, H&M, Hunkem\u00f6ller, Indiska och Intersport & Stadium.","og_url":"https:\/\/www.giraffen.com\/en\/stores\/leaflet\/","og_site_name":"Giraffen.com","twitter_card":"summary_large_image","twitter_misc":{"Estimated reading time":"1 minute"},"schema":{"@context":"https:\/\/schema.org","@graph":[{"@type":"WebPage","@id":"https:\/\/www.giraffen.com\/en\/stores\/leaflet\/","url":"https:\/\/www.giraffen.com\/en\/stores\/leaflet\/","name":"Kl\u00e4dbutiker i Kalmar - Din kl\u00e4daff\u00e4r n\u00e4ra dig | Kvarteret Giraffen","isPartOf":{"@id":"https:\/\/www.giraffen.com\/en\/#website"},"datePublished":"2021-03-03T14:01:31+00:00","description":"Hos oss kan du bes\u00f6ka kl\u00e4dbutiker i Kalmar som Dressmann, Change, Esters, Lindex, H&M, Hunkem\u00f6ller, Indiska och Intersport & Stadium.","breadcrumb":{"@id":"https:\/\/www.giraffen.com\/en\/stores\/leaflet\/#breadcrumb"},"inLanguage":"en-GB","potentialAction":[{"@type":"ReadAction","target":["https:\/\/www.giraffen.com\/en\/stores\/leaflet\/"]}]},{"@type":"BreadcrumbList","@id":"https:\/\/www.giraffen.com\/en\/stores\/leaflet\/#breadcrumb","itemListElement":[{"@type":"ListItem","position":1,"name":"Hem","item":"https:\/\/www.giraffen.com\/en\/"},{"@type":"ListItem","position":2,"name":"Butiker","item":"https:\/\/www.giraffen.com\/butik\/"},{"@type":"ListItem","position":3,"name":"Kl\u00e4der"}]},{"@type":"WebSite","@id":"https:\/\/www.giraffen.com\/en\/#website","url":"https:\/\/www.giraffen.com\/en\/","name":"Giraffen.com","description":"Giraffen","publisher":{"@id":"https:\/\/www.giraffen.com\/en\/#organization"},"potentialAction":[{"@type":"SearchAction","target":{"@type":"EntryPoint","urlTemplate":"https:\/\/www.giraffen.com\/en\/?s={search_term_string}"},"query-input":{"@type":"PropertyValueSpecification","valueRequired":true,"valueName":"search_term_string"}}],"inLanguage":"en-GB"},{"@type":"Organization","@id":"https:\/\/www.giraffen.com\/en\/#organization","name":"Kvarteret Giraffen","url":"https:\/\/www.giraffen.com\/en\/","logo":{"@type":"ImageObject","inLanguage":"en-GB","@id":"https:\/\/www.giraffen.com\/en\/#\/schema\/logo\/image\/","url":"https:\/\/www.giraffen.com\/wp-content\/uploads\/2022\/05\/Giraffen-Logotyp-Blue-jpg-scaled-1.jpeg","contentUrl":"https:\/\/www.giraffen.com\/wp-content\/uploads\/2022\/05\/Giraffen-Logotyp-Blue-jpg-scaled-1.jpeg","width":2560,"height":627,"caption":"Kvarteret Giraffen"},"image":{"@id":"https:\/\/www.giraffen.com\/en\/#\/schema\/logo\/image\/"}}]}},"_links":{"self":[{"href":"https:\/\/www.giraffen.com\/en\/wp-json\/wp\/v2\/pages\/6247","targetHints":{"allow":["GET"]}}],"collection":[{"href":"https:\/\/www.giraffen.com\/en\/wp-json\/wp\/v2\/pages"}],"about":[{"href":"https:\/\/www.giraffen.com\/en\/wp-json\/wp\/v2\/types\/page"}],"author":[{"embeddable":true,"href":"https:\/\/www.giraffen.com\/en\/wp-json\/wp\/v2\/users\/2"}],"replies":[{"embeddable":true,"href":"https:\/\/www.giraffen.com\/en\/wp-json\/wp\/v2\/comments?post=6247"}],"version-history":[{"count":0,"href":"https:\/\/www.giraffen.com\/en\/wp-json\/wp\/v2\/pages\/6247\/revisions"}],"up":[{"embeddable":true,"href":"https:\/\/www.giraffen.com\/en\/wp-json\/wp\/v2\/pages\/4270"}],"wp:attachment":[{"href":"https:\/\/www.giraffen.com\/en\/wp-json\/wp\/v2\/media?parent=6247"}],"curies":[{"name":"wp","href":"https:\/\/api.w.org\/{rel}","templated":true}]}}