{"id":6478,"date":"2021-07-06T15:52:03","date_gmt":"2021-07-06T13:52:03","guid":{"rendered":"https:\/\/www.giraffen.com\/?page_id=6478"},"modified":"2025-09-05T11:48:34","modified_gmt":"2025-09-05T11:48:34","slug":"hallbarhet-och-csr","status":"publish","type":"page","link":"https:\/\/www.giraffen.com\/en\/hallability-and-csr\/","title":{"rendered":"Sustainability and CSR"},"content":{"rendered":"<p>[et_pb_section fb_built=&#8221;1&#8243; _builder_version=&#8221;4.16&#8243; _module_preset=&#8221;default&#8221; background_color=&#8221;rgba(0,0,0,0.5)&#8221; background_image=&#8221;https:\/\/www.giraffen.com\/wp-content\/uploads\/2022\/05\/hallbar.jpg&#8221; background_position=&#8221;bottom_center&#8221; background_blend=&#8221;multiply&#8221; min_height=&#8221;550px&#8221; max_height=&#8221;700px&#8221; global_colors_info=&#8221;{}&#8221;][et_pb_row admin_label=&#8221;Rubrik&#8221; module_class=&#8221;front-heading-row&#8221; _builder_version=&#8221;4.16&#8243; _module_preset=&#8221;default&#8221; custom_margin=&#8221;9em|auto||auto|false|false&#8221; global_colors_info=&#8221;{}&#8221;][et_pb_column type=&#8221;4_4&#8243; _builder_version=&#8221;4.16&#8243; _module_preset=&#8221;default&#8221; global_colors_info=&#8221;{}&#8221;][et_pb_text module_class=&#8221;white&#8221; _builder_version=&#8221;4.18.0&#8243; _module_preset=&#8221;default&#8221; text_text_color=&#8221;#FFFFFF&#8221; header_text_align=&#8221;center&#8221; header_text_color=&#8221;#FFFFFF&#8221; header_font_size=&#8221;2.5em&#8221; header_2_text_align=&#8221;center&#8221; header_2_text_color=&#8221;#0d2746&#8243; header_2_font_size=&#8221;2em&#8221; header_3_text_align=&#8221;center&#8221; custom_margin=&#8221;||0px||false|false&#8221; global_colors_info=&#8221;{}&#8221;]<\/p>\n<h1>V\u00e5rt h\u00e5llbarhetsarbete<\/h1>\n<p>[\/et_pb_text][et_pb_divider color=&#8221;#FFFFFF&#8221; divider_weight=&#8221;10px&#8221; _builder_version=&#8221;4.16&#8243; _module_preset=&#8221;default&#8221; max_width=&#8221;150px&#8221; module_alignment=&#8221;center&#8221; global_colors_info=&#8221;{}&#8221;][\/et_pb_divider][\/et_pb_column][\/et_pb_row][\/et_pb_section][et_pb_section fb_built=&#8221;1&#8243; _builder_version=&#8221;4.16&#8243; global_colors_info=&#8221;{}&#8221;][et_pb_row make_equal=&#8221;on&#8221; _builder_version=&#8221;4.16&#8243; _module_preset=&#8221;default&#8221; global_colors_info=&#8221;{}&#8221;][et_pb_column type=&#8221;4_4&#8243; _builder_version=&#8221;4.16&#8243; _module_preset=&#8221;default&#8221; global_colors_info=&#8221;{}&#8221;][et_pb_text _builder_version=&#8221;4.16&#8243; _module_preset=&#8221;default&#8221; hover_enabled=&#8221;0&#8243; global_colors_info=&#8221;{}&#8221; sticky_enabled=&#8221;0&#8243;]<\/p>\n<h3>For a sustainable neighbourhood today and tomorrow<\/h3>\n<p>At Kvarteret Giraffen we want to be a contributing factor to a more sustainable Kalmar. That's why we work actively to minimise our overall environmental impact and to support local initiatives that contribute to a better community. Here are some examples of how we do it.<\/p>\n<p>[\/et_pb_text][\/et_pb_column][\/et_pb_row][et_pb_row make_equal=&#8221;on&#8221; _builder_version=&#8221;4.16&#8243; _module_preset=&#8221;default&#8221; global_colors_info=&#8221;{}&#8221;][et_pb_column type=&#8221;4_4&#8243; _builder_version=&#8221;4.16&#8243; _module_preset=&#8221;default&#8221; global_colors_info=&#8221;{}&#8221;][et_pb_text _builder_version=&#8221;4.18.0&#8243; _module_preset=&#8221;default&#8221; hover_enabled=&#8221;0&#8243; global_colors_info=&#8221;{}&#8221; sticky_enabled=&#8221;0&#8243;]<\/p>\n<h3>Harvested cool air becomes heat<\/h3>\n<p>Did you know that the heat in the neighbourhood comes directly from the chilled foods displays in the supermarket?<\/p>\n<p>When ICA Maxi switched to a more modern and energy-efficient refrigeration system, we took the opportunity to think bigger together.  They therefore installed a system that recovers  \nthe energy surplus, which in turn benefits the entire neighbourhood. By harvesting the waste heat, we have been able to reduce our electricity consumption by 190,000 kWh every month - the equivalent of 115 average houses!<\/p>\n<p>[\/et_pb_text][\/et_pb_column][\/et_pb_row][et_pb_row make_equal=&#8221;on&#8221; _builder_version=&#8221;4.18.0&#8243; _module_preset=&#8221;default&#8221; global_colors_info=&#8221;{}&#8221;][et_pb_column type=&#8221;4_4&#8243; _builder_version=&#8221;4.16&#8243; _module_preset=&#8221;default&#8221; global_colors_info=&#8221;{}&#8221;][et_pb_text _builder_version=&#8221;4.18.0&#8243; _module_preset=&#8221;default&#8221; hover_enabled=&#8221;0&#8243; global_colors_info=&#8221;{}&#8221; sticky_enabled=&#8221;0&#8243;]<\/p>\n<h2>Samarbeten<\/h2>\n<p>[\/et_pb_text][et_pb_text _builder_version=&#8221;4.18.0&#8243; _module_preset=&#8221;default&#8221; hover_enabled=&#8221;0&#8243; global_colors_info=&#8221;{}&#8221; sticky_enabled=&#8221;0&#8243;]<\/p>\n<h3>Bokerian<\/h3>\n<p style=\"font-weight: 400;\">Bredvid paketutl\u00e4mningen hittar du v\u00e5r popul\u00e4ra Bokeria. H\u00e4r kan du l\u00e5na, byta eller beh\u00e5lla de b\u00f6cker du vill. N\u00e4r du vill. Ett h\u00e5llbart s\u00e4tt att dela l\u00e4supplevelser p\u00e5.<\/p>\n<p>[\/et_pb_text][et_pb_text _builder_version=&#8221;4.18.0&#8243; _module_preset=&#8221;default&#8221; hover_enabled=&#8221;0&#8243; global_colors_info=&#8221;{}&#8221; sticky_enabled=&#8221;0&#8243;]<\/p>\n<h3>IFK Kalmar for equality<\/h3>\n<p>IFK Kalmar wants to give girls of all ages the chance to play football and is working for a safer, more inclusive and more equal city. Naturally, we are behind this 100 percent.<\/p>\n<p>[\/et_pb_text][\/et_pb_column][\/et_pb_row][et_pb_row column_structure=&#8221;1_4,3_4&#8243; make_equal=&#8221;on&#8221; _builder_version=&#8221;4.16&#8243; _module_preset=&#8221;default&#8221; global_colors_info=&#8221;{}&#8221;][et_pb_column type=&#8221;1_4&#8243; _builder_version=&#8221;4.16&#8243; _module_preset=&#8221;default&#8221; global_colors_info=&#8221;{}&#8221;][et_pb_image src=&#8221;https:\/\/www.giraffen.com\/wp-content\/uploads\/2022\/05\/2-e1644834026391-768&#215;768-1.png&#8221; title_text=&#8221;2-e1644834026391-768&#215;768&#8243; _builder_version=&#8221;4.16&#8243; _module_preset=&#8221;default&#8221; global_colors_info=&#8221;{}&#8221;][\/et_pb_image][\/et_pb_column][et_pb_column type=&#8221;3_4&#8243; _builder_version=&#8221;4.16&#8243; _module_preset=&#8221;default&#8221; global_colors_info=&#8221;{}&#8221;][et_pb_text _builder_version=&#8221;4.18.0&#8243; _module_preset=&#8221;default&#8221; global_colors_info=&#8221;{}&#8221;]<\/p>\n<h3>Kalmar FF with heart<\/h3>\n<p>As Kalmar FF's partner, we help more children and young people to find friends, exercise and have fun in their free time. We also support the club's work with the Convention on the Rights of the Child and their school project where players read to primary school children in Kalmar.<\/p>\n<p>[\/et_pb_text][\/et_pb_column][\/et_pb_row][et_pb_row make_equal=&#8221;on&#8221; _builder_version=&#8221;4.16&#8243; _module_preset=&#8221;default&#8221; global_colors_info=&#8221;{}&#8221;][et_pb_column type=&#8221;4_4&#8243; _builder_version=&#8221;4.16&#8243; _module_preset=&#8221;default&#8221; global_colors_info=&#8221;{}&#8221;][et_pb_text _builder_version=&#8221;4.18.0&#8243; _module_preset=&#8221;default&#8221; global_colors_info=&#8221;{}&#8221;]<\/p>\n<h3>Kalmar HC<\/h3>\n<p>V\u00e5rt partnerskap med Kalmar HC g\u00f6r att vi tillsammans med dem bidrar till att erbjuda barn istid efter skolan tv\u00e5 dagar i veckan och d\u00e4rigenom ger dem en meningsfull fritid d\u00e4r tr\u00e4ning blandas med lek och r\u00f6relse.<\/p>\n<p>[\/et_pb_text][et_pb_text _builder_version=&#8221;4.18.0&#8243; _module_preset=&#8221;default&#8221; global_colors_info=&#8221;{}&#8221;]<\/p>\n<h3>Supporting Kalmar Stadsmission<\/h3>\n<p>We are happy and proud of our cooperation with Kalmar Stadsmission, which works to help people in vulnerable situations. A key feature is recurring projects in the neighbourhood, with proceeds going to fight addiction, ill health and social problems.<\/p>\n<p>[\/et_pb_text][et_pb_text _builder_version=&#8221;4.18.0&#8243; _module_preset=&#8221;default&#8221; global_colors_info=&#8221;{}&#8221;]<\/p>\n<h3>Trafikkalendern<\/h3>\n<p>Vi \u00e4r stolt samarbetspartner till Trafikkalendern, som \u00e4r Sveriges st\u00f6rsta l\u00e4romedel om trafiks\u00e4kerhet f\u00f6r barn. I 35 \u00e5r har de inspirerat skolor att arbeta med trafikfr\u00e5gor som en del av l\u00e4randet f\u00f6r h\u00e5llbar utveckling. Trafiks\u00e4kerhet, milj\u00f6, och h\u00e4lsa \u00e4r \u00e4mnen som genomsyrar hela materialet. Sveriges elever och l\u00e4rare i \u00e5r F-6 har tillg\u00e5ng till Trafikkalenderns material utan kostnad. Varje m\u00e5nad arrangeras aktiviteter d\u00e4r skolklasser har m\u00f6jlighet att delta och vinna fina priser. Ambitionen \u00e4r att trafikundervisning ska vara roligt, intressant och utvecklande.<\/p>\n<p>Engagemanget fr\u00e5n kommuner, lokala f\u00f6retag och organisationer m\u00f6jligg\u00f6r att materialet kan tillhandah\u00e5llas kostnadsfritt. Tillsammans bidrar vi allts\u00e5 till en b\u00e4ttre trafiks\u00e4kerhet i barnens n\u00e4rmilj\u00f6er genom att sprida information om barns utsatthet i trafiken.<\/p>\n<p><a href=\"https:\/\/trafikkalendern.se\/\" target=\"_blank\" rel=\"noopener\">L\u00e4s mer om Trafikkalendern<\/a><\/p>\n<p>[\/et_pb_text][et_pb_text _builder_version=&#8221;4.18.0&#8243; _module_preset=&#8221;default&#8221; global_colors_info=&#8221;{}&#8221;]<\/p>\n<h3>Ung F\u00f6retagsamhet<\/h3>\n<p>Dagens unga \u00e4r morgondagens entrepren\u00f6rer och medarbetare. Genom att investera i Ung F\u00f6retagsamhet i Kalmar L\u00e4n hj\u00e4lper vi unga att utvecklas och inspireras &#8211; och det \u00e4r ett st\u00e4llningstagande vi \u00e4r stolta \u00f6ver. Tre g\u00e5nger om \u00e5ret kommer ungdomarna till oss f\u00f6r att s\u00e4lja sina produkter vid speciella m\u00e4ssdagar. Vi \u00e4r ocks\u00e5 med i juryarbetet n\u00e4r de har sin stora UF-m\u00e4ssa i mars varje \u00e5r d\u00e4r vi \u00e4r med och utser \u00c5rets Vara.<\/p>\n<p>[\/et_pb_text][\/et_pb_column][\/et_pb_row][\/et_pb_section]<\/p>","protected":false},"excerpt":{"rendered":"<p>V\u00e5rt h\u00e5llbarhetsarbeteF\u00f6r ett h\u00e5llbart kvarter nu och imorgon. P\u00e5 Kvarteret Giraffen vill vi vara en bidragande faktor till ett h\u00e5llbarare Kalmar. D\u00e4rf\u00f6r jobbar vi aktivt med att minimera v\u00e5r samlade milj\u00f6p\u00e5verkan och att st\u00f6tta lokala initiativ som bidrar till ett b\u00e4ttre samh\u00e4lle. H\u00e4r har vi samlat n\u00e5gra exempel p\u00e5 hur vi g\u00f6r det.\u200b\u00c5tervunnen kyla blir [&hellip;]<\/p>","protected":false},"author":2,"featured_media":0,"parent":0,"menu_order":0,"comment_status":"closed","ping_status":"closed","template":"","meta":{"_et_pb_use_builder":"on","_et_pb_old_content":"<h3>F\u00f6r ett h\u00e5llbart kvarter nu och imorgon.<\/h3><p>P\u00e5 Kvarteret Giraffen vill vi vara en bidragande faktor till ett h\u00e5llbarare Kalmar. D\u00e4rf\u00f6r jobbar vi aktivt med att minimera v\u00e5r samlade milj\u00f6p\u00e5verkan och att st\u00f6tta lokala initiativ som bidrar till ett b\u00e4ttre samh\u00e4lle. H\u00e4r har vi samlat n\u00e5gra exempel p\u00e5 hur vi g\u00f6r det.<\/p><h3>\u00c5tervunnen kyla blir v\u00e4rme<\/h3><p>Visste du v\u00e4rmen i kvarteret kommer direkt fr\u00e5n kyldisken? N\u00e4r ICA Maxi skulle byta till en modernare och mer energisn\u00e5l kylanl\u00e4ggning passade vi p\u00e5 att t\u00e4nka st\u00f6rre tillsammans. D\u00e4rf\u00f6r installerades ett system som tar vara p\u00e5 \u00f6verskottsenergin, och g\u00f6r att v\u00e4rmen som bildas kommer hela kvarteret till godo. Genom att ta vara p\u00e5 spillv\u00e4rmen har vi kunna s\u00e4nka v\u00e5r elf\u00f6rbrukning med 190 000 kWh varje m\u00e5nad - vilket motsvarar 115 genomsnittliga villor!<\/p><h3>St\u00f6d till Kalmar Stadsmission<\/h3><p>Vi \u00e4r glada och stolta \u00f6ver v\u00e5rt samarbete med Kalmar Stadsmission, som verkar f\u00f6r att hj\u00e4lpa m\u00e4nniskor i utsatta livssituationer. Ett viktigt inslag \u00e4r \u00e5terkommande projekt i kvarteret d\u00e4r int\u00e4kterna g\u00e5r till att bek\u00e4mpa missbruk, oh\u00e4lsa och sociala problem.<br \/><img class=\"alignnone wp-image-6539\" src=\"https:\/\/www.giraffen.com\/wp-content\/uploads\/2021\/08\/jennydavid.jpg\" alt=\"\" width=\"345\" height=\"341\" \/><\/p><h3>Kalmar FF med hj\u00e4rta<\/h3><p>Som partner till Kalmar FF bidrar vi till att fler barn och ungdomar f\u00e5r chansen att hitta kompisar, r\u00f6ra p\u00e5 sig och ha kul p\u00e5 fritiden. Vi st\u00f6der ocks\u00e5 klubbens arbete med Barnkonventionen och deras skolprojekt d\u00e4r spelare l\u00e4ser f\u00f6r l\u00e5gstadieklasser i Kalmar.<br \/><a href=\"https:\/\/kalmarff.se\/om-kalmar-ff\/i-samhallet\/\"><img class=\"wp-image-6850\" src=\"https:\/\/www.giraffen.com\/wp-content\/uploads\/2022\/02\/2-e1644834026391-490x490.png\" alt=\"Kalmar FF med hj\u00e4rtat\" width=\"342\" height=\"342\" \/><\/a><\/p><h3>IFK Kalmar f\u00f6r j\u00e4mst\u00e4lldhet<\/h3><p>IFK Kalmar vill ge tjejer i alla \u00e5ldrar chansen att spela fotboll och jobbar f\u00f6r en tryggare, inkluderande och mer j\u00e4mst\u00e4lld stad. Det st\u00f6der vi givetvis till 100%.<\/p><h3>Integrationsprojekt med ECOudden<\/h3><p>Kvarteret Giraffen st\u00f6ttar ECOudden och deras satsning p\u00e5 socialt f\u00f6retagande f\u00f6r att hj\u00e4lpa kvinnor med invandrarbakgrund ut i arbetslivet. Zenab \u00e4r en av alla de som deltagit i projektet. Efter att ha utbildat sig till kock startade hon tillsammans med sin man Alaa den popul\u00e4ra foodtrucken Orient Falafel, som serverar god mat lagad av n\u00e4rproducerade r\u00e5varor i Kvarteret Giraffen. Vi har hj\u00e4lpt till i starten med att profilera verksamheten, och \u00e4r \u00f6vertygade om att deras driv, engagemang och supergoda falafel \u00e4r recept f\u00f6r en succ\u00e9.<br \/><img class=\"alignnone wp-image-6853\" src=\"https:\/\/www.giraffen.com\/wp-content\/uploads\/2022\/02\/Orient-4-490x490.jpg\" alt=\"\" width=\"338\" height=\"338\" \/><\/p><h3>Ett l\u00e5ngsiktigt ansvar<\/h3><p>Vill du veta mer om v\u00e5rt h\u00e5llbarhetsarbete? Enligt FN tillh\u00f6r v\u00e5r \u00e4gare Alecta v\u00e4rldens fr\u00e4msta f\u00f6retag n\u00e4r det g\u00e4ller h\u00e5llbara investeringar och ansvarsfull f\u00f6rvaltning. L\u00e4s mer om v\u00e5r milj\u00f6policy och ladda ner koncernens h\u00e5llbarhetsrapport p\u00e5 alecta.se.<\/p>","_et_gb_content_width":"","inline_featured_image":false,"footnotes":""},"class_list":["post-6478","page","type-page","status-publish","hentry"],"yoast_head":"<!-- This site is optimized with the Yoast SEO plugin v27.3 - https:\/\/yoast.com\/product\/yoast-seo-wordpress\/ -->\n<title>H\u00e5llbarhet och CSR - Giraffen.com<\/title>\n<meta name=\"robots\" content=\"index, follow, max-snippet:-1, max-image-preview:large, max-video-preview:-1\" \/>\n<link rel=\"canonical\" href=\"https:\/\/www.giraffen.com\/en\/hallability-and-csr\/\" \/>\n<meta property=\"og:locale\" content=\"en_GB\" \/>\n<meta property=\"og:type\" content=\"article\" \/>\n<meta property=\"og:title\" content=\"H\u00e5llbarhet och CSR - Giraffen.com\" \/>\n<meta property=\"og:description\" content=\"V\u00e5rt h\u00e5llbarhetsarbeteF\u00f6r ett h\u00e5llbart kvarter nu och imorgon. P\u00e5 Kvarteret Giraffen vill vi vara en bidragande faktor till ett h\u00e5llbarare Kalmar. D\u00e4rf\u00f6r jobbar vi aktivt med att minimera v\u00e5r samlade milj\u00f6p\u00e5verkan och att st\u00f6tta lokala initiativ som bidrar till ett b\u00e4ttre samh\u00e4lle. H\u00e4r har vi samlat n\u00e5gra exempel p\u00e5 hur vi g\u00f6r det.\u200b\u00c5tervunnen kyla blir [&hellip;]\" \/>\n<meta property=\"og:url\" content=\"https:\/\/www.giraffen.com\/en\/hallability-and-csr\/\" \/>\n<meta property=\"og:site_name\" content=\"Giraffen.com\" \/>\n<meta property=\"article:modified_time\" content=\"2025-09-05T11:48:34+00:00\" \/>\n<meta name=\"twitter:card\" content=\"summary_large_image\" \/>\n<meta name=\"twitter:label1\" content=\"Estimated reading time\" \/>\n\t<meta name=\"twitter:data1\" content=\"3 minutes\" \/>\n<script type=\"application\/ld+json\" class=\"yoast-schema-graph\">{\"@context\":\"https:\\\/\\\/schema.org\",\"@graph\":[{\"@type\":\"WebPage\",\"@id\":\"https:\\\/\\\/www.giraffen.com\\\/hallbarhet-och-csr\\\/\",\"url\":\"https:\\\/\\\/www.giraffen.com\\\/hallbarhet-och-csr\\\/\",\"name\":\"H\u00e5llbarhet och CSR - Giraffen.com\",\"isPartOf\":{\"@id\":\"https:\\\/\\\/www.giraffen.com\\\/en\\\/#website\"},\"datePublished\":\"2021-07-06T13:52:03+00:00\",\"dateModified\":\"2025-09-05T11:48:34+00:00\",\"breadcrumb\":{\"@id\":\"https:\\\/\\\/www.giraffen.com\\\/hallbarhet-och-csr\\\/#breadcrumb\"},\"inLanguage\":\"en-GB\",\"potentialAction\":[{\"@type\":\"ReadAction\",\"target\":[\"https:\\\/\\\/www.giraffen.com\\\/hallbarhet-och-csr\\\/\"]}]},{\"@type\":\"BreadcrumbList\",\"@id\":\"https:\\\/\\\/www.giraffen.com\\\/hallbarhet-och-csr\\\/#breadcrumb\",\"itemListElement\":[{\"@type\":\"ListItem\",\"position\":1,\"name\":\"Hem\",\"item\":\"https:\\\/\\\/www.giraffen.com\\\/en\\\/\"},{\"@type\":\"ListItem\",\"position\":2,\"name\":\"H\u00e5llbarhet och CSR\"}]},{\"@type\":\"WebSite\",\"@id\":\"https:\\\/\\\/www.giraffen.com\\\/en\\\/#website\",\"url\":\"https:\\\/\\\/www.giraffen.com\\\/en\\\/\",\"name\":\"Giraffen.com\",\"description\":\"Giraffen\",\"publisher\":{\"@id\":\"https:\\\/\\\/www.giraffen.com\\\/en\\\/#organization\"},\"potentialAction\":[{\"@type\":\"SearchAction\",\"target\":{\"@type\":\"EntryPoint\",\"urlTemplate\":\"https:\\\/\\\/www.giraffen.com\\\/en\\\/?s={search_term_string}\"},\"query-input\":{\"@type\":\"PropertyValueSpecification\",\"valueRequired\":true,\"valueName\":\"search_term_string\"}}],\"inLanguage\":\"en-GB\"},{\"@type\":\"Organization\",\"@id\":\"https:\\\/\\\/www.giraffen.com\\\/en\\\/#organization\",\"name\":\"Kvarteret Giraffen\",\"url\":\"https:\\\/\\\/www.giraffen.com\\\/en\\\/\",\"logo\":{\"@type\":\"ImageObject\",\"inLanguage\":\"en-GB\",\"@id\":\"https:\\\/\\\/www.giraffen.com\\\/en\\\/#\\\/schema\\\/logo\\\/image\\\/\",\"url\":\"https:\\\/\\\/www.giraffen.com\\\/wp-content\\\/uploads\\\/2022\\\/05\\\/Giraffen-Logotyp-Blue-jpg-scaled-1.jpeg\",\"contentUrl\":\"https:\\\/\\\/www.giraffen.com\\\/wp-content\\\/uploads\\\/2022\\\/05\\\/Giraffen-Logotyp-Blue-jpg-scaled-1.jpeg\",\"width\":2560,\"height\":627,\"caption\":\"Kvarteret Giraffen\"},\"image\":{\"@id\":\"https:\\\/\\\/www.giraffen.com\\\/en\\\/#\\\/schema\\\/logo\\\/image\\\/\"}}]}<\/script>\n<!-- \/ Yoast SEO plugin. -->","yoast_head_json":{"title":"H\u00e5llbarhet och CSR - Giraffen.com","robots":{"index":"index","follow":"follow","max-snippet":"max-snippet:-1","max-image-preview":"max-image-preview:large","max-video-preview":"max-video-preview:-1"},"canonical":"https:\/\/www.giraffen.com\/en\/hallability-and-csr\/","og_locale":"en_GB","og_type":"article","og_title":"H\u00e5llbarhet och CSR - Giraffen.com","og_description":"V\u00e5rt h\u00e5llbarhetsarbeteF\u00f6r ett h\u00e5llbart kvarter nu och imorgon. P\u00e5 Kvarteret Giraffen vill vi vara en bidragande faktor till ett h\u00e5llbarare Kalmar. D\u00e4rf\u00f6r jobbar vi aktivt med att minimera v\u00e5r samlade milj\u00f6p\u00e5verkan och att st\u00f6tta lokala initiativ som bidrar till ett b\u00e4ttre samh\u00e4lle. H\u00e4r har vi samlat n\u00e5gra exempel p\u00e5 hur vi g\u00f6r det.\u200b\u00c5tervunnen kyla blir [&hellip;]","og_url":"https:\/\/www.giraffen.com\/en\/hallability-and-csr\/","og_site_name":"Giraffen.com","article_modified_time":"2025-09-05T11:48:34+00:00","twitter_card":"summary_large_image","twitter_misc":{"Estimated reading time":"3 minutes"},"schema":{"@context":"https:\/\/schema.org","@graph":[{"@type":"WebPage","@id":"https:\/\/www.giraffen.com\/hallbarhet-och-csr\/","url":"https:\/\/www.giraffen.com\/hallbarhet-och-csr\/","name":"H\u00e5llbarhet och CSR - Giraffen.com","isPartOf":{"@id":"https:\/\/www.giraffen.com\/en\/#website"},"datePublished":"2021-07-06T13:52:03+00:00","dateModified":"2025-09-05T11:48:34+00:00","breadcrumb":{"@id":"https:\/\/www.giraffen.com\/hallbarhet-och-csr\/#breadcrumb"},"inLanguage":"en-GB","potentialAction":[{"@type":"ReadAction","target":["https:\/\/www.giraffen.com\/hallbarhet-och-csr\/"]}]},{"@type":"BreadcrumbList","@id":"https:\/\/www.giraffen.com\/hallbarhet-och-csr\/#breadcrumb","itemListElement":[{"@type":"ListItem","position":1,"name":"Hem","item":"https:\/\/www.giraffen.com\/en\/"},{"@type":"ListItem","position":2,"name":"H\u00e5llbarhet och CSR"}]},{"@type":"WebSite","@id":"https:\/\/www.giraffen.com\/en\/#website","url":"https:\/\/www.giraffen.com\/en\/","name":"Giraffen.com","description":"Giraffen","publisher":{"@id":"https:\/\/www.giraffen.com\/en\/#organization"},"potentialAction":[{"@type":"SearchAction","target":{"@type":"EntryPoint","urlTemplate":"https:\/\/www.giraffen.com\/en\/?s={search_term_string}"},"query-input":{"@type":"PropertyValueSpecification","valueRequired":true,"valueName":"search_term_string"}}],"inLanguage":"en-GB"},{"@type":"Organization","@id":"https:\/\/www.giraffen.com\/en\/#organization","name":"Kvarteret Giraffen","url":"https:\/\/www.giraffen.com\/en\/","logo":{"@type":"ImageObject","inLanguage":"en-GB","@id":"https:\/\/www.giraffen.com\/en\/#\/schema\/logo\/image\/","url":"https:\/\/www.giraffen.com\/wp-content\/uploads\/2022\/05\/Giraffen-Logotyp-Blue-jpg-scaled-1.jpeg","contentUrl":"https:\/\/www.giraffen.com\/wp-content\/uploads\/2022\/05\/Giraffen-Logotyp-Blue-jpg-scaled-1.jpeg","width":2560,"height":627,"caption":"Kvarteret Giraffen"},"image":{"@id":"https:\/\/www.giraffen.com\/en\/#\/schema\/logo\/image\/"}}]}},"_links":{"self":[{"href":"https:\/\/www.giraffen.com\/en\/wp-json\/wp\/v2\/pages\/6478","targetHints":{"allow":["GET"]}}],"collection":[{"href":"https:\/\/www.giraffen.com\/en\/wp-json\/wp\/v2\/pages"}],"about":[{"href":"https:\/\/www.giraffen.com\/en\/wp-json\/wp\/v2\/types\/page"}],"author":[{"embeddable":true,"href":"https:\/\/www.giraffen.com\/en\/wp-json\/wp\/v2\/users\/2"}],"replies":[{"embeddable":true,"href":"https:\/\/www.giraffen.com\/en\/wp-json\/wp\/v2\/comments?post=6478"}],"version-history":[{"count":0,"href":"https:\/\/www.giraffen.com\/en\/wp-json\/wp\/v2\/pages\/6478\/revisions"}],"wp:attachment":[{"href":"https:\/\/www.giraffen.com\/en\/wp-json\/wp\/v2\/media?parent=6478"}],"curies":[{"name":"wp","href":"https:\/\/api.w.org\/{rel}","templated":true}]}}