{"id":8110,"date":"2022-05-09T12:03:47","date_gmt":"2022-05-09T12:03:47","guid":{"rendered":"https:\/\/giraffen.advisoryhosting.se\/?page_id=8110"},"modified":"2024-09-19T13:47:12","modified_gmt":"2024-09-19T13:47:12","slug":"noje-halsa","status":"publish","type":"page","link":"https:\/\/www.giraffen.com\/en\/noje-halsa\/","title":{"rendered":"Fun &amp; Health"},"content":{"rendered":"<p>[et_pb_section fb_built=\"1\u2033 admin_label=\"section\" _builder_version=\"4.16\u2033 custom_padding=\"0px||||false|false\" global_colors_info=\"{}\"][et_pb_row admin_label=\"row\" _builder_version=\"4.16\u2033 background_size=\"initial\" background_position=\"top_left\" background_repeat=\"repeat\" global_colors_info=\"{}\"][et_pb_column type=\"4_4\u2033 _builder_version=\"4.16\u2033 custom_padding=\"|||\" global_colors_info=\"{}\" custom_padding__hover=\"|||\"][et_pb_text _builder_version=\"4.18.0\u2033 _module_preset=\"default\" text_font=\"GT Walsheim||||||||\" width=\"80%\" max_width=\"80%\" module_alignment=\"centre\" custom_padding=\"||0px||false|false\" global_colors_info=\"{}\"]<\/p>\n<p  style=\"text-align: center;\">Welcome to a world of fun and well-being at the Kvarteret Giraffen in Kalmar! Explore our first-class services at Center Nail &amp; Lash for beautiful nails and eyelashes, experience the excitement of Kalmar Superbowl with quality bowling lanes and fun events, and stay fit at Nordic Wellness with inspiring workouts and state-of-the-art facilities. At Salong Hans &amp; Jan, you can enjoy professional hairdressing skills and top quality products. For all ages and interests, here you will find something that suits you. <\/p>\n<p>[\/et_pb_text][et_pb_code _builder_version=\"4.16\u2033 _module_preset=\"default\" global_colors_info=\"{}\"]<div class='fun-and-health-wrapper'><div class='fun-and-health-divider'><\/div><div class='fun-and-health-row'><div class='fun-and-health-left-col'><h2 class='fun-and-health-title'>Centre Nail &amp; Lash<\/h2><span class='open-today'>Open today<\/span><br><div class='opening-hours-wrapper'><div class='hours-today-wrapper'><div class='hours-row'><p class='hours-text'>10:00 - 19:00<\/p><\/div><\/div><\/div><\/div><div class='fun-and-health-right-col'><p>CENTER Nail &amp; Lash is a nail and lash salon for you in Kalmar who think it is important to have beautiful and fresh nails and eyelashes. We specialize in professional hand and nail care and are very knowledgeable and award-winning in lash treatments. Our ambition is always to offer you services of the highest quality.<\/p><\/div><\/div><div class='fun-and-health-divider'><\/div><div class='fun-and-health-row'><div class='fun-and-health-left-col'><h2 class='fun-and-health-title'>Kalmar Superbowl<\/h2><span class='open-today'>Open today<\/span><br><p class='hours-row'>See website<\/p><\/div><div class='fun-and-health-right-col'><p>We at Kalmar Superbowl welcome everyone to a wonderful bowling experience! Our lanes are of high quality and we often organize competitions. Disco bowling, company party, children's party? Here are the options. We also serve food in our restaurant section, our taco nights are widely known.\r\n\r\n<a href=\"https:\/\/kalmarsuperbowl.se\/\">www.kalmarsuperbowl.se<\/a>\r\n\r\n&nbsp;\r\n\r\n&nbsp;\r\n\r\n&nbsp;<\/p><\/div><\/div><div class='fun-and-health-divider'><\/div><div class='fun-and-health-row'><div class='fun-and-health-left-col'><h2 class='fun-and-health-title'>Nordic Wellness<\/h2><span class='open-today'>Open today<\/span><br><div class='opening-hours-wrapper'><div class='hours-today-wrapper'><div class='hours-row'><p class='hours-text'>11:00 - 20:00<\/p><\/div><\/div><\/div><\/div><div class='fun-and-health-right-col'><p>At Nordic Wellness you will find a fully equipped gym with a modern machine park, several group training rooms and a great atmosphere. The most important driving force behind an active and healthy life is inspiring and fun exercise where the team at NW will motivate you towards your goals. At Nordic Wellness you are always met by a genuine commitment, a high level of service and an environment that is charged with positive energy. It should be fun and stimulating, whether it's working out with friends, testing your limits or setting a new personal record.<\/p><\/div><\/div><div class='fun-and-health-divider'><\/div><div class='fun-and-health-row'><div class='fun-and-health-left-col'><h2 class='fun-and-health-title'>Salon Hans &amp; Jan<\/h2><span class='open-today'>Open today<\/span><br><div class='opening-hours-wrapper'><div class='hours-today-wrapper'><div class='hours-row'><p class='hours-text'>09:00 - 19:00<\/p><\/div><\/div><\/div><\/div><div class='fun-and-health-right-col'><p><strong>Salon Hans &amp; Jan<\/strong> was founded over 50 years ago in Kalmar. We always strive to deliver the highest quality and all our hairdressers are well trained and have a journeyman's certificate, the ultimate proof of professional skills in the craft. We have raised many successful hairdressers over the years. Our hairdressing shop is well stocked with the best brands and we have great knowledge of which products are right for you.<\/p><\/div><\/div><div class='fun-and-health-divider'><\/div><\/div>[\/et_pb_code][\/et_pb_column][\/et_pb_row][\/et_pb_section]<\/p>","protected":false},"excerpt":{"rendered":"<p>Welcome to a world of fun and well-being at the Giraffe neighbourhood in Kalmar! Explore our first-class services at Centre Nail &amp; Lash for beautiful nails and eyelashes, experience the excitement of Kalmar Superbowl with quality bowling lanes and fun events, and stay fit at Nordic Wellness with inspiring workouts and state-of-the-art facilities. At Salong Hans [...]<\/p>","protected":false},"author":1,"featured_media":0,"parent":0,"menu_order":0,"comment_status":"open","ping_status":"open","template":"","meta":{"_et_pb_use_builder":"on","_et_pb_old_content":"Hos oss p\u00e5 Kvarteret Giraffen i Kalmar hittar du restauranger och caf\u00e9er f\u00f6r alla smaker! Asiatisk buff\u00e9, sushi, husmanskost, italienskt, kroppkakor eller varf\u00f6r inte tr\u00e4ffas \u00f6ver en god kopp kaffe och hembakat?\r\n<h2>Baked & Grilled<\/h2>\r\nP\u00e5 Baked & Grilled serveras italienska l\u00e4ckerheter som pasta och pizza, men ocks\u00e5 modern svensk husmanskost lagad fr\u00e5n grunden. Till lunch erbjuds ett antal r\u00e4tter, lunchbuff\u00e9 samt en stor salladsbuff\u00e9 och p\u00e5 helgerna erbjuds varierande pizzabuff\u00e9 samt varierande grillr\u00e4tter. Ut\u00f6ver detta \u00e4r catering och avh\u00e4mtning en del av verksamheten. \u00d6ppet: m\u00e5-fre 10-20, l\u00f6-s\u00f6 10-18.\r\n<h2>Bastard Burgers<\/h2>\r\nMed inspiration fr\u00e5n New York och r\u00f6tterna i Norrland levererar\u00a0<em><b>Bastard Burgers<\/b><\/em>\u00a0Sveriges b\u00e4sta hamburgare. V\u00e4lkommen!\r\n\u00d6ppettider: m\u00e5-to 10-20, fre-l\u00f6 10-21, s\u00f6 10-19.\r\n<h2>Espresso house<\/h2>\r\nEspresso House brinner f\u00f6r kaffe, det har v\u00e4l ingen missat? Men det \u00e4r inte allt. De gillar ocks\u00e5 andra varma drycker, kalla drycker, bakverk, mackor och sallad. \u00d6ppettider: M\u00e5-fr 9-19, l\u00f6 9-18, s\u00f6 10-18.\r\n<h2>Ginger<\/h2>\r\nGinger erbjuder ett asiatiskt mixat k\u00f6k fr\u00e5n Thailand, Japan, Kina och sydl\u00e4nderna:\u00a0\u00a0sushi, olika varmr\u00e4tter, salladsbuff\u00e9 och s\u00f6tsaker med kaffe. Allt i form av buff\u00e9 och i b\u00e4sta smak och kvalit\u00e9. Ginger ligger i galleriag\u00e5ngen utanf\u00f6r Coop och Systembolaget. \u00d6ppet vard 10-19, l\u00f6-s\u00f6 10-17.\r\n<h2>Kama Sushi<\/h2>\r\nP\u00e5 Kama Sushi hittar du v\u00e4llagad sushi, tillagad med k\u00e4rlek och de allra b\u00e4sta r\u00e5varorna. \u00d6ppet m\u00e5n-s\u00f6n 10-20.30\r\n<h2>Maxi Caf\u00e9 & Livingroom<\/h2>\r\nP\u00e5 Maxis eget caf\u00e9 hittar du fika bakat i eget bageri och luncher till bra priser! Du kan ocks\u00e5 \u00e4ta Arontorps smarriga kroppkakor h\u00e4r, varje dag fr\u00e5n kl 11! \u00d6ppet m\u00e5-fr 8-20, l\u00f6-s\u00f6 9-18.\r\nVi serverar en smarrig frukostbuff\u00e9 med lokala varor samt br\u00f6d bakat av v\u00e5ra egna bagare varje vardag mellan 8-10.30. Varje vardag mellan 11.30-14.30 serveras \u00e4ven lunchbuff\u00e9 lagad av v\u00e5r egen kock Daniel. Dagens r\u00e4tt, dagens vego, dagens soppa, sallad samt kaffe och kaka\u00a0ing\u00e5r till priset av 99kr.\r\n<h2>Mc Donald\u00b4s<\/h2>\r\nMcDonald\u00b4s hittar du i korsningen Dahl\u00e9ngatan\/Erik Dahlbergs v\u00e4g.\r\nV\u00e4lkommen till Sveriges \u00f6ppnaste restaurang!\r\n\u00d6ppet hela dygnet. McDrive, lekplatser, gratis WiFi.\r\n<h2>Danska Wienerbageriet Giraffen! (\u00d6ppnar v\u00e5ren 2022)<\/h2>\r\nH\u00e4r kan vi stolt presentera v\u00e5rt breda sortiment helt och h\u00e5llet bakat fr\u00e5n grunden, och d\u00e5 menar vi verkligen fr\u00e5n grunden. H\u00e4r vispar vi v\u00e5r egen budapest och t\u00e5rtbottnar. Matbr\u00f6d som tex r\u00e5gbr\u00f6d och surdegslimpor f\u00e5r kylj\u00e4sa \u00f6ver natten f\u00f6r att f\u00e5 b\u00e4sta smak och konsistens. \u00c4ven v\u00e5ra klassiska wienerbr\u00f6d kavlas och viks p\u00e5 gammalt vis. Ett gediget hantverk som vi kallar det. \u00c4r du hungrig finns ett stort urval av v\u00e5ra popul\u00e4ra sallader och mackor. Vi erbjuder take away om du \u00e4r p\u00e5 spr\u00e5ng, eller s\u00e5 kan ni sitta ner i v\u00e5r mysiga caf\u00e8 del.\r\n\u00a0","_et_gb_content_width":"","inline_featured_image":false,"footnotes":""},"class_list":["post-8110","page","type-page","status-publish","hentry"],"yoast_head":"<!-- This site is optimized with the Yoast SEO plugin v27.3 - https:\/\/yoast.com\/product\/yoast-seo-wordpress\/ -->\n<title>N\u00f6je &amp; v\u00e4lbefinnande i Kalmar p\u00e5 kvarteret Giraffen!<\/title>\n<meta name=\"robots\" content=\"index, follow, max-snippet:-1, max-image-preview:large, max-video-preview:-1\" \/>\n<link rel=\"canonical\" href=\"https:\/\/www.giraffen.com\/en\/noje-halsa\/\" \/>\n<meta property=\"og:locale\" content=\"en_GB\" \/>\n<meta property=\"og:type\" content=\"article\" \/>\n<meta property=\"og:title\" content=\"N\u00f6je &amp; v\u00e4lbefinnande i Kalmar p\u00e5 kvarteret Giraffen!\" \/>\n<meta property=\"og:description\" content=\"V\u00e4lkommen till en v\u00e4rld av n\u00f6je och v\u00e4lbefinnande p\u00e5 kvarteret Giraffen i Kalmar! Utforska v\u00e5ra f\u00f6rstklassiga tj\u00e4nster p\u00e5 Center Nail &amp; Lash f\u00f6r snygga naglar och \u00f6gonfransar, upplev sp\u00e4nningen p\u00e5 Kalmar Superbowl med kvalitativa bowlingbanor och roliga evenemang, och h\u00e5ll dig i form p\u00e5 Nordic Wellness med inspirerande tr\u00e4ning och toppmoderna faciliteter. P\u00e5 Salong Hans [&hellip;]\" \/>\n<meta property=\"og:url\" content=\"https:\/\/www.giraffen.com\/en\/noje-halsa\/\" \/>\n<meta property=\"og:site_name\" content=\"Giraffen.com\" \/>\n<meta property=\"article:modified_time\" content=\"2024-09-19T13:47:12+00:00\" \/>\n<meta name=\"twitter:card\" content=\"summary_large_image\" \/>\n<meta name=\"twitter:label1\" content=\"Estimated reading time\" \/>\n\t<meta name=\"twitter:data1\" content=\"3 minutes\" \/>\n<script type=\"application\/ld+json\" class=\"yoast-schema-graph\">{\"@context\":\"https:\\\/\\\/schema.org\",\"@graph\":[{\"@type\":\"WebPage\",\"@id\":\"https:\\\/\\\/www.giraffen.com\\\/noje-halsa\\\/\",\"url\":\"https:\\\/\\\/www.giraffen.com\\\/noje-halsa\\\/\",\"name\":\"N\u00f6je & v\u00e4lbefinnande i Kalmar p\u00e5 kvarteret Giraffen!\",\"isPartOf\":{\"@id\":\"https:\\\/\\\/www.giraffen.com\\\/en\\\/#website\"},\"datePublished\":\"2022-05-09T12:03:47+00:00\",\"dateModified\":\"2024-09-19T13:47:12+00:00\",\"breadcrumb\":{\"@id\":\"https:\\\/\\\/www.giraffen.com\\\/noje-halsa\\\/#breadcrumb\"},\"inLanguage\":\"en-GB\",\"potentialAction\":[{\"@type\":\"ReadAction\",\"target\":[\"https:\\\/\\\/www.giraffen.com\\\/noje-halsa\\\/\"]}]},{\"@type\":\"BreadcrumbList\",\"@id\":\"https:\\\/\\\/www.giraffen.com\\\/noje-halsa\\\/#breadcrumb\",\"itemListElement\":[{\"@type\":\"ListItem\",\"position\":1,\"name\":\"Hem\",\"item\":\"https:\\\/\\\/www.giraffen.com\\\/en\\\/\"},{\"@type\":\"ListItem\",\"position\":2,\"name\":\"N\u00f6je &#038; H\u00e4lsa\"}]},{\"@type\":\"WebSite\",\"@id\":\"https:\\\/\\\/www.giraffen.com\\\/en\\\/#website\",\"url\":\"https:\\\/\\\/www.giraffen.com\\\/en\\\/\",\"name\":\"Giraffen.com\",\"description\":\"Giraffen\",\"publisher\":{\"@id\":\"https:\\\/\\\/www.giraffen.com\\\/en\\\/#organization\"},\"potentialAction\":[{\"@type\":\"SearchAction\",\"target\":{\"@type\":\"EntryPoint\",\"urlTemplate\":\"https:\\\/\\\/www.giraffen.com\\\/en\\\/?s={search_term_string}\"},\"query-input\":{\"@type\":\"PropertyValueSpecification\",\"valueRequired\":true,\"valueName\":\"search_term_string\"}}],\"inLanguage\":\"en-GB\"},{\"@type\":\"Organization\",\"@id\":\"https:\\\/\\\/www.giraffen.com\\\/en\\\/#organization\",\"name\":\"Kvarteret Giraffen\",\"url\":\"https:\\\/\\\/www.giraffen.com\\\/en\\\/\",\"logo\":{\"@type\":\"ImageObject\",\"inLanguage\":\"en-GB\",\"@id\":\"https:\\\/\\\/www.giraffen.com\\\/en\\\/#\\\/schema\\\/logo\\\/image\\\/\",\"url\":\"https:\\\/\\\/www.giraffen.com\\\/wp-content\\\/uploads\\\/2022\\\/05\\\/Giraffen-Logotyp-Blue-jpg-scaled-1.jpeg\",\"contentUrl\":\"https:\\\/\\\/www.giraffen.com\\\/wp-content\\\/uploads\\\/2022\\\/05\\\/Giraffen-Logotyp-Blue-jpg-scaled-1.jpeg\",\"width\":2560,\"height\":627,\"caption\":\"Kvarteret Giraffen\"},\"image\":{\"@id\":\"https:\\\/\\\/www.giraffen.com\\\/en\\\/#\\\/schema\\\/logo\\\/image\\\/\"}}]}<\/script>\n<!-- \/ Yoast SEO plugin. -->","yoast_head_json":{"title":"N\u00f6je & v\u00e4lbefinnande i Kalmar p\u00e5 kvarteret Giraffen!","robots":{"index":"index","follow":"follow","max-snippet":"max-snippet:-1","max-image-preview":"max-image-preview:large","max-video-preview":"max-video-preview:-1"},"canonical":"https:\/\/www.giraffen.com\/en\/noje-halsa\/","og_locale":"en_GB","og_type":"article","og_title":"N\u00f6je & v\u00e4lbefinnande i Kalmar p\u00e5 kvarteret Giraffen!","og_description":"V\u00e4lkommen till en v\u00e4rld av n\u00f6je och v\u00e4lbefinnande p\u00e5 kvarteret Giraffen i Kalmar! Utforska v\u00e5ra f\u00f6rstklassiga tj\u00e4nster p\u00e5 Center Nail & Lash f\u00f6r snygga naglar och \u00f6gonfransar, upplev sp\u00e4nningen p\u00e5 Kalmar Superbowl med kvalitativa bowlingbanor och roliga evenemang, och h\u00e5ll dig i form p\u00e5 Nordic Wellness med inspirerande tr\u00e4ning och toppmoderna faciliteter. P\u00e5 Salong Hans [&hellip;]","og_url":"https:\/\/www.giraffen.com\/en\/noje-halsa\/","og_site_name":"Giraffen.com","article_modified_time":"2024-09-19T13:47:12+00:00","twitter_card":"summary_large_image","twitter_misc":{"Estimated reading time":"3 minutes"},"schema":{"@context":"https:\/\/schema.org","@graph":[{"@type":"WebPage","@id":"https:\/\/www.giraffen.com\/noje-halsa\/","url":"https:\/\/www.giraffen.com\/noje-halsa\/","name":"N\u00f6je & v\u00e4lbefinnande i Kalmar p\u00e5 kvarteret Giraffen!","isPartOf":{"@id":"https:\/\/www.giraffen.com\/en\/#website"},"datePublished":"2022-05-09T12:03:47+00:00","dateModified":"2024-09-19T13:47:12+00:00","breadcrumb":{"@id":"https:\/\/www.giraffen.com\/noje-halsa\/#breadcrumb"},"inLanguage":"en-GB","potentialAction":[{"@type":"ReadAction","target":["https:\/\/www.giraffen.com\/noje-halsa\/"]}]},{"@type":"BreadcrumbList","@id":"https:\/\/www.giraffen.com\/noje-halsa\/#breadcrumb","itemListElement":[{"@type":"ListItem","position":1,"name":"Hem","item":"https:\/\/www.giraffen.com\/en\/"},{"@type":"ListItem","position":2,"name":"N\u00f6je &#038; H\u00e4lsa"}]},{"@type":"WebSite","@id":"https:\/\/www.giraffen.com\/en\/#website","url":"https:\/\/www.giraffen.com\/en\/","name":"Giraffen.com","description":"Giraffen","publisher":{"@id":"https:\/\/www.giraffen.com\/en\/#organization"},"potentialAction":[{"@type":"SearchAction","target":{"@type":"EntryPoint","urlTemplate":"https:\/\/www.giraffen.com\/en\/?s={search_term_string}"},"query-input":{"@type":"PropertyValueSpecification","valueRequired":true,"valueName":"search_term_string"}}],"inLanguage":"en-GB"},{"@type":"Organization","@id":"https:\/\/www.giraffen.com\/en\/#organization","name":"Kvarteret Giraffen","url":"https:\/\/www.giraffen.com\/en\/","logo":{"@type":"ImageObject","inLanguage":"en-GB","@id":"https:\/\/www.giraffen.com\/en\/#\/schema\/logo\/image\/","url":"https:\/\/www.giraffen.com\/wp-content\/uploads\/2022\/05\/Giraffen-Logotyp-Blue-jpg-scaled-1.jpeg","contentUrl":"https:\/\/www.giraffen.com\/wp-content\/uploads\/2022\/05\/Giraffen-Logotyp-Blue-jpg-scaled-1.jpeg","width":2560,"height":627,"caption":"Kvarteret Giraffen"},"image":{"@id":"https:\/\/www.giraffen.com\/en\/#\/schema\/logo\/image\/"}}]}},"_links":{"self":[{"href":"https:\/\/www.giraffen.com\/en\/wp-json\/wp\/v2\/pages\/8110","targetHints":{"allow":["GET"]}}],"collection":[{"href":"https:\/\/www.giraffen.com\/en\/wp-json\/wp\/v2\/pages"}],"about":[{"href":"https:\/\/www.giraffen.com\/en\/wp-json\/wp\/v2\/types\/page"}],"author":[{"embeddable":true,"href":"https:\/\/www.giraffen.com\/en\/wp-json\/wp\/v2\/users\/1"}],"replies":[{"embeddable":true,"href":"https:\/\/www.giraffen.com\/en\/wp-json\/wp\/v2\/comments?post=8110"}],"version-history":[{"count":0,"href":"https:\/\/www.giraffen.com\/en\/wp-json\/wp\/v2\/pages\/8110\/revisions"}],"wp:attachment":[{"href":"https:\/\/www.giraffen.com\/en\/wp-json\/wp\/v2\/media?parent=8110"}],"curies":[{"name":"wp","href":"https:\/\/api.w.org\/{rel}","templated":true}]}}