{"id":9017,"date":"2020-10-09T06:43:42","date_gmt":"2020-10-09T06:43:42","guid":{"rendered":"https:\/\/giraffen.advisoryhosting.se\/pressmaterial\/"},"modified":"2024-09-20T07:17:07","modified_gmt":"2024-09-20T07:17:07","slug":"pressmaterial","status":"publish","type":"page","link":"https:\/\/www.giraffen.com\/en\/press-material\/","title":{"rendered":"Press material"},"content":{"rendered":"<p>[et_pb_section fb_built=\"1\u2033 _builder_version=\"4.16\u2033 global_colors_info=\"{}\"][et_pb_row admin_label=\"Heading\" module_class=\"front-heading-row\" _builder_version=\"4.16\u2033 _module_preset=\"default\" global_colors_info=\"{}\"][et_pb_column type=\"4_4\u2033 _builder_version=\"4.16\u2033 _module_preset=\"default\" global_colors_info=\"{}\"][et_pb_text _builder_version=\"4.16\u2033 _module_preset=\"default\" header_text_align=\"centre\" header_font_size=\"2.5em\" header_2_text_align=\"center\" header_2_text_color=\"#0d2746\u2033 header_2_font_size=\"2em\" header_3_text_align=\"center\" custom_margin=\"||0px||false|false\" global_colors_info=\"{}\"]<\/p>\n<h1>Press material<\/h1>\n<p>[\/et_pb_text][et_pb_divider colour=\"#0d2746\u2033 divider_weight=\"10px\" _builder_version=\"4.16\u2033 _module_preset=\"default\" max_width=\"150px\" module_alignment=\"center\" global_colors_info=\"{}\"][\/et_pb_divider][\/et_pb_column][\/et_pb_row][et_pb_row _builder_version=\"4.16\u2033 background_size=\"initial\" background_position=\"top_left\" background_repeat=\"repeat\" global_colors_info=\"{}\"][et_pb_column type=\"4_4\u2033 _builder_version=\"4.16\u2033 custom_padding=\"|||\" global_colors_info=\"{}\" custom_padding__hover=\"|||\"][et_pb_text _builder_version=\"4.16\u2033 background_size=\"initial\" background_position=\"top_left\" background_repeat=\"repeat\" text_orientation=\"centre\" global_colors_info=\"{}\"]<\/p>\n<h2>Here you can find the logos of Kvarteret Giraffen for download.<\/h2>\n<p>The blue one should be used primarily.<\/p>\n<h3>Giraffe logo blue:<\/h3>\n<p><a href=\"\/wp-content\/uploads\/2022\/05\/Giraffen-Logotyp-Blue-RGB.png\" target=\"_blank\" rel=\"noopener noreferrer\">PNG<\/a><br \/><a style=\"padding-left: 0;\" href=\"\/wp-content\/uploads\/2022\/05\/Giraffen-Logotyp-Blue-CMYK.pdf\" target=\"_blank\" rel=\"noopener noreferrer\">PDF<\/a><br \/><a href=\"\/wp-content\/uploads\/2022\/05\/Giraffen-Logotyp-Blue-jpg-scaled.jpg\" target=\"_blank\" rel=\"noopener noreferrer\">JPEG<\/a><\/p>\n<h3>Giraffe logo black:<\/h3>\n<p><a href=\"\/wp-content\/uploads\/2022\/05\/Giraffen-Logotyp-Svart-RGB.png\" target=\"_blank\" rel=\"noopener noreferrer\">PNG<\/a><br \/><a style=\"padding-left: 0;\" href=\"\/wp-content\/uploads\/2022\/05\/Giraffen-Logotyp-Svart-CMYK.pdf\" target=\"_blank\" rel=\"noopener noreferrer\">PDF<\/a><br \/><a href=\"\/wp-content\/uploads\/2022\/05\/Giraffen-Logotyp-Svartj-pg-scaled.jpg\">JPEG<\/a><\/p>\n<h3>Giraffe logo white:<\/h3>\n<p><a href=\"\/wp-content\/uploads\/2022\/05\/Giraffen-Logotyp-Vitt-RGB.png\" target=\"_blank\" rel=\"noopener noreferrer\">PNG<\/a><br \/><a style=\"padding-left: 0;\" href=\"\/wp-content\/uploads\/2022\/05\/Giraffen-Logotyp-Vitt-CMYK-1.pdf\" target=\"_blank\" rel=\"noopener noreferrer\">PDF<\/a><br \/><a href=\"\/wp-content\/uploads\/2022\/05\/Giraffen-Logotyp-Vitt-jpg-1-scaled.jpg\" target=\"_blank\" rel=\"noopener noreferrer\">JPEG<\/a><\/p>\n<p>[\/et_pb_text][\/et_pb_column][\/et_pb_row][et_pb_row _builder_version=\"4.16\u2033 _module_preset=\"default\" global_colors_info=\"{}\"][et_pb_column type=\"4_4\u2033 _builder_version=\"4.16\u2033 _module_preset=\u201ddefault\u201d global_colors_info=\u201d{}\u201d][dsm_masonry_gallery gallery_ids=\u201d9018,9019,9020,9021,9022,9023,9024,9026,9025\u2033 _builder_version=\u201d4.16\u2033 _module_preset=\"default\" global_colors_info=\"{}\"][\/dsm_masonry_gallery][\/et_pb_column][\/et_pb_row][\/et_pb_section]<\/p>","protected":false},"excerpt":{"rendered":"<p>Press materialHere you can find the logos of Kvarteret Giraffen for download. The blue one should be used primarily. Giraffe logo blue: PNGPDFJPEG Giraffe logo black: PNGPDFJPEG Giraffe logo white: PNGPDFJPEG<div class=\"et_pb_module dsm_masonry_gallery dsm_masonry_gallery_0\">\n\t\t\t\t\n\t\t\t\t\n\t\t\t\t\n\t\t\t\t\n\t\t\t\t\n\t\t\t\t\n\t\t\t\t<div class=\"et_pb_module_inner\">\n\t\t\t\t\t<div class=\"dsm-gallery grid\" data-lightbox=\"false\" data-horizontalorder=\"true\">\n                <div class=\"grid-sizer\"><\/div><div class=\"gutter-sizer\"><\/div><div class=\"grid-item\">\n                    <div class=\"et_pb_image_wrap\">\n                        <img decoding=\"async\" src=\"https:\/\/www.giraffen.com\/wp-content\/uploads\/2022\/05\/Gul-entre\u0301.jpg\" class=\"skip-lazy\" title=\"Yellow entrance\" alt=\"\" \/>\n                        \n                    <\/div>\n                <\/div><div class=\"grid-item\">\n                    <div class=\"et_pb_image_wrap\">\n                        <img decoding=\"async\" src=\"https:\/\/www.giraffen.com\/wp-content\/uploads\/2022\/05\/DSC02102.jpg\" class=\"skip-lazy\" title=\"DSC02102\" alt=\"\" \/>\n                        \n                    <\/div>\n                <\/div><div class=\"grid-item\">\n                    <div class=\"et_pb_image_wrap\">\n                        <img decoding=\"async\" src=\"https:\/\/www.giraffen.com\/wp-content\/uploads\/2022\/05\/webben.jpg\" class=\"skip-lazy\" title=\"webs\" alt=\"\" \/>\n                        \n                    <\/div>\n                <\/div><div class=\"grid-item\">\n                    <div class=\"et_pb_image_wrap\">\n                        <img decoding=\"async\" src=\"https:\/\/www.giraffen.com\/wp-content\/uploads\/2022\/05\/DSC02925.jpg\" class=\"skip-lazy\" title=\"DSC02925\" alt=\"\" \/>\n                        \n                    <\/div>\n                <\/div><div class=\"grid-item\">\n                    <div class=\"et_pb_image_wrap\">\n                        <img decoding=\"async\" src=\"https:\/\/www.giraffen.com\/wp-content\/uploads\/2022\/05\/DSC02606-2.jpg\" class=\"skip-lazy\" title=\"DSC02606 2\" alt=\"\" \/>\n                        \n                    <\/div>\n                <\/div><div class=\"grid-item\">\n                    <div class=\"et_pb_image_wrap\">\n                        <img decoding=\"async\" src=\"https:\/\/www.giraffen.com\/wp-content\/uploads\/2022\/05\/DSC02740.jpg\" class=\"skip-lazy\" title=\"DSC02740\" alt=\"\" \/>\n                        \n                    <\/div>\n                <\/div><div class=\"grid-item\">\n                    <div class=\"et_pb_image_wrap\">\n                        <img decoding=\"async\" src=\"https:\/\/www.giraffen.com\/wp-content\/uploads\/2022\/05\/Galleriagang-innanfor-rod-entre_EspressoHouse.jpg\" class=\"skip-lazy\" title=\"Gallery aisle inside red entrance_EspressoHouse\" alt=\"\" \/>\n                        \n                    <\/div>\n                <\/div><div class=\"grid-item\">\n                    <div class=\"et_pb_image_wrap\">\n                        <img decoding=\"async\" src=\"https:\/\/www.giraffen.com\/wp-content\/uploads\/2022\/05\/Hemtex-2.jpg\" class=\"skip-lazy\" title=\"\" alt=\"\" \/>\n                        \n                    <\/div>\n                <\/div><div class=\"grid-item\">\n                    <div class=\"et_pb_image_wrap\">\n                        <img decoding=\"async\" src=\"https:\/\/www.giraffen.com\/wp-content\/uploads\/2022\/05\/DSC03152.jpg\" class=\"skip-lazy\" title=\"DSC03152\" alt=\"\" \/>\n                        \n                    <\/div>\n                <\/div>\n             <\/div>\n\t\t\t\t<\/div>\n\t\t\t<\/div><\/p>","protected":false},"author":1,"featured_media":9028,"parent":0,"menu_order":0,"comment_status":"open","ping_status":"open","template":"","meta":{"_et_pb_use_builder":"on","_et_pb_old_content":"<h2>H\u00e4r hittar du Kvarteret Giraffens loggor f\u00f6r nedladdning.<br \/>Den bl\u00e5 ska anv\u00e4ndas prim\u00e4rt.<\/h2><h3>Giraffen logotyp bl\u00e5:<\/h3><p><a href=\"\/wp-content\/uploads\/2022\/05\/Giraffen-Logotyp-Blue-RGB.png\" target=\"_blank\" rel=\"noopener noreferrer\">PNG<\/a><br \/><a style=\"padding-left: 0;\" href=\"\/wp-content\/uploads\/2022\/05\/Giraffen-Logotyp-Blue-CMYK.pdf\" target=\"_blank\" rel=\"noopener noreferrer\">PDF<\/a><br \/><a href=\"\/wp-content\/uploads\/2022\/05\/Giraffen-Logotyp-Blue-jpg-scaled.jpg\" target=\"_blank\" rel=\"noopener noreferrer\">JPEG<\/a><\/p><h3>Giraffen logotyp svart:<\/h3><p><a href=\"\/wp-content\/uploads\/2022\/05\/Giraffen-Logotyp-Svart-RGB.png\" target=\"_blank\" rel=\"noopener noreferrer\">PNG<\/a><br \/><a style=\"padding-left: 0;\" href=\"\/wp-content\/uploads\/2022\/05\/Giraffen-Logotyp-Svart-CMYK.pdf\" target=\"_blank\" rel=\"noopener noreferrer\">PDF<\/a><br \/><a href=\"\/wp-content\/uploads\/2022\/05\/Giraffen-Logotyp-Svartj-pg-scaled.jpg\">JPEG<\/a><\/p><h3>Giraffen logotyp vit:<\/h3><p><a href=\"\/wp-content\/uploads\/2022\/05\/Giraffen-Logotyp-Vitt-RGB.png\" target=\"_blank\" rel=\"noopener noreferrer\">PNG<\/a><br \/><a style=\"padding-left: 0;\" href=\"\/wp-content\/uploads\/2022\/05\/Giraffen-Logotyp-Vitt-CMYK-1.pdf\" target=\"_blank\" rel=\"noopener noreferrer\">PDF<\/a><br \/><a href=\"\/wp-content\/uploads\/2022\/05\/Giraffen-Logotyp-Vitt-jpg-1-scaled.jpg\" target=\"_blank\" rel=\"noopener noreferrer\">JPEG<\/a><\/p>","_et_gb_content_width":"","inline_featured_image":false,"footnotes":""},"class_list":["post-9017","page","type-page","status-publish","has-post-thumbnail","hentry"],"yoast_head":"<!-- This site is optimized with the Yoast SEO plugin v27.3 - https:\/\/yoast.com\/product\/yoast-seo-wordpress\/ -->\n<title>Pressmaterial - Kvarteret Giraffen i Kalmar<\/title>\n<meta name=\"robots\" content=\"index, follow, max-snippet:-1, max-image-preview:large, max-video-preview:-1\" \/>\n<link rel=\"canonical\" href=\"https:\/\/www.giraffen.com\/en\/press-material\/\" \/>\n<meta property=\"og:locale\" content=\"en_GB\" \/>\n<meta property=\"og:type\" content=\"article\" \/>\n<meta property=\"og:title\" content=\"Pressmaterial - Kvarteret Giraffen i Kalmar\" \/>\n<meta property=\"og:description\" content=\"PressmaterialH\u00e4r hittar du Kvarteret Giraffens loggor f\u00f6r nedladdning. Den bl\u00e5 ska anv\u00e4ndas prim\u00e4rt. Giraffen logotyp bl\u00e5: PNGPDFJPEG Giraffen logotyp svart: PNGPDFJPEG Giraffen logotyp vit: PNGPDFJPEG\" \/>\n<meta property=\"og:url\" content=\"https:\/\/www.giraffen.com\/en\/press-material\/\" \/>\n<meta property=\"og:site_name\" content=\"Giraffen.com\" \/>\n<meta property=\"article:modified_time\" content=\"2024-09-20T07:17:07+00:00\" \/>\n<meta property=\"og:image\" content=\"https:\/\/www.giraffen.com\/wp-content\/uploads\/2022\/05\/Giraffen-Logotyp-Blue-RGB.png\" \/>\n\t<meta property=\"og:image:width\" content=\"2560\" \/>\n\t<meta property=\"og:image:height\" content=\"627\" \/>\n\t<meta property=\"og:image:type\" content=\"image\/png\" \/>\n<meta name=\"twitter:card\" content=\"summary_large_image\" \/>\n<meta name=\"twitter:label1\" content=\"Estimated reading time\" \/>\n\t<meta name=\"twitter:data1\" content=\"3 minutes\" \/>\n<script type=\"application\/ld+json\" class=\"yoast-schema-graph\">{\"@context\":\"https:\\\/\\\/schema.org\",\"@graph\":[{\"@type\":\"WebPage\",\"@id\":\"https:\\\/\\\/www.giraffen.com\\\/pressmaterial\\\/\",\"url\":\"https:\\\/\\\/www.giraffen.com\\\/pressmaterial\\\/\",\"name\":\"Pressmaterial - Kvarteret Giraffen i Kalmar\",\"isPartOf\":{\"@id\":\"https:\\\/\\\/www.giraffen.com\\\/en\\\/#website\"},\"primaryImageOfPage\":{\"@id\":\"https:\\\/\\\/www.giraffen.com\\\/pressmaterial\\\/#primaryimage\"},\"image\":{\"@id\":\"https:\\\/\\\/www.giraffen.com\\\/pressmaterial\\\/#primaryimage\"},\"thumbnailUrl\":\"https:\\\/\\\/www.giraffen.com\\\/wp-content\\\/uploads\\\/2022\\\/05\\\/Giraffen-Logotyp-Blue-RGB.png\",\"datePublished\":\"2020-10-09T06:43:42+00:00\",\"dateModified\":\"2024-09-20T07:17:07+00:00\",\"breadcrumb\":{\"@id\":\"https:\\\/\\\/www.giraffen.com\\\/pressmaterial\\\/#breadcrumb\"},\"inLanguage\":\"en-GB\",\"potentialAction\":[{\"@type\":\"ReadAction\",\"target\":[\"https:\\\/\\\/www.giraffen.com\\\/pressmaterial\\\/\"]}]},{\"@type\":\"ImageObject\",\"inLanguage\":\"en-GB\",\"@id\":\"https:\\\/\\\/www.giraffen.com\\\/pressmaterial\\\/#primaryimage\",\"url\":\"https:\\\/\\\/www.giraffen.com\\\/wp-content\\\/uploads\\\/2022\\\/05\\\/Giraffen-Logotyp-Blue-RGB.png\",\"contentUrl\":\"https:\\\/\\\/www.giraffen.com\\\/wp-content\\\/uploads\\\/2022\\\/05\\\/Giraffen-Logotyp-Blue-RGB.png\",\"width\":2560,\"height\":627},{\"@type\":\"BreadcrumbList\",\"@id\":\"https:\\\/\\\/www.giraffen.com\\\/pressmaterial\\\/#breadcrumb\",\"itemListElement\":[{\"@type\":\"ListItem\",\"position\":1,\"name\":\"Hem\",\"item\":\"https:\\\/\\\/www.giraffen.com\\\/en\\\/\"},{\"@type\":\"ListItem\",\"position\":2,\"name\":\"Pressmaterial\"}]},{\"@type\":\"WebSite\",\"@id\":\"https:\\\/\\\/www.giraffen.com\\\/en\\\/#website\",\"url\":\"https:\\\/\\\/www.giraffen.com\\\/en\\\/\",\"name\":\"Giraffen.com\",\"description\":\"Giraffen\",\"publisher\":{\"@id\":\"https:\\\/\\\/www.giraffen.com\\\/en\\\/#organization\"},\"potentialAction\":[{\"@type\":\"SearchAction\",\"target\":{\"@type\":\"EntryPoint\",\"urlTemplate\":\"https:\\\/\\\/www.giraffen.com\\\/en\\\/?s={search_term_string}\"},\"query-input\":{\"@type\":\"PropertyValueSpecification\",\"valueRequired\":true,\"valueName\":\"search_term_string\"}}],\"inLanguage\":\"en-GB\"},{\"@type\":\"Organization\",\"@id\":\"https:\\\/\\\/www.giraffen.com\\\/en\\\/#organization\",\"name\":\"Kvarteret Giraffen\",\"url\":\"https:\\\/\\\/www.giraffen.com\\\/en\\\/\",\"logo\":{\"@type\":\"ImageObject\",\"inLanguage\":\"en-GB\",\"@id\":\"https:\\\/\\\/www.giraffen.com\\\/en\\\/#\\\/schema\\\/logo\\\/image\\\/\",\"url\":\"https:\\\/\\\/www.giraffen.com\\\/wp-content\\\/uploads\\\/2022\\\/05\\\/Giraffen-Logotyp-Blue-jpg-scaled-1.jpeg\",\"contentUrl\":\"https:\\\/\\\/www.giraffen.com\\\/wp-content\\\/uploads\\\/2022\\\/05\\\/Giraffen-Logotyp-Blue-jpg-scaled-1.jpeg\",\"width\":2560,\"height\":627,\"caption\":\"Kvarteret Giraffen\"},\"image\":{\"@id\":\"https:\\\/\\\/www.giraffen.com\\\/en\\\/#\\\/schema\\\/logo\\\/image\\\/\"}}]}<\/script>\n<!-- \/ Yoast SEO plugin. -->","yoast_head_json":{"title":"Pressmaterial - Kvarteret Giraffen i Kalmar","robots":{"index":"index","follow":"follow","max-snippet":"max-snippet:-1","max-image-preview":"max-image-preview:large","max-video-preview":"max-video-preview:-1"},"canonical":"https:\/\/www.giraffen.com\/en\/press-material\/","og_locale":"en_GB","og_type":"article","og_title":"Pressmaterial - Kvarteret Giraffen i Kalmar","og_description":"PressmaterialH\u00e4r hittar du Kvarteret Giraffens loggor f\u00f6r nedladdning. Den bl\u00e5 ska anv\u00e4ndas prim\u00e4rt. Giraffen logotyp bl\u00e5: PNGPDFJPEG Giraffen logotyp svart: PNGPDFJPEG Giraffen logotyp vit: PNGPDFJPEG","og_url":"https:\/\/www.giraffen.com\/en\/press-material\/","og_site_name":"Giraffen.com","article_modified_time":"2024-09-20T07:17:07+00:00","og_image":[{"width":2560,"height":627,"url":"https:\/\/www.giraffen.com\/wp-content\/uploads\/2022\/05\/Giraffen-Logotyp-Blue-RGB.png","type":"image\/png"}],"twitter_card":"summary_large_image","twitter_misc":{"Estimated reading time":"3 minutes"},"schema":{"@context":"https:\/\/schema.org","@graph":[{"@type":"WebPage","@id":"https:\/\/www.giraffen.com\/pressmaterial\/","url":"https:\/\/www.giraffen.com\/pressmaterial\/","name":"Pressmaterial - Kvarteret Giraffen i Kalmar","isPartOf":{"@id":"https:\/\/www.giraffen.com\/en\/#website"},"primaryImageOfPage":{"@id":"https:\/\/www.giraffen.com\/pressmaterial\/#primaryimage"},"image":{"@id":"https:\/\/www.giraffen.com\/pressmaterial\/#primaryimage"},"thumbnailUrl":"https:\/\/www.giraffen.com\/wp-content\/uploads\/2022\/05\/Giraffen-Logotyp-Blue-RGB.png","datePublished":"2020-10-09T06:43:42+00:00","dateModified":"2024-09-20T07:17:07+00:00","breadcrumb":{"@id":"https:\/\/www.giraffen.com\/pressmaterial\/#breadcrumb"},"inLanguage":"en-GB","potentialAction":[{"@type":"ReadAction","target":["https:\/\/www.giraffen.com\/pressmaterial\/"]}]},{"@type":"ImageObject","inLanguage":"en-GB","@id":"https:\/\/www.giraffen.com\/pressmaterial\/#primaryimage","url":"https:\/\/www.giraffen.com\/wp-content\/uploads\/2022\/05\/Giraffen-Logotyp-Blue-RGB.png","contentUrl":"https:\/\/www.giraffen.com\/wp-content\/uploads\/2022\/05\/Giraffen-Logotyp-Blue-RGB.png","width":2560,"height":627},{"@type":"BreadcrumbList","@id":"https:\/\/www.giraffen.com\/pressmaterial\/#breadcrumb","itemListElement":[{"@type":"ListItem","position":1,"name":"Hem","item":"https:\/\/www.giraffen.com\/en\/"},{"@type":"ListItem","position":2,"name":"Pressmaterial"}]},{"@type":"WebSite","@id":"https:\/\/www.giraffen.com\/en\/#website","url":"https:\/\/www.giraffen.com\/en\/","name":"Giraffen.com","description":"Giraffen","publisher":{"@id":"https:\/\/www.giraffen.com\/en\/#organization"},"potentialAction":[{"@type":"SearchAction","target":{"@type":"EntryPoint","urlTemplate":"https:\/\/www.giraffen.com\/en\/?s={search_term_string}"},"query-input":{"@type":"PropertyValueSpecification","valueRequired":true,"valueName":"search_term_string"}}],"inLanguage":"en-GB"},{"@type":"Organization","@id":"https:\/\/www.giraffen.com\/en\/#organization","name":"Kvarteret Giraffen","url":"https:\/\/www.giraffen.com\/en\/","logo":{"@type":"ImageObject","inLanguage":"en-GB","@id":"https:\/\/www.giraffen.com\/en\/#\/schema\/logo\/image\/","url":"https:\/\/www.giraffen.com\/wp-content\/uploads\/2022\/05\/Giraffen-Logotyp-Blue-jpg-scaled-1.jpeg","contentUrl":"https:\/\/www.giraffen.com\/wp-content\/uploads\/2022\/05\/Giraffen-Logotyp-Blue-jpg-scaled-1.jpeg","width":2560,"height":627,"caption":"Kvarteret Giraffen"},"image":{"@id":"https:\/\/www.giraffen.com\/en\/#\/schema\/logo\/image\/"}}]}},"_links":{"self":[{"href":"https:\/\/www.giraffen.com\/en\/wp-json\/wp\/v2\/pages\/9017","targetHints":{"allow":["GET"]}}],"collection":[{"href":"https:\/\/www.giraffen.com\/en\/wp-json\/wp\/v2\/pages"}],"about":[{"href":"https:\/\/www.giraffen.com\/en\/wp-json\/wp\/v2\/types\/page"}],"author":[{"embeddable":true,"href":"https:\/\/www.giraffen.com\/en\/wp-json\/wp\/v2\/users\/1"}],"replies":[{"embeddable":true,"href":"https:\/\/www.giraffen.com\/en\/wp-json\/wp\/v2\/comments?post=9017"}],"version-history":[{"count":0,"href":"https:\/\/www.giraffen.com\/en\/wp-json\/wp\/v2\/pages\/9017\/revisions"}],"wp:featuredmedia":[{"embeddable":true,"href":"https:\/\/www.giraffen.com\/en\/wp-json\/wp\/v2\/media\/9028"}],"wp:attachment":[{"href":"https:\/\/www.giraffen.com\/en\/wp-json\/wp\/v2\/media?parent=9017"}],"curies":[{"name":"wp","href":"https:\/\/api.w.org\/{rel}","templated":true}]}}